{"id":3848,"date":"2023-07-21T13:31:54","date_gmt":"2023-07-21T13:31:54","guid":{"rendered":"https:\/\/handybizuteria.pl\/?post_type=product&#038;p=3848"},"modified":"2024-03-09T15:08:30","modified_gmt":"2024-03-09T15:08:30","slug":"pierscionek-pozlacany-yvone-9","status":"publish","type":"product","link":"https:\/\/handybizuteria.pl\/index.php\/produkt\/pierscionek-pozlacany-yvone-9\/","title":{"rendered":"Pier\u015bcionek poz\u0142acany &#8211; Yvone"},"content":{"rendered":"<p>Pier\u015bcionek marki Yvone. Pi\u0119kna oryginalna bi\u017cuteria wykonana z poz\u0142acanego antyalergicznego mosi\u0105dzu i barwnej emalii. Pier\u015bcionek wspaniale prezentuje si\u0119 na d\u0142oni, szczeg\u00f3lnie w zestawieniu z innymi pier\u015bcionkami tej samej serii. Pier\u015bcionek posiada regulacj\u0119 dzi\u0119ki, kt\u00f3rej mo\u017cna go dopasowa\u0107 do wymaganego rozmiaru.<\/p>\n<p>Firma Yvone istnieje na naszym rynku ju\u017c 17 lat. Ja sama posiadam w swojej bi\u017cuteryjnej kolekcji ich pierwsze wyroby, kt\u00f3re zakupi\u0142am w markowym sklepie z bi\u017cuteri\u0105 i kt\u00f3re do dnia dzisiejszego kompletnie nie zmieni\u0142y wygl\u0105du &#8211; dlatego serdecznie polecam ich produkty.<\/p>\n","protected":false},"excerpt":{"rendered":"<h6 style=\"text-align: left;\">Pi\u0119kny, oryginalny wz\u00f3r i niebanalna kolorystyka<\/h6>\n<p style=\"text-align: left;\">Pier\u015bcionek wykonany z poz\u0142acanego antyalergicznego mosi\u0105dzu.<\/p>\n<p style=\"text-align: left;\">Wspaniale prezentuje si\u0119 zar\u00f3wno w pojedynk\u0119, jak i w zestawieniu z innymi wzorami pier\u015bcionk\u00f3w z tej samej serii.<\/p>\n<p style=\"text-align: left;\">Produkt oferowany jest w markowym pude\u0142eczku (gratis). Idealnie nadaje si\u0119 na prezent.<\/p>\n","protected":false},"featured_media":3849,"comment_status":"open","ping_status":"closed","template":"","meta":{"_uag_custom_page_level_css":"","site-sidebar-layout":"default","site-content-layout":"default","ast-global-header-display":"","ast-banner-title-visibility":"","ast-main-header-display":"","ast-hfb-above-header-display":"","ast-hfb-below-header-display":"","ast-hfb-mobile-header-display":"","site-post-title":"","ast-breadcrumbs-content":"","ast-featured-img":"","footer-sml-layout":"","theme-transparent-header-meta":"default","adv-header-id-meta":"","stick-header-meta":"default","header-above-stick-meta":"","header-main-stick-meta":"","header-below-stick-meta":""},"product_brand":[],"product_cat":[369,367,85,344,345,322],"product_tag":[],"class_list":{"0":"post-3848","1":"product","2":"type-product","3":"status-publish","4":"has-post-thumbnail","6":"product_cat-pierscionki-pierscionki","7":"product_cat-z-regulacja","8":"product_cat-pierscionki","9":"product_cat-pierscionki-yvone-2","10":"product_cat-yvone-pierscionki","11":"product_cat-kolekcja-yvone","12":"desktop-align-left","13":"tablet-align-left","14":"mobile-align-left","16":"first","17":"instock","18":"sale","19":"featured","20":"sold-individually","21":"shipping-taxable","22":"purchasable","23":"product-type-simple"},"yoast_head":"<!-- This site is optimized with the Yoast SEO plugin v26.3 - https:\/\/yoast.com\/wordpress\/plugins\/seo\/ -->\n<title>Pier\u015bcionek poz\u0142acany - Yvone - handybizuteria.pl - sklep z r\u0119cznie robion\u0105 bi\u017cuteri\u0105<\/title>\n<meta name=\"description\" content=\"%\" \/>\n<meta name=\"robots\" content=\"index, follow, max-snippet:-1, max-image-preview:large, max-video-preview:-1\" \/>\n<link rel=\"canonical\" href=\"https:\/\/handybizuteria.pl\/index.php\/produkt\/pierscionek-pozlacany-yvone-9\/\" \/>\n<meta property=\"og:locale\" content=\"pl_PL\" \/>\n<meta property=\"og:type\" content=\"article\" \/>\n<meta property=\"og:title\" content=\"Pier\u015bcionek poz\u0142acany - Yvone - handybizuteria.pl - sklep z r\u0119cznie robion\u0105 bi\u017cuteri\u0105\" \/>\n<meta property=\"og:description\" content=\"%\" \/>\n<meta property=\"og:url\" content=\"https:\/\/handybizuteria.pl\/index.php\/produkt\/pierscionek-pozlacany-yvone-9\/\" \/>\n<meta property=\"og:site_name\" content=\"handybizuteria.pl - sklep z r\u0119cznie robion\u0105 bi\u017cuteri\u0105\" \/>\n<meta property=\"article:modified_time\" content=\"2024-03-09T15:08:30+00:00\" \/>\n<meta property=\"og:image\" content=\"https:\/\/handybizuteria.pl\/wp-content\/uploads\/2023\/07\/0040035_pierscionek-z-pozlacanego-mosiadzu-r00112_500.jpeg\" \/>\n\t<meta property=\"og:image:width\" content=\"500\" \/>\n\t<meta property=\"og:image:height\" content=\"500\" \/>\n\t<meta property=\"og:image:type\" content=\"image\/jpeg\" \/>\n<meta name=\"twitter:card\" content=\"summary_large_image\" \/>\n<meta name=\"twitter:label1\" content=\"Szacowany czas czytania\" \/>\n\t<meta name=\"twitter:data1\" content=\"1 minuta\" \/>\n<script type=\"application\/ld+json\" class=\"yoast-schema-graph\">{\"@context\":\"https:\/\/schema.org\",\"@graph\":[{\"@type\":\"WebPage\",\"@id\":\"https:\/\/handybizuteria.pl\/index.php\/produkt\/pierscionek-pozlacany-yvone-9\/\",\"url\":\"https:\/\/handybizuteria.pl\/index.php\/produkt\/pierscionek-pozlacany-yvone-9\/\",\"name\":\"Pier\u015bcionek poz\u0142acany - Yvone - handybizuteria.pl - sklep z r\u0119cznie robion\u0105 bi\u017cuteri\u0105\",\"isPartOf\":{\"@id\":\"https:\/\/handybizuteria.pl\/#website\"},\"primaryImageOfPage\":{\"@id\":\"https:\/\/handybizuteria.pl\/index.php\/produkt\/pierscionek-pozlacany-yvone-9\/#primaryimage\"},\"image\":{\"@id\":\"https:\/\/handybizuteria.pl\/index.php\/produkt\/pierscionek-pozlacany-yvone-9\/#primaryimage\"},\"thumbnailUrl\":\"https:\/\/handybizuteria.pl\/wp-content\/uploads\/2023\/07\/0040035_pierscionek-z-pozlacanego-mosiadzu-r00112_500.jpeg\",\"datePublished\":\"2023-07-21T13:31:54+00:00\",\"dateModified\":\"2024-03-09T15:08:30+00:00\",\"description\":\"%\",\"breadcrumb\":{\"@id\":\"https:\/\/handybizuteria.pl\/index.php\/produkt\/pierscionek-pozlacany-yvone-9\/#breadcrumb\"},\"inLanguage\":\"pl-PL\",\"potentialAction\":[{\"@type\":\"ReadAction\",\"target\":[\"https:\/\/handybizuteria.pl\/index.php\/produkt\/pierscionek-pozlacany-yvone-9\/\"]}]},{\"@type\":\"ImageObject\",\"inLanguage\":\"pl-PL\",\"@id\":\"https:\/\/handybizuteria.pl\/index.php\/produkt\/pierscionek-pozlacany-yvone-9\/#primaryimage\",\"url\":\"https:\/\/handybizuteria.pl\/wp-content\/uploads\/2023\/07\/0040035_pierscionek-z-pozlacanego-mosiadzu-r00112_500.jpeg\",\"contentUrl\":\"https:\/\/handybizuteria.pl\/wp-content\/uploads\/2023\/07\/0040035_pierscionek-z-pozlacanego-mosiadzu-r00112_500.jpeg\",\"width\":500,\"height\":500},{\"@type\":\"BreadcrumbList\",\"@id\":\"https:\/\/handybizuteria.pl\/index.php\/produkt\/pierscionek-pozlacany-yvone-9\/#breadcrumb\",\"itemListElement\":[{\"@type\":\"ListItem\",\"position\":1,\"name\":\"Strona g\u0142\u00f3wna\",\"item\":\"https:\/\/handybizuteria.pl\/\"},{\"@type\":\"ListItem\",\"position\":2,\"name\":\"Sklep\",\"item\":\"https:\/\/handybizuteria.pl\/index.php\/sklep\/\"},{\"@type\":\"ListItem\",\"position\":3,\"name\":\"Pier\u015bcionek poz\u0142acany &#8211; Yvone\"}]},{\"@type\":\"WebSite\",\"@id\":\"https:\/\/handybizuteria.pl\/#website\",\"url\":\"https:\/\/handybizuteria.pl\/\",\"name\":\"handybizuteria.pl - sklep z r\u0119cznie robion\u0105 bi\u017cuteri\u0105\",\"description\":\"handybizuteria.pl - sklep z r\u0119cznie robion\u0105 bi\u017cuteri\u0105\",\"publisher\":{\"@id\":\"https:\/\/handybizuteria.pl\/#organization\"},\"potentialAction\":[{\"@type\":\"SearchAction\",\"target\":{\"@type\":\"EntryPoint\",\"urlTemplate\":\"https:\/\/handybizuteria.pl\/?s={search_term_string}\"},\"query-input\":{\"@type\":\"PropertyValueSpecification\",\"valueRequired\":true,\"valueName\":\"search_term_string\"}}],\"inLanguage\":\"pl-PL\"},{\"@type\":\"Organization\",\"@id\":\"https:\/\/handybizuteria.pl\/#organization\",\"name\":\"handybizuteria.pl - sklep z r\u0119cznie robion\u0105 bi\u017cuteri\u0105\",\"url\":\"https:\/\/handybizuteria.pl\/\",\"logo\":{\"@type\":\"ImageObject\",\"inLanguage\":\"pl-PL\",\"@id\":\"https:\/\/handybizuteria.pl\/#\/schema\/logo\/image\/\",\"url\":\"https:\/\/handybizuteria.pl\/wp-content\/uploads\/2020\/08\/cropped-handy-logo-full-black.png\",\"contentUrl\":\"https:\/\/handybizuteria.pl\/wp-content\/uploads\/2020\/08\/cropped-handy-logo-full-black.png\",\"width\":2379,\"height\":1605,\"caption\":\"handybizuteria.pl - sklep z r\u0119cznie robion\u0105 bi\u017cuteri\u0105\"},\"image\":{\"@id\":\"https:\/\/handybizuteria.pl\/#\/schema\/logo\/image\/\"}}]}<\/script>\n<!-- \/ Yoast SEO plugin. -->","yoast_head_json":{"title":"Pier\u015bcionek poz\u0142acany - Yvone - handybizuteria.pl - sklep z r\u0119cznie robion\u0105 bi\u017cuteri\u0105","description":"%","robots":{"index":"index","follow":"follow","max-snippet":"max-snippet:-1","max-image-preview":"max-image-preview:large","max-video-preview":"max-video-preview:-1"},"canonical":"https:\/\/handybizuteria.pl\/index.php\/produkt\/pierscionek-pozlacany-yvone-9\/","og_locale":"pl_PL","og_type":"article","og_title":"Pier\u015bcionek poz\u0142acany - Yvone - handybizuteria.pl - sklep z r\u0119cznie robion\u0105 bi\u017cuteri\u0105","og_description":"%","og_url":"https:\/\/handybizuteria.pl\/index.php\/produkt\/pierscionek-pozlacany-yvone-9\/","og_site_name":"handybizuteria.pl - sklep z r\u0119cznie robion\u0105 bi\u017cuteri\u0105","article_modified_time":"2024-03-09T15:08:30+00:00","og_image":[{"width":500,"height":500,"url":"https:\/\/handybizuteria.pl\/wp-content\/uploads\/2023\/07\/0040035_pierscionek-z-pozlacanego-mosiadzu-r00112_500.jpeg","type":"image\/jpeg"}],"twitter_card":"summary_large_image","twitter_misc":{"Szacowany czas czytania":"1 minuta"},"schema":{"@context":"https:\/\/schema.org","@graph":[{"@type":"WebPage","@id":"https:\/\/handybizuteria.pl\/index.php\/produkt\/pierscionek-pozlacany-yvone-9\/","url":"https:\/\/handybizuteria.pl\/index.php\/produkt\/pierscionek-pozlacany-yvone-9\/","name":"Pier\u015bcionek poz\u0142acany - Yvone - handybizuteria.pl - sklep z r\u0119cznie robion\u0105 bi\u017cuteri\u0105","isPartOf":{"@id":"https:\/\/handybizuteria.pl\/#website"},"primaryImageOfPage":{"@id":"https:\/\/handybizuteria.pl\/index.php\/produkt\/pierscionek-pozlacany-yvone-9\/#primaryimage"},"image":{"@id":"https:\/\/handybizuteria.pl\/index.php\/produkt\/pierscionek-pozlacany-yvone-9\/#primaryimage"},"thumbnailUrl":"https:\/\/handybizuteria.pl\/wp-content\/uploads\/2023\/07\/0040035_pierscionek-z-pozlacanego-mosiadzu-r00112_500.jpeg","datePublished":"2023-07-21T13:31:54+00:00","dateModified":"2024-03-09T15:08:30+00:00","description":"%","breadcrumb":{"@id":"https:\/\/handybizuteria.pl\/index.php\/produkt\/pierscionek-pozlacany-yvone-9\/#breadcrumb"},"inLanguage":"pl-PL","potentialAction":[{"@type":"ReadAction","target":["https:\/\/handybizuteria.pl\/index.php\/produkt\/pierscionek-pozlacany-yvone-9\/"]}]},{"@type":"ImageObject","inLanguage":"pl-PL","@id":"https:\/\/handybizuteria.pl\/index.php\/produkt\/pierscionek-pozlacany-yvone-9\/#primaryimage","url":"https:\/\/handybizuteria.pl\/wp-content\/uploads\/2023\/07\/0040035_pierscionek-z-pozlacanego-mosiadzu-r00112_500.jpeg","contentUrl":"https:\/\/handybizuteria.pl\/wp-content\/uploads\/2023\/07\/0040035_pierscionek-z-pozlacanego-mosiadzu-r00112_500.jpeg","width":500,"height":500},{"@type":"BreadcrumbList","@id":"https:\/\/handybizuteria.pl\/index.php\/produkt\/pierscionek-pozlacany-yvone-9\/#breadcrumb","itemListElement":[{"@type":"ListItem","position":1,"name":"Strona g\u0142\u00f3wna","item":"https:\/\/handybizuteria.pl\/"},{"@type":"ListItem","position":2,"name":"Sklep","item":"https:\/\/handybizuteria.pl\/index.php\/sklep\/"},{"@type":"ListItem","position":3,"name":"Pier\u015bcionek poz\u0142acany &#8211; Yvone"}]},{"@type":"WebSite","@id":"https:\/\/handybizuteria.pl\/#website","url":"https:\/\/handybizuteria.pl\/","name":"handybizuteria.pl - sklep z r\u0119cznie robion\u0105 bi\u017cuteri\u0105","description":"handybizuteria.pl - sklep z r\u0119cznie robion\u0105 bi\u017cuteri\u0105","publisher":{"@id":"https:\/\/handybizuteria.pl\/#organization"},"potentialAction":[{"@type":"SearchAction","target":{"@type":"EntryPoint","urlTemplate":"https:\/\/handybizuteria.pl\/?s={search_term_string}"},"query-input":{"@type":"PropertyValueSpecification","valueRequired":true,"valueName":"search_term_string"}}],"inLanguage":"pl-PL"},{"@type":"Organization","@id":"https:\/\/handybizuteria.pl\/#organization","name":"handybizuteria.pl - sklep z r\u0119cznie robion\u0105 bi\u017cuteri\u0105","url":"https:\/\/handybizuteria.pl\/","logo":{"@type":"ImageObject","inLanguage":"pl-PL","@id":"https:\/\/handybizuteria.pl\/#\/schema\/logo\/image\/","url":"https:\/\/handybizuteria.pl\/wp-content\/uploads\/2020\/08\/cropped-handy-logo-full-black.png","contentUrl":"https:\/\/handybizuteria.pl\/wp-content\/uploads\/2020\/08\/cropped-handy-logo-full-black.png","width":2379,"height":1605,"caption":"handybizuteria.pl - sklep z r\u0119cznie robion\u0105 bi\u017cuteri\u0105"},"image":{"@id":"https:\/\/handybizuteria.pl\/#\/schema\/logo\/image\/"}}]}},"uagb_featured_image_src":{"full":["https:\/\/handybizuteria.pl\/wp-content\/uploads\/2023\/07\/0040035_pierscionek-z-pozlacanego-mosiadzu-r00112_500.jpeg",500,500,false],"thumbnail":["https:\/\/handybizuteria.pl\/wp-content\/uploads\/2023\/07\/0040035_pierscionek-z-pozlacanego-mosiadzu-r00112_500-150x150.jpeg",150,150,true],"medium":["https:\/\/handybizuteria.pl\/wp-content\/uploads\/2023\/07\/0040035_pierscionek-z-pozlacanego-mosiadzu-r00112_500-300x300.jpeg",300,300,true],"medium_large":["https:\/\/handybizuteria.pl\/wp-content\/uploads\/2023\/07\/0040035_pierscionek-z-pozlacanego-mosiadzu-r00112_500.jpeg",500,500,false],"large":["https:\/\/handybizuteria.pl\/wp-content\/uploads\/2023\/07\/0040035_pierscionek-z-pozlacanego-mosiadzu-r00112_500.jpeg",500,500,false],"1536x1536":["https:\/\/handybizuteria.pl\/wp-content\/uploads\/2023\/07\/0040035_pierscionek-z-pozlacanego-mosiadzu-r00112_500.jpeg",500,500,false],"2048x2048":["https:\/\/handybizuteria.pl\/wp-content\/uploads\/2023\/07\/0040035_pierscionek-z-pozlacanego-mosiadzu-r00112_500.jpeg",500,500,false],"woocommerce_thumbnail":["https:\/\/handybizuteria.pl\/wp-content\/uploads\/2023\/07\/0040035_pierscionek-z-pozlacanego-mosiadzu-r00112_500-300x300.jpeg",300,300,true],"woocommerce_single":["https:\/\/handybizuteria.pl\/wp-content\/uploads\/2023\/07\/0040035_pierscionek-z-pozlacanego-mosiadzu-r00112_500.jpeg",500,500,false],"woocommerce_gallery_thumbnail":["https:\/\/handybizuteria.pl\/wp-content\/uploads\/2023\/07\/0040035_pierscionek-z-pozlacanego-mosiadzu-r00112_500-100x100.jpeg",100,100,true]},"uagb_author_info":{"display_name":"Aga Laufer","author_link":"https:\/\/handybizuteria.pl\/index.php\/author\/"},"uagb_comment_info":1,"uagb_excerpt":"Pi\u0119kny, oryginalny wz\u00f3r i niebanalna kolorystyka Pier\u015bcionek wykonany z poz\u0142acanego antyalergicznego mosi\u0105dzu. Wspaniale prezentuje si\u0119 zar\u00f3wno w pojedynk\u0119, jak i w zestawieniu z innymi wzorami pier\u015bcionk\u00f3w z tej samej serii. Produkt oferowany jest w markowym pude\u0142eczku (gratis). Idealnie nadaje si\u0119 na prezent.","_links":{"self":[{"href":"https:\/\/handybizuteria.pl\/index.php\/wp-json\/wp\/v2\/product\/3848","targetHints":{"allow":["GET"]}}],"collection":[{"href":"https:\/\/handybizuteria.pl\/index.php\/wp-json\/wp\/v2\/product"}],"about":[{"href":"https:\/\/handybizuteria.pl\/index.php\/wp-json\/wp\/v2\/types\/product"}],"replies":[{"embeddable":true,"href":"https:\/\/handybizuteria.pl\/index.php\/wp-json\/wp\/v2\/comments?post=3848"}],"wp:featuredmedia":[{"embeddable":true,"href":"https:\/\/handybizuteria.pl\/index.php\/wp-json\/wp\/v2\/media\/3849"}],"wp:attachment":[{"href":"https:\/\/handybizuteria.pl\/index.php\/wp-json\/wp\/v2\/media?parent=3848"}],"wp:term":[{"taxonomy":"product_brand","embeddable":true,"href":"https:\/\/handybizuteria.pl\/index.php\/wp-json\/wp\/v2\/product_brand?post=3848"},{"taxonomy":"product_cat","embeddable":true,"href":"https:\/\/handybizuteria.pl\/index.php\/wp-json\/wp\/v2\/product_cat?post=3848"},{"taxonomy":"product_tag","embeddable":true,"href":"https:\/\/handybizuteria.pl\/index.php\/wp-json\/wp\/v2\/product_tag?post=3848"}],"curies":[{"name":"wp","href":"https:\/\/api.w.org\/{rel}","templated":true}]}}