{"id":3764,"date":"2023-07-19T17:53:44","date_gmt":"2023-07-19T17:53:44","guid":{"rendered":"https:\/\/handybizuteria.pl\/?post_type=product&#038;p=3764"},"modified":"2024-03-09T20:52:40","modified_gmt":"2024-03-09T20:52:40","slug":"broszka-wisior-smok-yvone-l","status":"publish","type":"product","link":"https:\/\/handybizuteria.pl\/index.php\/produkt\/broszka-wisior-smok-yvone-l\/","title":{"rendered":"Broszka\/Wisior SMOK &#8211; Yvone (L)"},"content":{"rendered":"<p>\u015aredniej wielko\u015bci Broszka\/Wisior marki Yvone. Pi\u0119kna oryginalna bi\u017cuteria, kt\u00f3ra nadaje charakteru ka\u017cdej stylizacji. Jest tak wyj\u0105tkowa, \u017ce mo\u017ce gra\u0107 pierwsze skrzypce, ale odpowiednio wkomponowana b\u0119dzie stanowi\u0107 wspania\u0142e uzupe\u0142nienie danej stylizacji. Najwy\u017cszej jako\u015bci produkt wykonany z antyalergicznego metalu, emalii i fasetowanego szk\u0142a. Brosza zawiera agrafkowe zapi\u0119cie, a dzi\u0119ki dodatkowemu oczku mo\u017ce by\u0107 noszona r\u00f3wnie\u017c jako wisior. Metal z kt\u00f3rego jest wykonana wygl\u0105da bardzo szlachetnie, jest trwa\u0142y i nie \u015bniedzieje.<\/p>\n<p>Firma Yvone istnieje na naszym rynku ju\u017c 17 lat. Ja sama posiadam w swojej bi\u017cuteryjnej kolekcji ich pierwsze wyroby, kt\u00f3re zakupi\u0142am w markowym sklepie z bi\u017cuteri\u0105 i kt\u00f3re do dnia dzisiejszego kompletnie nie zmieni\u0142y wygl\u0105du &#8211; dlatego serdecznie polecam ich produkty.<\/p>\n","protected":false},"excerpt":{"rendered":"<h6 style=\"text-align: left;\">Pi\u0119kny, oryginalny wz\u00f3r i intryguj\u0105ca kolorystyka<\/h6>\n<p style=\"text-align: left;\">Broszka\/Wisior mo\u017ce by\u0107 uzupe\u0142nieniem zar\u00f3wno kreacji wieczorowych, jak i wyr\u00f3\u017cniaj\u0105cym si\u0119 dodatkiem w codziennej stylistyce &#8211; wszystko zale\u017cy od naszej wyobra\u017ani.<\/p>\n<p style=\"text-align: left;\">Produkt oferowany jest w markowym pude\u0142eczku (gratis) w kolorze ostrego r\u00f3\u017cu. Idealnie nadaje si\u0119 na prezent.<\/p>\n","protected":false},"featured_media":3765,"comment_status":"open","ping_status":"closed","template":"","meta":{"_uag_custom_page_level_css":"","site-sidebar-layout":"default","site-content-layout":"default","ast-global-header-display":"","ast-banner-title-visibility":"","ast-main-header-display":"","ast-hfb-above-header-display":"","ast-hfb-below-header-display":"","ast-hfb-mobile-header-display":"","site-post-title":"","ast-breadcrumbs-content":"","ast-featured-img":"","footer-sml-layout":"","theme-transparent-header-meta":"default","adv-header-id-meta":"","stick-header-meta":"default","header-above-stick-meta":"","header-main-stick-meta":"","header-below-stick-meta":""},"product_brand":[],"product_cat":[351,354,353,355,349,350,322],"product_tag":[],"class_list":{"0":"post-3764","1":"product","2":"type-product","3":"status-publish","4":"has-post-thumbnail","6":"product_cat-yvone-broszki-2","7":"product_cat-yvone-wisiorki-2","8":"product_cat-wisiorki-2","9":"product_cat-wisiorki-yvone-2","10":"product_cat-broszki","11":"product_cat-broszki-2","12":"product_cat-kolekcja-yvone","13":"desktop-align-left","14":"tablet-align-left","15":"mobile-align-left","17":"first","18":"onbackorder","19":"sale","20":"featured","21":"sold-individually","22":"shipping-taxable","23":"purchasable","24":"product-type-simple"},"yoast_head":"<!-- This site is optimized with the Yoast SEO plugin v26.3 - https:\/\/yoast.com\/wordpress\/plugins\/seo\/ -->\n<title>Broszka\/Wisior SMOK - Yvone (L) - handybizuteria.pl - sklep z r\u0119cznie robion\u0105 bi\u017cuteri\u0105<\/title>\n<meta name=\"description\" content=\"%\" \/>\n<meta name=\"robots\" content=\"index, follow, max-snippet:-1, max-image-preview:large, max-video-preview:-1\" \/>\n<link rel=\"canonical\" href=\"https:\/\/handybizuteria.pl\/index.php\/produkt\/broszka-wisior-smok-yvone-l\/\" \/>\n<meta property=\"og:locale\" content=\"pl_PL\" \/>\n<meta property=\"og:type\" content=\"article\" \/>\n<meta property=\"og:title\" content=\"Broszka\/Wisior SMOK - Yvone (L) - handybizuteria.pl - sklep z r\u0119cznie robion\u0105 bi\u017cuteri\u0105\" \/>\n<meta property=\"og:description\" content=\"%\" \/>\n<meta property=\"og:url\" content=\"https:\/\/handybizuteria.pl\/index.php\/produkt\/broszka-wisior-smok-yvone-l\/\" \/>\n<meta property=\"og:site_name\" content=\"handybizuteria.pl - sklep z r\u0119cznie robion\u0105 bi\u017cuteri\u0105\" \/>\n<meta property=\"article:modified_time\" content=\"2024-03-09T20:52:40+00:00\" \/>\n<meta property=\"og:image\" content=\"https:\/\/handybizuteria.pl\/wp-content\/uploads\/2023\/07\/0040209_broszka-br00212_500.jpeg\" \/>\n\t<meta property=\"og:image:width\" content=\"500\" \/>\n\t<meta property=\"og:image:height\" content=\"500\" \/>\n\t<meta property=\"og:image:type\" content=\"image\/jpeg\" \/>\n<meta name=\"twitter:card\" content=\"summary_large_image\" \/>\n<meta name=\"twitter:label1\" content=\"Szacowany czas czytania\" \/>\n\t<meta name=\"twitter:data1\" content=\"1 minuta\" \/>\n<script type=\"application\/ld+json\" class=\"yoast-schema-graph\">{\"@context\":\"https:\/\/schema.org\",\"@graph\":[{\"@type\":\"WebPage\",\"@id\":\"https:\/\/handybizuteria.pl\/index.php\/produkt\/broszka-wisior-smok-yvone-l\/\",\"url\":\"https:\/\/handybizuteria.pl\/index.php\/produkt\/broszka-wisior-smok-yvone-l\/\",\"name\":\"Broszka\/Wisior SMOK - Yvone (L) - handybizuteria.pl - sklep z r\u0119cznie robion\u0105 bi\u017cuteri\u0105\",\"isPartOf\":{\"@id\":\"https:\/\/handybizuteria.pl\/#website\"},\"primaryImageOfPage\":{\"@id\":\"https:\/\/handybizuteria.pl\/index.php\/produkt\/broszka-wisior-smok-yvone-l\/#primaryimage\"},\"image\":{\"@id\":\"https:\/\/handybizuteria.pl\/index.php\/produkt\/broszka-wisior-smok-yvone-l\/#primaryimage\"},\"thumbnailUrl\":\"https:\/\/handybizuteria.pl\/wp-content\/uploads\/2023\/07\/0040209_broszka-br00212_500.jpeg\",\"datePublished\":\"2023-07-19T17:53:44+00:00\",\"dateModified\":\"2024-03-09T20:52:40+00:00\",\"description\":\"%\",\"breadcrumb\":{\"@id\":\"https:\/\/handybizuteria.pl\/index.php\/produkt\/broszka-wisior-smok-yvone-l\/#breadcrumb\"},\"inLanguage\":\"pl-PL\",\"potentialAction\":[{\"@type\":\"ReadAction\",\"target\":[\"https:\/\/handybizuteria.pl\/index.php\/produkt\/broszka-wisior-smok-yvone-l\/\"]}]},{\"@type\":\"ImageObject\",\"inLanguage\":\"pl-PL\",\"@id\":\"https:\/\/handybizuteria.pl\/index.php\/produkt\/broszka-wisior-smok-yvone-l\/#primaryimage\",\"url\":\"https:\/\/handybizuteria.pl\/wp-content\/uploads\/2023\/07\/0040209_broszka-br00212_500.jpeg\",\"contentUrl\":\"https:\/\/handybizuteria.pl\/wp-content\/uploads\/2023\/07\/0040209_broszka-br00212_500.jpeg\",\"width\":500,\"height\":500},{\"@type\":\"BreadcrumbList\",\"@id\":\"https:\/\/handybizuteria.pl\/index.php\/produkt\/broszka-wisior-smok-yvone-l\/#breadcrumb\",\"itemListElement\":[{\"@type\":\"ListItem\",\"position\":1,\"name\":\"Strona g\u0142\u00f3wna\",\"item\":\"https:\/\/handybizuteria.pl\/\"},{\"@type\":\"ListItem\",\"position\":2,\"name\":\"Sklep\",\"item\":\"https:\/\/handybizuteria.pl\/index.php\/sklep\/\"},{\"@type\":\"ListItem\",\"position\":3,\"name\":\"Broszka\/Wisior SMOK &#8211; Yvone (L)\"}]},{\"@type\":\"WebSite\",\"@id\":\"https:\/\/handybizuteria.pl\/#website\",\"url\":\"https:\/\/handybizuteria.pl\/\",\"name\":\"handybizuteria.pl - sklep z r\u0119cznie robion\u0105 bi\u017cuteri\u0105\",\"description\":\"handybizuteria.pl - sklep z r\u0119cznie robion\u0105 bi\u017cuteri\u0105\",\"publisher\":{\"@id\":\"https:\/\/handybizuteria.pl\/#organization\"},\"potentialAction\":[{\"@type\":\"SearchAction\",\"target\":{\"@type\":\"EntryPoint\",\"urlTemplate\":\"https:\/\/handybizuteria.pl\/?s={search_term_string}\"},\"query-input\":{\"@type\":\"PropertyValueSpecification\",\"valueRequired\":true,\"valueName\":\"search_term_string\"}}],\"inLanguage\":\"pl-PL\"},{\"@type\":\"Organization\",\"@id\":\"https:\/\/handybizuteria.pl\/#organization\",\"name\":\"handybizuteria.pl - sklep z r\u0119cznie robion\u0105 bi\u017cuteri\u0105\",\"url\":\"https:\/\/handybizuteria.pl\/\",\"logo\":{\"@type\":\"ImageObject\",\"inLanguage\":\"pl-PL\",\"@id\":\"https:\/\/handybizuteria.pl\/#\/schema\/logo\/image\/\",\"url\":\"https:\/\/handybizuteria.pl\/wp-content\/uploads\/2020\/08\/cropped-handy-logo-full-black.png\",\"contentUrl\":\"https:\/\/handybizuteria.pl\/wp-content\/uploads\/2020\/08\/cropped-handy-logo-full-black.png\",\"width\":2379,\"height\":1605,\"caption\":\"handybizuteria.pl - sklep z r\u0119cznie robion\u0105 bi\u017cuteri\u0105\"},\"image\":{\"@id\":\"https:\/\/handybizuteria.pl\/#\/schema\/logo\/image\/\"}}]}<\/script>\n<!-- \/ Yoast SEO plugin. -->","yoast_head_json":{"title":"Broszka\/Wisior SMOK - Yvone (L) - handybizuteria.pl - sklep z r\u0119cznie robion\u0105 bi\u017cuteri\u0105","description":"%","robots":{"index":"index","follow":"follow","max-snippet":"max-snippet:-1","max-image-preview":"max-image-preview:large","max-video-preview":"max-video-preview:-1"},"canonical":"https:\/\/handybizuteria.pl\/index.php\/produkt\/broszka-wisior-smok-yvone-l\/","og_locale":"pl_PL","og_type":"article","og_title":"Broszka\/Wisior SMOK - Yvone (L) - handybizuteria.pl - sklep z r\u0119cznie robion\u0105 bi\u017cuteri\u0105","og_description":"%","og_url":"https:\/\/handybizuteria.pl\/index.php\/produkt\/broszka-wisior-smok-yvone-l\/","og_site_name":"handybizuteria.pl - sklep z r\u0119cznie robion\u0105 bi\u017cuteri\u0105","article_modified_time":"2024-03-09T20:52:40+00:00","og_image":[{"width":500,"height":500,"url":"https:\/\/handybizuteria.pl\/wp-content\/uploads\/2023\/07\/0040209_broszka-br00212_500.jpeg","type":"image\/jpeg"}],"twitter_card":"summary_large_image","twitter_misc":{"Szacowany czas czytania":"1 minuta"},"schema":{"@context":"https:\/\/schema.org","@graph":[{"@type":"WebPage","@id":"https:\/\/handybizuteria.pl\/index.php\/produkt\/broszka-wisior-smok-yvone-l\/","url":"https:\/\/handybizuteria.pl\/index.php\/produkt\/broszka-wisior-smok-yvone-l\/","name":"Broszka\/Wisior SMOK - Yvone (L) - handybizuteria.pl - sklep z r\u0119cznie robion\u0105 bi\u017cuteri\u0105","isPartOf":{"@id":"https:\/\/handybizuteria.pl\/#website"},"primaryImageOfPage":{"@id":"https:\/\/handybizuteria.pl\/index.php\/produkt\/broszka-wisior-smok-yvone-l\/#primaryimage"},"image":{"@id":"https:\/\/handybizuteria.pl\/index.php\/produkt\/broszka-wisior-smok-yvone-l\/#primaryimage"},"thumbnailUrl":"https:\/\/handybizuteria.pl\/wp-content\/uploads\/2023\/07\/0040209_broszka-br00212_500.jpeg","datePublished":"2023-07-19T17:53:44+00:00","dateModified":"2024-03-09T20:52:40+00:00","description":"%","breadcrumb":{"@id":"https:\/\/handybizuteria.pl\/index.php\/produkt\/broszka-wisior-smok-yvone-l\/#breadcrumb"},"inLanguage":"pl-PL","potentialAction":[{"@type":"ReadAction","target":["https:\/\/handybizuteria.pl\/index.php\/produkt\/broszka-wisior-smok-yvone-l\/"]}]},{"@type":"ImageObject","inLanguage":"pl-PL","@id":"https:\/\/handybizuteria.pl\/index.php\/produkt\/broszka-wisior-smok-yvone-l\/#primaryimage","url":"https:\/\/handybizuteria.pl\/wp-content\/uploads\/2023\/07\/0040209_broszka-br00212_500.jpeg","contentUrl":"https:\/\/handybizuteria.pl\/wp-content\/uploads\/2023\/07\/0040209_broszka-br00212_500.jpeg","width":500,"height":500},{"@type":"BreadcrumbList","@id":"https:\/\/handybizuteria.pl\/index.php\/produkt\/broszka-wisior-smok-yvone-l\/#breadcrumb","itemListElement":[{"@type":"ListItem","position":1,"name":"Strona g\u0142\u00f3wna","item":"https:\/\/handybizuteria.pl\/"},{"@type":"ListItem","position":2,"name":"Sklep","item":"https:\/\/handybizuteria.pl\/index.php\/sklep\/"},{"@type":"ListItem","position":3,"name":"Broszka\/Wisior SMOK &#8211; Yvone (L)"}]},{"@type":"WebSite","@id":"https:\/\/handybizuteria.pl\/#website","url":"https:\/\/handybizuteria.pl\/","name":"handybizuteria.pl - sklep z r\u0119cznie robion\u0105 bi\u017cuteri\u0105","description":"handybizuteria.pl - sklep z r\u0119cznie robion\u0105 bi\u017cuteri\u0105","publisher":{"@id":"https:\/\/handybizuteria.pl\/#organization"},"potentialAction":[{"@type":"SearchAction","target":{"@type":"EntryPoint","urlTemplate":"https:\/\/handybizuteria.pl\/?s={search_term_string}"},"query-input":{"@type":"PropertyValueSpecification","valueRequired":true,"valueName":"search_term_string"}}],"inLanguage":"pl-PL"},{"@type":"Organization","@id":"https:\/\/handybizuteria.pl\/#organization","name":"handybizuteria.pl - sklep z r\u0119cznie robion\u0105 bi\u017cuteri\u0105","url":"https:\/\/handybizuteria.pl\/","logo":{"@type":"ImageObject","inLanguage":"pl-PL","@id":"https:\/\/handybizuteria.pl\/#\/schema\/logo\/image\/","url":"https:\/\/handybizuteria.pl\/wp-content\/uploads\/2020\/08\/cropped-handy-logo-full-black.png","contentUrl":"https:\/\/handybizuteria.pl\/wp-content\/uploads\/2020\/08\/cropped-handy-logo-full-black.png","width":2379,"height":1605,"caption":"handybizuteria.pl - sklep z r\u0119cznie robion\u0105 bi\u017cuteri\u0105"},"image":{"@id":"https:\/\/handybizuteria.pl\/#\/schema\/logo\/image\/"}}]}},"uagb_featured_image_src":{"full":["https:\/\/handybizuteria.pl\/wp-content\/uploads\/2023\/07\/0040209_broszka-br00212_500.jpeg",500,500,false],"thumbnail":["https:\/\/handybizuteria.pl\/wp-content\/uploads\/2023\/07\/0040209_broszka-br00212_500-150x150.jpeg",150,150,true],"medium":["https:\/\/handybizuteria.pl\/wp-content\/uploads\/2023\/07\/0040209_broszka-br00212_500-300x300.jpeg",300,300,true],"medium_large":["https:\/\/handybizuteria.pl\/wp-content\/uploads\/2023\/07\/0040209_broszka-br00212_500.jpeg",500,500,false],"large":["https:\/\/handybizuteria.pl\/wp-content\/uploads\/2023\/07\/0040209_broszka-br00212_500.jpeg",500,500,false],"1536x1536":["https:\/\/handybizuteria.pl\/wp-content\/uploads\/2023\/07\/0040209_broszka-br00212_500.jpeg",500,500,false],"2048x2048":["https:\/\/handybizuteria.pl\/wp-content\/uploads\/2023\/07\/0040209_broszka-br00212_500.jpeg",500,500,false],"woocommerce_thumbnail":["https:\/\/handybizuteria.pl\/wp-content\/uploads\/2023\/07\/0040209_broszka-br00212_500-300x300.jpeg",300,300,true],"woocommerce_single":["https:\/\/handybizuteria.pl\/wp-content\/uploads\/2023\/07\/0040209_broszka-br00212_500.jpeg",500,500,false],"woocommerce_gallery_thumbnail":["https:\/\/handybizuteria.pl\/wp-content\/uploads\/2023\/07\/0040209_broszka-br00212_500-100x100.jpeg",100,100,true]},"uagb_author_info":{"display_name":"Aga Laufer","author_link":"https:\/\/handybizuteria.pl\/index.php\/author\/"},"uagb_comment_info":1,"uagb_excerpt":"Pi\u0119kny, oryginalny wz\u00f3r i intryguj\u0105ca kolorystyka Broszka\/Wisior mo\u017ce by\u0107 uzupe\u0142nieniem zar\u00f3wno kreacji wieczorowych, jak i wyr\u00f3\u017cniaj\u0105cym si\u0119 dodatkiem w codziennej stylistyce - wszystko zale\u017cy od naszej wyobra\u017ani. Produkt oferowany jest w markowym pude\u0142eczku (gratis) w kolorze ostrego r\u00f3\u017cu. Idealnie nadaje si\u0119 na prezent.","_links":{"self":[{"href":"https:\/\/handybizuteria.pl\/index.php\/wp-json\/wp\/v2\/product\/3764","targetHints":{"allow":["GET"]}}],"collection":[{"href":"https:\/\/handybizuteria.pl\/index.php\/wp-json\/wp\/v2\/product"}],"about":[{"href":"https:\/\/handybizuteria.pl\/index.php\/wp-json\/wp\/v2\/types\/product"}],"replies":[{"embeddable":true,"href":"https:\/\/handybizuteria.pl\/index.php\/wp-json\/wp\/v2\/comments?post=3764"}],"wp:featuredmedia":[{"embeddable":true,"href":"https:\/\/handybizuteria.pl\/index.php\/wp-json\/wp\/v2\/media\/3765"}],"wp:attachment":[{"href":"https:\/\/handybizuteria.pl\/index.php\/wp-json\/wp\/v2\/media?parent=3764"}],"wp:term":[{"taxonomy":"product_brand","embeddable":true,"href":"https:\/\/handybizuteria.pl\/index.php\/wp-json\/wp\/v2\/product_brand?post=3764"},{"taxonomy":"product_cat","embeddable":true,"href":"https:\/\/handybizuteria.pl\/index.php\/wp-json\/wp\/v2\/product_cat?post=3764"},{"taxonomy":"product_tag","embeddable":true,"href":"https:\/\/handybizuteria.pl\/index.php\/wp-json\/wp\/v2\/product_tag?post=3764"}],"curies":[{"name":"wp","href":"https:\/\/api.w.org\/{rel}","templated":true}]}}