{"id":3706,"date":"2023-07-15T17:33:10","date_gmt":"2023-07-15T17:33:10","guid":{"rendered":"https:\/\/handybizuteria.pl\/?post_type=product&#038;p=3706"},"modified":"2024-03-09T20:52:41","modified_gmt":"2024-03-09T20:52:41","slug":"naszyjnik-yvone-12","status":"publish","type":"product","link":"https:\/\/handybizuteria.pl\/index.php\/produkt\/naszyjnik-yvone-12\/","title":{"rendered":"Naszyjnik Yvone"},"content":{"rendered":"<p>Naszyjnik marki Yvone. Pi\u0119kna szlachetna bi\u017cuteria, kt\u00f3ra podkre\u015bla urod\u0119 i nadaje charakteru ka\u017cdej stylizacji. Jest tak wyj\u0105tkowa, \u017ce mo\u017ce gra\u0107 pierwsze skrzypce, ale odpowiednio dobrana b\u0119dzie stanowi\u0107 r\u00f3wnie\u017c wspania\u0142e uzupe\u0142nienie konkretnego stroju. Najwy\u017cszej jako\u015bci produkt wykonany z antyalergicznego metalu i szk\u0142a fasetowanego. Od tej bi\u017cuterii mo\u017cna si\u0119 uzale\u017cni\u0107. Metal wygl\u0105da bardzo szlachetnie, jest trwa\u0142y i nie \u015bniedzieje.<\/p>\n<p>Firma Yvone istnieje na naszym rynku ju\u017c 17 lat. Ja sama posiadam w swojej bi\u017cuteryjnej kolekcji ich pierwsze wyroby, kt\u00f3re zakupi\u0142am w markowym sklepie z bi\u017cuteri\u0105 i kt\u00f3re do dnia dzisiejszego kompletnie nie zmieni\u0142y wygl\u0105du &#8211; dlatego serdecznie polecam ich produkty.<\/p>\n","protected":false},"excerpt":{"rendered":"<h6 style=\"text-align: left;\">Pi\u0119kny, nowoczesny wz\u00f3r i ciekawa kolorystyka<\/h6>\n<p style=\"text-align: left;\">Naszyjnik prezentuje si\u0119 wspaniale zar\u00f3wno do kreacji wieczorowych, biznesowych, jak i casual &#8211; wszystko zale\u017cy od naszej wyobra\u017ani.<\/p>\n<p style=\"text-align: left;\">Do kompletu mo\u017cna dobra\u0107 bransoletk\u0119, kolczyki i pier\u015bcionek z tej samej serii.<\/p>\n","protected":false},"featured_media":3712,"comment_status":"open","ping_status":"closed","template":"","meta":{"_uag_custom_page_level_css":"","site-sidebar-layout":"default","site-content-layout":"default","ast-global-header-display":"","ast-banner-title-visibility":"","ast-main-header-display":"","ast-hfb-above-header-display":"","ast-hfb-below-header-display":"","ast-hfb-mobile-header-display":"","site-post-title":"","ast-breadcrumbs-content":"","ast-featured-img":"","footer-sml-layout":"","theme-transparent-header-meta":"default","adv-header-id-meta":"","stick-header-meta":"default","header-above-stick-meta":"","header-main-stick-meta":"","header-below-stick-meta":""},"product_brand":[],"product_cat":[321,57,323,322],"product_tag":[],"class_list":{"0":"post-3706","1":"product","2":"type-product","3":"status-publish","4":"has-post-thumbnail","6":"product_cat-yvone","7":"product_cat-naszyjniki","8":"product_cat-naszyjniki-yvone-2","9":"product_cat-kolekcja-yvone","10":"desktop-align-left","11":"tablet-align-left","12":"mobile-align-left","14":"first","15":"onbackorder","16":"sale","17":"featured","18":"sold-individually","19":"shipping-taxable","20":"purchasable","21":"product-type-simple"},"yoast_head":"<!-- This site is optimized with the Yoast SEO plugin v26.3 - https:\/\/yoast.com\/wordpress\/plugins\/seo\/ -->\n<title>Naszyjnik Yvone - handybizuteria.pl - sklep z r\u0119cznie robion\u0105 bi\u017cuteri\u0105<\/title>\n<meta name=\"description\" content=\"%\" \/>\n<meta name=\"robots\" content=\"index, follow, max-snippet:-1, max-image-preview:large, max-video-preview:-1\" \/>\n<link rel=\"canonical\" href=\"https:\/\/handybizuteria.pl\/index.php\/produkt\/naszyjnik-yvone-12\/\" \/>\n<meta property=\"og:locale\" content=\"pl_PL\" \/>\n<meta property=\"og:type\" content=\"article\" \/>\n<meta property=\"og:title\" content=\"Naszyjnik Yvone - handybizuteria.pl - sklep z r\u0119cznie robion\u0105 bi\u017cuteri\u0105\" \/>\n<meta property=\"og:description\" content=\"%\" \/>\n<meta property=\"og:url\" content=\"https:\/\/handybizuteria.pl\/index.php\/produkt\/naszyjnik-yvone-12\/\" \/>\n<meta property=\"og:site_name\" content=\"handybizuteria.pl - sklep z r\u0119cznie robion\u0105 bi\u017cuteri\u0105\" \/>\n<meta property=\"article:modified_time\" content=\"2024-03-09T20:52:41+00:00\" \/>\n<meta property=\"og:image\" content=\"https:\/\/handybizuteria.pl\/wp-content\/uploads\/2023\/07\/0035008_naszyjnik-n00656.jpeg\" \/>\n\t<meta property=\"og:image:width\" content=\"1200\" \/>\n\t<meta property=\"og:image:height\" content=\"1200\" \/>\n\t<meta property=\"og:image:type\" content=\"image\/jpeg\" \/>\n<meta name=\"twitter:card\" content=\"summary_large_image\" \/>\n<meta name=\"twitter:label1\" content=\"Szacowany czas czytania\" \/>\n\t<meta name=\"twitter:data1\" content=\"1 minuta\" \/>\n<script type=\"application\/ld+json\" class=\"yoast-schema-graph\">{\"@context\":\"https:\/\/schema.org\",\"@graph\":[{\"@type\":\"WebPage\",\"@id\":\"https:\/\/handybizuteria.pl\/index.php\/produkt\/naszyjnik-yvone-12\/\",\"url\":\"https:\/\/handybizuteria.pl\/index.php\/produkt\/naszyjnik-yvone-12\/\",\"name\":\"Naszyjnik Yvone - handybizuteria.pl - sklep z r\u0119cznie robion\u0105 bi\u017cuteri\u0105\",\"isPartOf\":{\"@id\":\"https:\/\/handybizuteria.pl\/#website\"},\"primaryImageOfPage\":{\"@id\":\"https:\/\/handybizuteria.pl\/index.php\/produkt\/naszyjnik-yvone-12\/#primaryimage\"},\"image\":{\"@id\":\"https:\/\/handybizuteria.pl\/index.php\/produkt\/naszyjnik-yvone-12\/#primaryimage\"},\"thumbnailUrl\":\"https:\/\/handybizuteria.pl\/wp-content\/uploads\/2023\/07\/0035008_naszyjnik-n00656.jpeg\",\"datePublished\":\"2023-07-15T17:33:10+00:00\",\"dateModified\":\"2024-03-09T20:52:41+00:00\",\"description\":\"%\",\"breadcrumb\":{\"@id\":\"https:\/\/handybizuteria.pl\/index.php\/produkt\/naszyjnik-yvone-12\/#breadcrumb\"},\"inLanguage\":\"pl-PL\",\"potentialAction\":[{\"@type\":\"ReadAction\",\"target\":[\"https:\/\/handybizuteria.pl\/index.php\/produkt\/naszyjnik-yvone-12\/\"]}]},{\"@type\":\"ImageObject\",\"inLanguage\":\"pl-PL\",\"@id\":\"https:\/\/handybizuteria.pl\/index.php\/produkt\/naszyjnik-yvone-12\/#primaryimage\",\"url\":\"https:\/\/handybizuteria.pl\/wp-content\/uploads\/2023\/07\/0035008_naszyjnik-n00656.jpeg\",\"contentUrl\":\"https:\/\/handybizuteria.pl\/wp-content\/uploads\/2023\/07\/0035008_naszyjnik-n00656.jpeg\",\"width\":1200,\"height\":1200},{\"@type\":\"BreadcrumbList\",\"@id\":\"https:\/\/handybizuteria.pl\/index.php\/produkt\/naszyjnik-yvone-12\/#breadcrumb\",\"itemListElement\":[{\"@type\":\"ListItem\",\"position\":1,\"name\":\"Strona g\u0142\u00f3wna\",\"item\":\"https:\/\/handybizuteria.pl\/\"},{\"@type\":\"ListItem\",\"position\":2,\"name\":\"Sklep\",\"item\":\"https:\/\/handybizuteria.pl\/index.php\/sklep\/\"},{\"@type\":\"ListItem\",\"position\":3,\"name\":\"Naszyjnik Yvone\"}]},{\"@type\":\"WebSite\",\"@id\":\"https:\/\/handybizuteria.pl\/#website\",\"url\":\"https:\/\/handybizuteria.pl\/\",\"name\":\"handybizuteria.pl - sklep z r\u0119cznie robion\u0105 bi\u017cuteri\u0105\",\"description\":\"handybizuteria.pl - sklep z r\u0119cznie robion\u0105 bi\u017cuteri\u0105\",\"publisher\":{\"@id\":\"https:\/\/handybizuteria.pl\/#organization\"},\"potentialAction\":[{\"@type\":\"SearchAction\",\"target\":{\"@type\":\"EntryPoint\",\"urlTemplate\":\"https:\/\/handybizuteria.pl\/?s={search_term_string}\"},\"query-input\":{\"@type\":\"PropertyValueSpecification\",\"valueRequired\":true,\"valueName\":\"search_term_string\"}}],\"inLanguage\":\"pl-PL\"},{\"@type\":\"Organization\",\"@id\":\"https:\/\/handybizuteria.pl\/#organization\",\"name\":\"handybizuteria.pl - sklep z r\u0119cznie robion\u0105 bi\u017cuteri\u0105\",\"url\":\"https:\/\/handybizuteria.pl\/\",\"logo\":{\"@type\":\"ImageObject\",\"inLanguage\":\"pl-PL\",\"@id\":\"https:\/\/handybizuteria.pl\/#\/schema\/logo\/image\/\",\"url\":\"https:\/\/handybizuteria.pl\/wp-content\/uploads\/2020\/08\/cropped-handy-logo-full-black.png\",\"contentUrl\":\"https:\/\/handybizuteria.pl\/wp-content\/uploads\/2020\/08\/cropped-handy-logo-full-black.png\",\"width\":2379,\"height\":1605,\"caption\":\"handybizuteria.pl - sklep z r\u0119cznie robion\u0105 bi\u017cuteri\u0105\"},\"image\":{\"@id\":\"https:\/\/handybizuteria.pl\/#\/schema\/logo\/image\/\"}}]}<\/script>\n<!-- \/ Yoast SEO plugin. -->","yoast_head_json":{"title":"Naszyjnik Yvone - handybizuteria.pl - sklep z r\u0119cznie robion\u0105 bi\u017cuteri\u0105","description":"%","robots":{"index":"index","follow":"follow","max-snippet":"max-snippet:-1","max-image-preview":"max-image-preview:large","max-video-preview":"max-video-preview:-1"},"canonical":"https:\/\/handybizuteria.pl\/index.php\/produkt\/naszyjnik-yvone-12\/","og_locale":"pl_PL","og_type":"article","og_title":"Naszyjnik Yvone - handybizuteria.pl - sklep z r\u0119cznie robion\u0105 bi\u017cuteri\u0105","og_description":"%","og_url":"https:\/\/handybizuteria.pl\/index.php\/produkt\/naszyjnik-yvone-12\/","og_site_name":"handybizuteria.pl - sklep z r\u0119cznie robion\u0105 bi\u017cuteri\u0105","article_modified_time":"2024-03-09T20:52:41+00:00","og_image":[{"width":1200,"height":1200,"url":"https:\/\/handybizuteria.pl\/wp-content\/uploads\/2023\/07\/0035008_naszyjnik-n00656.jpeg","type":"image\/jpeg"}],"twitter_card":"summary_large_image","twitter_misc":{"Szacowany czas czytania":"1 minuta"},"schema":{"@context":"https:\/\/schema.org","@graph":[{"@type":"WebPage","@id":"https:\/\/handybizuteria.pl\/index.php\/produkt\/naszyjnik-yvone-12\/","url":"https:\/\/handybizuteria.pl\/index.php\/produkt\/naszyjnik-yvone-12\/","name":"Naszyjnik Yvone - handybizuteria.pl - sklep z r\u0119cznie robion\u0105 bi\u017cuteri\u0105","isPartOf":{"@id":"https:\/\/handybizuteria.pl\/#website"},"primaryImageOfPage":{"@id":"https:\/\/handybizuteria.pl\/index.php\/produkt\/naszyjnik-yvone-12\/#primaryimage"},"image":{"@id":"https:\/\/handybizuteria.pl\/index.php\/produkt\/naszyjnik-yvone-12\/#primaryimage"},"thumbnailUrl":"https:\/\/handybizuteria.pl\/wp-content\/uploads\/2023\/07\/0035008_naszyjnik-n00656.jpeg","datePublished":"2023-07-15T17:33:10+00:00","dateModified":"2024-03-09T20:52:41+00:00","description":"%","breadcrumb":{"@id":"https:\/\/handybizuteria.pl\/index.php\/produkt\/naszyjnik-yvone-12\/#breadcrumb"},"inLanguage":"pl-PL","potentialAction":[{"@type":"ReadAction","target":["https:\/\/handybizuteria.pl\/index.php\/produkt\/naszyjnik-yvone-12\/"]}]},{"@type":"ImageObject","inLanguage":"pl-PL","@id":"https:\/\/handybizuteria.pl\/index.php\/produkt\/naszyjnik-yvone-12\/#primaryimage","url":"https:\/\/handybizuteria.pl\/wp-content\/uploads\/2023\/07\/0035008_naszyjnik-n00656.jpeg","contentUrl":"https:\/\/handybizuteria.pl\/wp-content\/uploads\/2023\/07\/0035008_naszyjnik-n00656.jpeg","width":1200,"height":1200},{"@type":"BreadcrumbList","@id":"https:\/\/handybizuteria.pl\/index.php\/produkt\/naszyjnik-yvone-12\/#breadcrumb","itemListElement":[{"@type":"ListItem","position":1,"name":"Strona g\u0142\u00f3wna","item":"https:\/\/handybizuteria.pl\/"},{"@type":"ListItem","position":2,"name":"Sklep","item":"https:\/\/handybizuteria.pl\/index.php\/sklep\/"},{"@type":"ListItem","position":3,"name":"Naszyjnik Yvone"}]},{"@type":"WebSite","@id":"https:\/\/handybizuteria.pl\/#website","url":"https:\/\/handybizuteria.pl\/","name":"handybizuteria.pl - sklep z r\u0119cznie robion\u0105 bi\u017cuteri\u0105","description":"handybizuteria.pl - sklep z r\u0119cznie robion\u0105 bi\u017cuteri\u0105","publisher":{"@id":"https:\/\/handybizuteria.pl\/#organization"},"potentialAction":[{"@type":"SearchAction","target":{"@type":"EntryPoint","urlTemplate":"https:\/\/handybizuteria.pl\/?s={search_term_string}"},"query-input":{"@type":"PropertyValueSpecification","valueRequired":true,"valueName":"search_term_string"}}],"inLanguage":"pl-PL"},{"@type":"Organization","@id":"https:\/\/handybizuteria.pl\/#organization","name":"handybizuteria.pl - sklep z r\u0119cznie robion\u0105 bi\u017cuteri\u0105","url":"https:\/\/handybizuteria.pl\/","logo":{"@type":"ImageObject","inLanguage":"pl-PL","@id":"https:\/\/handybizuteria.pl\/#\/schema\/logo\/image\/","url":"https:\/\/handybizuteria.pl\/wp-content\/uploads\/2020\/08\/cropped-handy-logo-full-black.png","contentUrl":"https:\/\/handybizuteria.pl\/wp-content\/uploads\/2020\/08\/cropped-handy-logo-full-black.png","width":2379,"height":1605,"caption":"handybizuteria.pl - sklep z r\u0119cznie robion\u0105 bi\u017cuteri\u0105"},"image":{"@id":"https:\/\/handybizuteria.pl\/#\/schema\/logo\/image\/"}}]}},"uagb_featured_image_src":{"full":["https:\/\/handybizuteria.pl\/wp-content\/uploads\/2023\/07\/0035008_naszyjnik-n00656.jpeg",1200,1200,false],"thumbnail":["https:\/\/handybizuteria.pl\/wp-content\/uploads\/2023\/07\/0035008_naszyjnik-n00656-150x150.jpeg",150,150,true],"medium":["https:\/\/handybizuteria.pl\/wp-content\/uploads\/2023\/07\/0035008_naszyjnik-n00656-300x300.jpeg",300,300,true],"medium_large":["https:\/\/handybizuteria.pl\/wp-content\/uploads\/2023\/07\/0035008_naszyjnik-n00656-768x768.jpeg",768,768,true],"large":["https:\/\/handybizuteria.pl\/wp-content\/uploads\/2023\/07\/0035008_naszyjnik-n00656-1024x1024.jpeg",1024,1024,true],"1536x1536":["https:\/\/handybizuteria.pl\/wp-content\/uploads\/2023\/07\/0035008_naszyjnik-n00656.jpeg",1200,1200,false],"2048x2048":["https:\/\/handybizuteria.pl\/wp-content\/uploads\/2023\/07\/0035008_naszyjnik-n00656.jpeg",1200,1200,false],"woocommerce_thumbnail":["https:\/\/handybizuteria.pl\/wp-content\/uploads\/2023\/07\/0035008_naszyjnik-n00656-300x300.jpeg",300,300,true],"woocommerce_single":["https:\/\/handybizuteria.pl\/wp-content\/uploads\/2023\/07\/0035008_naszyjnik-n00656-600x600.jpeg",600,600,true],"woocommerce_gallery_thumbnail":["https:\/\/handybizuteria.pl\/wp-content\/uploads\/2023\/07\/0035008_naszyjnik-n00656-100x100.jpeg",100,100,true]},"uagb_author_info":{"display_name":"Aga Laufer","author_link":"https:\/\/handybizuteria.pl\/index.php\/author\/"},"uagb_comment_info":1,"uagb_excerpt":"Pi\u0119kny, nowoczesny wz\u00f3r i ciekawa kolorystyka Naszyjnik prezentuje si\u0119 wspaniale zar\u00f3wno do kreacji wieczorowych, biznesowych, jak i casual - wszystko zale\u017cy od naszej wyobra\u017ani. Do kompletu mo\u017cna dobra\u0107 bransoletk\u0119, kolczyki i pier\u015bcionek z tej samej serii.","_links":{"self":[{"href":"https:\/\/handybizuteria.pl\/index.php\/wp-json\/wp\/v2\/product\/3706","targetHints":{"allow":["GET"]}}],"collection":[{"href":"https:\/\/handybizuteria.pl\/index.php\/wp-json\/wp\/v2\/product"}],"about":[{"href":"https:\/\/handybizuteria.pl\/index.php\/wp-json\/wp\/v2\/types\/product"}],"replies":[{"embeddable":true,"href":"https:\/\/handybizuteria.pl\/index.php\/wp-json\/wp\/v2\/comments?post=3706"}],"wp:featuredmedia":[{"embeddable":true,"href":"https:\/\/handybizuteria.pl\/index.php\/wp-json\/wp\/v2\/media\/3712"}],"wp:attachment":[{"href":"https:\/\/handybizuteria.pl\/index.php\/wp-json\/wp\/v2\/media?parent=3706"}],"wp:term":[{"taxonomy":"product_brand","embeddable":true,"href":"https:\/\/handybizuteria.pl\/index.php\/wp-json\/wp\/v2\/product_brand?post=3706"},{"taxonomy":"product_cat","embeddable":true,"href":"https:\/\/handybizuteria.pl\/index.php\/wp-json\/wp\/v2\/product_cat?post=3706"},{"taxonomy":"product_tag","embeddable":true,"href":"https:\/\/handybizuteria.pl\/index.php\/wp-json\/wp\/v2\/product_tag?post=3706"}],"curies":[{"name":"wp","href":"https:\/\/api.w.org\/{rel}","templated":true}]}}