{"id":2759,"date":"2020-11-17T16:27:35","date_gmt":"2020-11-17T16:27:35","guid":{"rendered":"https:\/\/handybizuteria.pl\/?post_type=product&#038;p=2759"},"modified":"2023-08-01T14:33:50","modified_gmt":"2023-08-01T14:33:50","slug":"pierscionek-kasta-2","status":"publish","type":"product","link":"https:\/\/handybizuteria.pl\/index.php\/produkt\/pierscionek-kasta-2\/","title":{"rendered":"Pier\u015bcionek \/ Kasta"},"content":{"rendered":"<p>Szeroka obr\u0105czka i charakterystyczny wypuk\u0142y splot w kszta\u0142cie g\u00f3ry nadaj\u0105 temu pier\u015bcionkowi specyficzny urok. Wszystko zacz\u0119\u0142o si\u0119 od bransoletki, kt\u00f3ra sk\u0142ada si\u0119 z wielu takich wypuk\u0142ych modu\u0142\u00f3w, a potem do kompletu powsta\u0142 r\u00f3wnie\u017c pier\u015bcionek.<\/p>\n","protected":false},"excerpt":{"rendered":"<h6 style=\"text-align: left;\">Kasta to tr\u00f3jwymiarowy wz\u00f3r o mocno wystaj\u0105cej cz\u0119\u015bci ozdobnej<\/h6>\n<p style=\"text-align: left;\">Ca\u0142a sztuka w tym pier\u015bcionku to takie dobranie i po\u0142\u0105czenie r\u00f3\u017cnej wielko\u015bci koralik\u00f3w, aby utworzy\u0107 pi\u0119kny, wypuk\u0142y element ozdobny.<\/p>\n","protected":false},"featured_media":2770,"comment_status":"open","ping_status":"closed","template":"","meta":{"_uag_custom_page_level_css":"","site-sidebar-layout":"default","site-content-layout":"default","ast-global-header-display":"","ast-banner-title-visibility":"","ast-main-header-display":"","ast-hfb-above-header-display":"","ast-hfb-below-header-display":"","ast-hfb-mobile-header-display":"","site-post-title":"","ast-breadcrumbs-content":"","ast-featured-img":"","footer-sml-layout":"","theme-transparent-header-meta":"default","adv-header-id-meta":"","stick-header-meta":"","header-above-stick-meta":"","header-main-stick-meta":"","header-below-stick-meta":""},"product_brand":[],"product_cat":[369,365,85],"product_tag":[],"class_list":{"0":"post-2759","1":"product","2":"type-product","3":"status-publish","4":"has-post-thumbnail","6":"product_cat-pierscionki-pierscionki","7":"product_cat-xl","8":"product_cat-pierscionki","9":"desktop-align-left","10":"tablet-align-left","11":"mobile-align-left","13":"first","14":"instock","15":"featured","16":"sold-individually","17":"shipping-taxable","18":"purchasable","19":"product-type-simple"},"yoast_head":"<!-- This site is optimized with the Yoast SEO plugin v26.3 - https:\/\/yoast.com\/wordpress\/plugins\/seo\/ -->\n<title>Pier\u015bcionek \/ Kasta - handybizuteria.pl - sklep z r\u0119cznie robion\u0105 bi\u017cuteri\u0105<\/title>\n<meta name=\"robots\" content=\"index, follow, max-snippet:-1, max-image-preview:large, max-video-preview:-1\" \/>\n<link rel=\"canonical\" href=\"https:\/\/handybizuteria.pl\/index.php\/produkt\/pierscionek-kasta-2\/\" \/>\n<meta property=\"og:locale\" content=\"pl_PL\" \/>\n<meta property=\"og:type\" content=\"article\" \/>\n<meta property=\"og:title\" content=\"Pier\u015bcionek \/ Kasta - handybizuteria.pl - sklep z r\u0119cznie robion\u0105 bi\u017cuteri\u0105\" \/>\n<meta property=\"og:description\" content=\"Kasta to tr\u00f3jwymiarowy wz\u00f3r o mocno wystaj\u0105cej cz\u0119\u015bci ozdobnej Ca\u0142a sztuka w tym pier\u015bcionku to takie dobranie i po\u0142\u0105czenie r\u00f3\u017cnej wielko\u015bci koralik\u00f3w, aby utworzy\u0107 pi\u0119kny, wypuk\u0142y element ozdobny.\" \/>\n<meta property=\"og:url\" content=\"https:\/\/handybizuteria.pl\/index.php\/produkt\/pierscionek-kasta-2\/\" \/>\n<meta property=\"og:site_name\" content=\"handybizuteria.pl - sklep z r\u0119cznie robion\u0105 bi\u017cuteri\u0105\" \/>\n<meta property=\"article:modified_time\" content=\"2023-08-01T14:33:50+00:00\" \/>\n<meta property=\"og:image\" content=\"https:\/\/handybizuteria.pl\/wp-content\/uploads\/2020\/11\/img-20201113-131912-3.jpg\" \/>\n\t<meta property=\"og:image:width\" content=\"482\" \/>\n\t<meta property=\"og:image:height\" content=\"362\" \/>\n\t<meta property=\"og:image:type\" content=\"image\/jpeg\" \/>\n<meta name=\"twitter:card\" content=\"summary_large_image\" \/>\n<script type=\"application\/ld+json\" class=\"yoast-schema-graph\">{\"@context\":\"https:\/\/schema.org\",\"@graph\":[{\"@type\":\"WebPage\",\"@id\":\"https:\/\/handybizuteria.pl\/index.php\/produkt\/pierscionek-kasta-2\/\",\"url\":\"https:\/\/handybizuteria.pl\/index.php\/produkt\/pierscionek-kasta-2\/\",\"name\":\"Pier\u015bcionek \/ Kasta - handybizuteria.pl - sklep z r\u0119cznie robion\u0105 bi\u017cuteri\u0105\",\"isPartOf\":{\"@id\":\"https:\/\/handybizuteria.pl\/#website\"},\"primaryImageOfPage\":{\"@id\":\"https:\/\/handybizuteria.pl\/index.php\/produkt\/pierscionek-kasta-2\/#primaryimage\"},\"image\":{\"@id\":\"https:\/\/handybizuteria.pl\/index.php\/produkt\/pierscionek-kasta-2\/#primaryimage\"},\"thumbnailUrl\":\"https:\/\/handybizuteria.pl\/wp-content\/uploads\/2020\/11\/img-20201113-131912-3.jpg\",\"datePublished\":\"2020-11-17T16:27:35+00:00\",\"dateModified\":\"2023-08-01T14:33:50+00:00\",\"breadcrumb\":{\"@id\":\"https:\/\/handybizuteria.pl\/index.php\/produkt\/pierscionek-kasta-2\/#breadcrumb\"},\"inLanguage\":\"pl-PL\",\"potentialAction\":[{\"@type\":\"ReadAction\",\"target\":[\"https:\/\/handybizuteria.pl\/index.php\/produkt\/pierscionek-kasta-2\/\"]}]},{\"@type\":\"ImageObject\",\"inLanguage\":\"pl-PL\",\"@id\":\"https:\/\/handybizuteria.pl\/index.php\/produkt\/pierscionek-kasta-2\/#primaryimage\",\"url\":\"https:\/\/handybizuteria.pl\/wp-content\/uploads\/2020\/11\/img-20201113-131912-3.jpg\",\"contentUrl\":\"https:\/\/handybizuteria.pl\/wp-content\/uploads\/2020\/11\/img-20201113-131912-3.jpg\",\"width\":482,\"height\":362},{\"@type\":\"BreadcrumbList\",\"@id\":\"https:\/\/handybizuteria.pl\/index.php\/produkt\/pierscionek-kasta-2\/#breadcrumb\",\"itemListElement\":[{\"@type\":\"ListItem\",\"position\":1,\"name\":\"Strona g\u0142\u00f3wna\",\"item\":\"https:\/\/handybizuteria.pl\/\"},{\"@type\":\"ListItem\",\"position\":2,\"name\":\"Sklep\",\"item\":\"https:\/\/handybizuteria.pl\/index.php\/sklep\/\"},{\"@type\":\"ListItem\",\"position\":3,\"name\":\"Pier\u015bcionek \/ Kasta\"}]},{\"@type\":\"WebSite\",\"@id\":\"https:\/\/handybizuteria.pl\/#website\",\"url\":\"https:\/\/handybizuteria.pl\/\",\"name\":\"handybizuteria.pl - sklep z r\u0119cznie robion\u0105 bi\u017cuteri\u0105\",\"description\":\"handybizuteria.pl - sklep z r\u0119cznie robion\u0105 bi\u017cuteri\u0105\",\"publisher\":{\"@id\":\"https:\/\/handybizuteria.pl\/#organization\"},\"potentialAction\":[{\"@type\":\"SearchAction\",\"target\":{\"@type\":\"EntryPoint\",\"urlTemplate\":\"https:\/\/handybizuteria.pl\/?s={search_term_string}\"},\"query-input\":{\"@type\":\"PropertyValueSpecification\",\"valueRequired\":true,\"valueName\":\"search_term_string\"}}],\"inLanguage\":\"pl-PL\"},{\"@type\":\"Organization\",\"@id\":\"https:\/\/handybizuteria.pl\/#organization\",\"name\":\"handybizuteria.pl - sklep z r\u0119cznie robion\u0105 bi\u017cuteri\u0105\",\"url\":\"https:\/\/handybizuteria.pl\/\",\"logo\":{\"@type\":\"ImageObject\",\"inLanguage\":\"pl-PL\",\"@id\":\"https:\/\/handybizuteria.pl\/#\/schema\/logo\/image\/\",\"url\":\"https:\/\/handybizuteria.pl\/wp-content\/uploads\/2020\/08\/cropped-handy-logo-full-black.png\",\"contentUrl\":\"https:\/\/handybizuteria.pl\/wp-content\/uploads\/2020\/08\/cropped-handy-logo-full-black.png\",\"width\":2379,\"height\":1605,\"caption\":\"handybizuteria.pl - sklep z r\u0119cznie robion\u0105 bi\u017cuteri\u0105\"},\"image\":{\"@id\":\"https:\/\/handybizuteria.pl\/#\/schema\/logo\/image\/\"}}]}<\/script>\n<!-- \/ Yoast SEO plugin. -->","yoast_head_json":{"title":"Pier\u015bcionek \/ Kasta - handybizuteria.pl - sklep z r\u0119cznie robion\u0105 bi\u017cuteri\u0105","robots":{"index":"index","follow":"follow","max-snippet":"max-snippet:-1","max-image-preview":"max-image-preview:large","max-video-preview":"max-video-preview:-1"},"canonical":"https:\/\/handybizuteria.pl\/index.php\/produkt\/pierscionek-kasta-2\/","og_locale":"pl_PL","og_type":"article","og_title":"Pier\u015bcionek \/ Kasta - handybizuteria.pl - sklep z r\u0119cznie robion\u0105 bi\u017cuteri\u0105","og_description":"Kasta to tr\u00f3jwymiarowy wz\u00f3r o mocno wystaj\u0105cej cz\u0119\u015bci ozdobnej Ca\u0142a sztuka w tym pier\u015bcionku to takie dobranie i po\u0142\u0105czenie r\u00f3\u017cnej wielko\u015bci koralik\u00f3w, aby utworzy\u0107 pi\u0119kny, wypuk\u0142y element ozdobny.","og_url":"https:\/\/handybizuteria.pl\/index.php\/produkt\/pierscionek-kasta-2\/","og_site_name":"handybizuteria.pl - sklep z r\u0119cznie robion\u0105 bi\u017cuteri\u0105","article_modified_time":"2023-08-01T14:33:50+00:00","og_image":[{"width":482,"height":362,"url":"https:\/\/handybizuteria.pl\/wp-content\/uploads\/2020\/11\/img-20201113-131912-3.jpg","type":"image\/jpeg"}],"twitter_card":"summary_large_image","schema":{"@context":"https:\/\/schema.org","@graph":[{"@type":"WebPage","@id":"https:\/\/handybizuteria.pl\/index.php\/produkt\/pierscionek-kasta-2\/","url":"https:\/\/handybizuteria.pl\/index.php\/produkt\/pierscionek-kasta-2\/","name":"Pier\u015bcionek \/ Kasta - handybizuteria.pl - sklep z r\u0119cznie robion\u0105 bi\u017cuteri\u0105","isPartOf":{"@id":"https:\/\/handybizuteria.pl\/#website"},"primaryImageOfPage":{"@id":"https:\/\/handybizuteria.pl\/index.php\/produkt\/pierscionek-kasta-2\/#primaryimage"},"image":{"@id":"https:\/\/handybizuteria.pl\/index.php\/produkt\/pierscionek-kasta-2\/#primaryimage"},"thumbnailUrl":"https:\/\/handybizuteria.pl\/wp-content\/uploads\/2020\/11\/img-20201113-131912-3.jpg","datePublished":"2020-11-17T16:27:35+00:00","dateModified":"2023-08-01T14:33:50+00:00","breadcrumb":{"@id":"https:\/\/handybizuteria.pl\/index.php\/produkt\/pierscionek-kasta-2\/#breadcrumb"},"inLanguage":"pl-PL","potentialAction":[{"@type":"ReadAction","target":["https:\/\/handybizuteria.pl\/index.php\/produkt\/pierscionek-kasta-2\/"]}]},{"@type":"ImageObject","inLanguage":"pl-PL","@id":"https:\/\/handybizuteria.pl\/index.php\/produkt\/pierscionek-kasta-2\/#primaryimage","url":"https:\/\/handybizuteria.pl\/wp-content\/uploads\/2020\/11\/img-20201113-131912-3.jpg","contentUrl":"https:\/\/handybizuteria.pl\/wp-content\/uploads\/2020\/11\/img-20201113-131912-3.jpg","width":482,"height":362},{"@type":"BreadcrumbList","@id":"https:\/\/handybizuteria.pl\/index.php\/produkt\/pierscionek-kasta-2\/#breadcrumb","itemListElement":[{"@type":"ListItem","position":1,"name":"Strona g\u0142\u00f3wna","item":"https:\/\/handybizuteria.pl\/"},{"@type":"ListItem","position":2,"name":"Sklep","item":"https:\/\/handybizuteria.pl\/index.php\/sklep\/"},{"@type":"ListItem","position":3,"name":"Pier\u015bcionek \/ Kasta"}]},{"@type":"WebSite","@id":"https:\/\/handybizuteria.pl\/#website","url":"https:\/\/handybizuteria.pl\/","name":"handybizuteria.pl - sklep z r\u0119cznie robion\u0105 bi\u017cuteri\u0105","description":"handybizuteria.pl - sklep z r\u0119cznie robion\u0105 bi\u017cuteri\u0105","publisher":{"@id":"https:\/\/handybizuteria.pl\/#organization"},"potentialAction":[{"@type":"SearchAction","target":{"@type":"EntryPoint","urlTemplate":"https:\/\/handybizuteria.pl\/?s={search_term_string}"},"query-input":{"@type":"PropertyValueSpecification","valueRequired":true,"valueName":"search_term_string"}}],"inLanguage":"pl-PL"},{"@type":"Organization","@id":"https:\/\/handybizuteria.pl\/#organization","name":"handybizuteria.pl - sklep z r\u0119cznie robion\u0105 bi\u017cuteri\u0105","url":"https:\/\/handybizuteria.pl\/","logo":{"@type":"ImageObject","inLanguage":"pl-PL","@id":"https:\/\/handybizuteria.pl\/#\/schema\/logo\/image\/","url":"https:\/\/handybizuteria.pl\/wp-content\/uploads\/2020\/08\/cropped-handy-logo-full-black.png","contentUrl":"https:\/\/handybizuteria.pl\/wp-content\/uploads\/2020\/08\/cropped-handy-logo-full-black.png","width":2379,"height":1605,"caption":"handybizuteria.pl - sklep z r\u0119cznie robion\u0105 bi\u017cuteri\u0105"},"image":{"@id":"https:\/\/handybizuteria.pl\/#\/schema\/logo\/image\/"}}]}},"uagb_featured_image_src":{"full":["https:\/\/handybizuteria.pl\/wp-content\/uploads\/2020\/11\/img-20201113-131912-3.jpg",482,362,false],"thumbnail":["https:\/\/handybizuteria.pl\/wp-content\/uploads\/2020\/11\/img-20201113-131912-3-150x150.jpg",150,150,true],"medium":["https:\/\/handybizuteria.pl\/wp-content\/uploads\/2020\/11\/img-20201113-131912-3-300x225.jpg",300,225,true],"medium_large":["https:\/\/handybizuteria.pl\/wp-content\/uploads\/2020\/11\/img-20201113-131912-3.jpg",482,362,false],"large":["https:\/\/handybizuteria.pl\/wp-content\/uploads\/2020\/11\/img-20201113-131912-3.jpg",482,362,false],"1536x1536":["https:\/\/handybizuteria.pl\/wp-content\/uploads\/2020\/11\/img-20201113-131912-3.jpg",482,362,false],"2048x2048":["https:\/\/handybizuteria.pl\/wp-content\/uploads\/2020\/11\/img-20201113-131912-3.jpg",482,362,false],"woocommerce_thumbnail":["https:\/\/handybizuteria.pl\/wp-content\/uploads\/2020\/11\/img-20201113-131912-3-300x300.jpg",300,300,true],"woocommerce_single":["https:\/\/handybizuteria.pl\/wp-content\/uploads\/2020\/11\/img-20201113-131912-3.jpg",482,362,false],"woocommerce_gallery_thumbnail":["https:\/\/handybizuteria.pl\/wp-content\/uploads\/2020\/11\/img-20201113-131912-3-100x100.jpg",100,100,true]},"uagb_author_info":{"display_name":"Aga Laufer","author_link":"https:\/\/handybizuteria.pl\/index.php\/author\/"},"uagb_comment_info":0,"uagb_excerpt":"Kasta to tr\u00f3jwymiarowy wz\u00f3r o mocno wystaj\u0105cej cz\u0119\u015bci ozdobnej Ca\u0142a sztuka w tym pier\u015bcionku to takie dobranie i po\u0142\u0105czenie r\u00f3\u017cnej wielko\u015bci koralik\u00f3w, aby utworzy\u0107 pi\u0119kny, wypuk\u0142y element ozdobny.","_links":{"self":[{"href":"https:\/\/handybizuteria.pl\/index.php\/wp-json\/wp\/v2\/product\/2759","targetHints":{"allow":["GET"]}}],"collection":[{"href":"https:\/\/handybizuteria.pl\/index.php\/wp-json\/wp\/v2\/product"}],"about":[{"href":"https:\/\/handybizuteria.pl\/index.php\/wp-json\/wp\/v2\/types\/product"}],"replies":[{"embeddable":true,"href":"https:\/\/handybizuteria.pl\/index.php\/wp-json\/wp\/v2\/comments?post=2759"}],"wp:featuredmedia":[{"embeddable":true,"href":"https:\/\/handybizuteria.pl\/index.php\/wp-json\/wp\/v2\/media\/2770"}],"wp:attachment":[{"href":"https:\/\/handybizuteria.pl\/index.php\/wp-json\/wp\/v2\/media?parent=2759"}],"wp:term":[{"taxonomy":"product_brand","embeddable":true,"href":"https:\/\/handybizuteria.pl\/index.php\/wp-json\/wp\/v2\/product_brand?post=2759"},{"taxonomy":"product_cat","embeddable":true,"href":"https:\/\/handybizuteria.pl\/index.php\/wp-json\/wp\/v2\/product_cat?post=2759"},{"taxonomy":"product_tag","embeddable":true,"href":"https:\/\/handybizuteria.pl\/index.php\/wp-json\/wp\/v2\/product_tag?post=2759"}],"curies":[{"name":"wp","href":"https:\/\/api.w.org\/{rel}","templated":true}]}}