{"id":2732,"date":"2020-11-17T14:48:09","date_gmt":"2020-11-17T14:48:09","guid":{"rendered":"https:\/\/handybizuteria.pl\/?post_type=product&#038;p=2732"},"modified":"2024-03-09T15:07:37","modified_gmt":"2024-03-09T15:07:37","slug":"pierscionek-cosmos","status":"publish","type":"product","link":"https:\/\/handybizuteria.pl\/index.php\/produkt\/pierscionek-cosmos\/","title":{"rendered":"Pier\u015bcionek \/ Cosmos"},"content":{"rendered":"<p>Cosmo to pier\u015bcionek &#8222;utkany&#8221; z miniaturowych szklanych koralik\u00f3w Japo\u0144skich. Prosty, nowoczesny wz\u00f3r. Projekt charakterem jest zbli\u017cony do serii pier\u015bcionk\u00f3w z hematytami, wi\u0119c je\u015bli kto\u015b lubi ten styl to i ten pier\u015bcionek przypadnie mu do gustu.<\/p>\n","protected":false},"excerpt":{"rendered":"<h6 style=\"text-align: left;\">Cosmo to minimalizm w najlepszym wydaniu<\/h6>\n<p style=\"text-align: left;\">Najlepszej klasy szklane koraliki Japo\u0144skie po\u0142\u0105czone ze sob\u0105 w misterny spos\u00f3b. Projekt jest nowoczesny i pi\u0119knie prezentuje si\u0119 na d\u0142oni.<\/p>\n","protected":false},"featured_media":2749,"comment_status":"open","ping_status":"closed","template":"","meta":{"_uag_custom_page_level_css":"","site-sidebar-layout":"default","site-content-layout":"default","ast-global-header-display":"","ast-banner-title-visibility":"","ast-main-header-display":"","ast-hfb-above-header-display":"","ast-hfb-below-header-display":"","ast-hfb-mobile-header-display":"","site-post-title":"","ast-breadcrumbs-content":"","ast-featured-img":"","footer-sml-layout":"","theme-transparent-header-meta":"default","adv-header-id-meta":"","stick-header-meta":"","header-above-stick-meta":"","header-main-stick-meta":"","header-below-stick-meta":""},"product_brand":[],"product_cat":[369,364,85],"product_tag":[],"class_list":{"0":"post-2732","1":"product","2":"type-product","3":"status-publish","4":"has-post-thumbnail","6":"product_cat-pierscionki-pierscionki","7":"product_cat-l","8":"product_cat-pierscionki","9":"desktop-align-left","10":"tablet-align-left","11":"mobile-align-left","13":"first","14":"instock","15":"featured","16":"sold-individually","17":"shipping-taxable","18":"purchasable","19":"product-type-simple"},"yoast_head":"<!-- This site is optimized with the Yoast SEO plugin v26.3 - https:\/\/yoast.com\/wordpress\/plugins\/seo\/ -->\n<title>Pier\u015bcionek \/ Cosmos - handybizuteria.pl - sklep z r\u0119cznie robion\u0105 bi\u017cuteri\u0105<\/title>\n<meta name=\"robots\" content=\"index, follow, max-snippet:-1, max-image-preview:large, max-video-preview:-1\" \/>\n<link rel=\"canonical\" href=\"https:\/\/handybizuteria.pl\/index.php\/produkt\/pierscionek-cosmos\/\" \/>\n<meta property=\"og:locale\" content=\"pl_PL\" \/>\n<meta property=\"og:type\" content=\"article\" \/>\n<meta property=\"og:title\" content=\"Pier\u015bcionek \/ Cosmos - handybizuteria.pl - sklep z r\u0119cznie robion\u0105 bi\u017cuteri\u0105\" \/>\n<meta property=\"og:description\" content=\"Cosmo to minimalizm w najlepszym wydaniu Najlepszej klasy szklane koraliki Japo\u0144skie po\u0142\u0105czone ze sob\u0105 w misterny spos\u00f3b. Projekt jest nowoczesny i pi\u0119knie prezentuje si\u0119 na d\u0142oni.\" \/>\n<meta property=\"og:url\" content=\"https:\/\/handybizuteria.pl\/index.php\/produkt\/pierscionek-cosmos\/\" \/>\n<meta property=\"og:site_name\" content=\"handybizuteria.pl - sklep z r\u0119cznie robion\u0105 bi\u017cuteri\u0105\" \/>\n<meta property=\"article:modified_time\" content=\"2024-03-09T15:07:37+00:00\" \/>\n<meta property=\"og:image\" content=\"https:\/\/handybizuteria.pl\/wp-content\/uploads\/2020\/11\/img-20201113-134914-2-3.jpg\" \/>\n\t<meta property=\"og:image:width\" content=\"689\" \/>\n\t<meta property=\"og:image:height\" content=\"517\" \/>\n\t<meta property=\"og:image:type\" content=\"image\/jpeg\" \/>\n<meta name=\"twitter:card\" content=\"summary_large_image\" \/>\n<script type=\"application\/ld+json\" class=\"yoast-schema-graph\">{\"@context\":\"https:\/\/schema.org\",\"@graph\":[{\"@type\":\"WebPage\",\"@id\":\"https:\/\/handybizuteria.pl\/index.php\/produkt\/pierscionek-cosmos\/\",\"url\":\"https:\/\/handybizuteria.pl\/index.php\/produkt\/pierscionek-cosmos\/\",\"name\":\"Pier\u015bcionek \/ Cosmos - handybizuteria.pl - sklep z r\u0119cznie robion\u0105 bi\u017cuteri\u0105\",\"isPartOf\":{\"@id\":\"https:\/\/handybizuteria.pl\/#website\"},\"primaryImageOfPage\":{\"@id\":\"https:\/\/handybizuteria.pl\/index.php\/produkt\/pierscionek-cosmos\/#primaryimage\"},\"image\":{\"@id\":\"https:\/\/handybizuteria.pl\/index.php\/produkt\/pierscionek-cosmos\/#primaryimage\"},\"thumbnailUrl\":\"https:\/\/handybizuteria.pl\/wp-content\/uploads\/2020\/11\/img-20201113-134914-2-3.jpg\",\"datePublished\":\"2020-11-17T14:48:09+00:00\",\"dateModified\":\"2024-03-09T15:07:37+00:00\",\"breadcrumb\":{\"@id\":\"https:\/\/handybizuteria.pl\/index.php\/produkt\/pierscionek-cosmos\/#breadcrumb\"},\"inLanguage\":\"pl-PL\",\"potentialAction\":[{\"@type\":\"ReadAction\",\"target\":[\"https:\/\/handybizuteria.pl\/index.php\/produkt\/pierscionek-cosmos\/\"]}]},{\"@type\":\"ImageObject\",\"inLanguage\":\"pl-PL\",\"@id\":\"https:\/\/handybizuteria.pl\/index.php\/produkt\/pierscionek-cosmos\/#primaryimage\",\"url\":\"https:\/\/handybizuteria.pl\/wp-content\/uploads\/2020\/11\/img-20201113-134914-2-3.jpg\",\"contentUrl\":\"https:\/\/handybizuteria.pl\/wp-content\/uploads\/2020\/11\/img-20201113-134914-2-3.jpg\",\"width\":689,\"height\":517},{\"@type\":\"BreadcrumbList\",\"@id\":\"https:\/\/handybizuteria.pl\/index.php\/produkt\/pierscionek-cosmos\/#breadcrumb\",\"itemListElement\":[{\"@type\":\"ListItem\",\"position\":1,\"name\":\"Strona g\u0142\u00f3wna\",\"item\":\"https:\/\/handybizuteria.pl\/\"},{\"@type\":\"ListItem\",\"position\":2,\"name\":\"Sklep\",\"item\":\"https:\/\/handybizuteria.pl\/index.php\/sklep\/\"},{\"@type\":\"ListItem\",\"position\":3,\"name\":\"Pier\u015bcionek \/ Cosmos\"}]},{\"@type\":\"WebSite\",\"@id\":\"https:\/\/handybizuteria.pl\/#website\",\"url\":\"https:\/\/handybizuteria.pl\/\",\"name\":\"handybizuteria.pl - sklep z r\u0119cznie robion\u0105 bi\u017cuteri\u0105\",\"description\":\"handybizuteria.pl - sklep z r\u0119cznie robion\u0105 bi\u017cuteri\u0105\",\"publisher\":{\"@id\":\"https:\/\/handybizuteria.pl\/#organization\"},\"potentialAction\":[{\"@type\":\"SearchAction\",\"target\":{\"@type\":\"EntryPoint\",\"urlTemplate\":\"https:\/\/handybizuteria.pl\/?s={search_term_string}\"},\"query-input\":{\"@type\":\"PropertyValueSpecification\",\"valueRequired\":true,\"valueName\":\"search_term_string\"}}],\"inLanguage\":\"pl-PL\"},{\"@type\":\"Organization\",\"@id\":\"https:\/\/handybizuteria.pl\/#organization\",\"name\":\"handybizuteria.pl - sklep z r\u0119cznie robion\u0105 bi\u017cuteri\u0105\",\"url\":\"https:\/\/handybizuteria.pl\/\",\"logo\":{\"@type\":\"ImageObject\",\"inLanguage\":\"pl-PL\",\"@id\":\"https:\/\/handybizuteria.pl\/#\/schema\/logo\/image\/\",\"url\":\"https:\/\/handybizuteria.pl\/wp-content\/uploads\/2020\/08\/cropped-handy-logo-full-black.png\",\"contentUrl\":\"https:\/\/handybizuteria.pl\/wp-content\/uploads\/2020\/08\/cropped-handy-logo-full-black.png\",\"width\":2379,\"height\":1605,\"caption\":\"handybizuteria.pl - sklep z r\u0119cznie robion\u0105 bi\u017cuteri\u0105\"},\"image\":{\"@id\":\"https:\/\/handybizuteria.pl\/#\/schema\/logo\/image\/\"}}]}<\/script>\n<!-- \/ Yoast SEO plugin. -->","yoast_head_json":{"title":"Pier\u015bcionek \/ Cosmos - handybizuteria.pl - sklep z r\u0119cznie robion\u0105 bi\u017cuteri\u0105","robots":{"index":"index","follow":"follow","max-snippet":"max-snippet:-1","max-image-preview":"max-image-preview:large","max-video-preview":"max-video-preview:-1"},"canonical":"https:\/\/handybizuteria.pl\/index.php\/produkt\/pierscionek-cosmos\/","og_locale":"pl_PL","og_type":"article","og_title":"Pier\u015bcionek \/ Cosmos - handybizuteria.pl - sklep z r\u0119cznie robion\u0105 bi\u017cuteri\u0105","og_description":"Cosmo to minimalizm w najlepszym wydaniu Najlepszej klasy szklane koraliki Japo\u0144skie po\u0142\u0105czone ze sob\u0105 w misterny spos\u00f3b. Projekt jest nowoczesny i pi\u0119knie prezentuje si\u0119 na d\u0142oni.","og_url":"https:\/\/handybizuteria.pl\/index.php\/produkt\/pierscionek-cosmos\/","og_site_name":"handybizuteria.pl - sklep z r\u0119cznie robion\u0105 bi\u017cuteri\u0105","article_modified_time":"2024-03-09T15:07:37+00:00","og_image":[{"width":689,"height":517,"url":"https:\/\/handybizuteria.pl\/wp-content\/uploads\/2020\/11\/img-20201113-134914-2-3.jpg","type":"image\/jpeg"}],"twitter_card":"summary_large_image","schema":{"@context":"https:\/\/schema.org","@graph":[{"@type":"WebPage","@id":"https:\/\/handybizuteria.pl\/index.php\/produkt\/pierscionek-cosmos\/","url":"https:\/\/handybizuteria.pl\/index.php\/produkt\/pierscionek-cosmos\/","name":"Pier\u015bcionek \/ Cosmos - handybizuteria.pl - sklep z r\u0119cznie robion\u0105 bi\u017cuteri\u0105","isPartOf":{"@id":"https:\/\/handybizuteria.pl\/#website"},"primaryImageOfPage":{"@id":"https:\/\/handybizuteria.pl\/index.php\/produkt\/pierscionek-cosmos\/#primaryimage"},"image":{"@id":"https:\/\/handybizuteria.pl\/index.php\/produkt\/pierscionek-cosmos\/#primaryimage"},"thumbnailUrl":"https:\/\/handybizuteria.pl\/wp-content\/uploads\/2020\/11\/img-20201113-134914-2-3.jpg","datePublished":"2020-11-17T14:48:09+00:00","dateModified":"2024-03-09T15:07:37+00:00","breadcrumb":{"@id":"https:\/\/handybizuteria.pl\/index.php\/produkt\/pierscionek-cosmos\/#breadcrumb"},"inLanguage":"pl-PL","potentialAction":[{"@type":"ReadAction","target":["https:\/\/handybizuteria.pl\/index.php\/produkt\/pierscionek-cosmos\/"]}]},{"@type":"ImageObject","inLanguage":"pl-PL","@id":"https:\/\/handybizuteria.pl\/index.php\/produkt\/pierscionek-cosmos\/#primaryimage","url":"https:\/\/handybizuteria.pl\/wp-content\/uploads\/2020\/11\/img-20201113-134914-2-3.jpg","contentUrl":"https:\/\/handybizuteria.pl\/wp-content\/uploads\/2020\/11\/img-20201113-134914-2-3.jpg","width":689,"height":517},{"@type":"BreadcrumbList","@id":"https:\/\/handybizuteria.pl\/index.php\/produkt\/pierscionek-cosmos\/#breadcrumb","itemListElement":[{"@type":"ListItem","position":1,"name":"Strona g\u0142\u00f3wna","item":"https:\/\/handybizuteria.pl\/"},{"@type":"ListItem","position":2,"name":"Sklep","item":"https:\/\/handybizuteria.pl\/index.php\/sklep\/"},{"@type":"ListItem","position":3,"name":"Pier\u015bcionek \/ Cosmos"}]},{"@type":"WebSite","@id":"https:\/\/handybizuteria.pl\/#website","url":"https:\/\/handybizuteria.pl\/","name":"handybizuteria.pl - sklep z r\u0119cznie robion\u0105 bi\u017cuteri\u0105","description":"handybizuteria.pl - sklep z r\u0119cznie robion\u0105 bi\u017cuteri\u0105","publisher":{"@id":"https:\/\/handybizuteria.pl\/#organization"},"potentialAction":[{"@type":"SearchAction","target":{"@type":"EntryPoint","urlTemplate":"https:\/\/handybizuteria.pl\/?s={search_term_string}"},"query-input":{"@type":"PropertyValueSpecification","valueRequired":true,"valueName":"search_term_string"}}],"inLanguage":"pl-PL"},{"@type":"Organization","@id":"https:\/\/handybizuteria.pl\/#organization","name":"handybizuteria.pl - sklep z r\u0119cznie robion\u0105 bi\u017cuteri\u0105","url":"https:\/\/handybizuteria.pl\/","logo":{"@type":"ImageObject","inLanguage":"pl-PL","@id":"https:\/\/handybizuteria.pl\/#\/schema\/logo\/image\/","url":"https:\/\/handybizuteria.pl\/wp-content\/uploads\/2020\/08\/cropped-handy-logo-full-black.png","contentUrl":"https:\/\/handybizuteria.pl\/wp-content\/uploads\/2020\/08\/cropped-handy-logo-full-black.png","width":2379,"height":1605,"caption":"handybizuteria.pl - sklep z r\u0119cznie robion\u0105 bi\u017cuteri\u0105"},"image":{"@id":"https:\/\/handybizuteria.pl\/#\/schema\/logo\/image\/"}}]}},"uagb_featured_image_src":{"full":["https:\/\/handybizuteria.pl\/wp-content\/uploads\/2020\/11\/img-20201113-134914-2-3.jpg",689,517,false],"thumbnail":["https:\/\/handybizuteria.pl\/wp-content\/uploads\/2020\/11\/img-20201113-134914-2-3-150x150.jpg",150,150,true],"medium":["https:\/\/handybizuteria.pl\/wp-content\/uploads\/2020\/11\/img-20201113-134914-2-3-300x225.jpg",300,225,true],"medium_large":["https:\/\/handybizuteria.pl\/wp-content\/uploads\/2020\/11\/img-20201113-134914-2-3.jpg",689,517,false],"large":["https:\/\/handybizuteria.pl\/wp-content\/uploads\/2020\/11\/img-20201113-134914-2-3.jpg",689,517,false],"1536x1536":["https:\/\/handybizuteria.pl\/wp-content\/uploads\/2020\/11\/img-20201113-134914-2-3.jpg",689,517,false],"2048x2048":["https:\/\/handybizuteria.pl\/wp-content\/uploads\/2020\/11\/img-20201113-134914-2-3.jpg",689,517,false],"woocommerce_thumbnail":["https:\/\/handybizuteria.pl\/wp-content\/uploads\/2020\/11\/img-20201113-134914-2-3-300x300.jpg",300,300,true],"woocommerce_single":["https:\/\/handybizuteria.pl\/wp-content\/uploads\/2020\/11\/img-20201113-134914-2-3-600x450.jpg",600,450,true],"woocommerce_gallery_thumbnail":["https:\/\/handybizuteria.pl\/wp-content\/uploads\/2020\/11\/img-20201113-134914-2-3-100x100.jpg",100,100,true]},"uagb_author_info":{"display_name":"Aga Laufer","author_link":"https:\/\/handybizuteria.pl\/index.php\/author\/"},"uagb_comment_info":1,"uagb_excerpt":"Cosmo to minimalizm w najlepszym wydaniu Najlepszej klasy szklane koraliki Japo\u0144skie po\u0142\u0105czone ze sob\u0105 w misterny spos\u00f3b. Projekt jest nowoczesny i pi\u0119knie prezentuje si\u0119 na d\u0142oni.","_links":{"self":[{"href":"https:\/\/handybizuteria.pl\/index.php\/wp-json\/wp\/v2\/product\/2732","targetHints":{"allow":["GET"]}}],"collection":[{"href":"https:\/\/handybizuteria.pl\/index.php\/wp-json\/wp\/v2\/product"}],"about":[{"href":"https:\/\/handybizuteria.pl\/index.php\/wp-json\/wp\/v2\/types\/product"}],"replies":[{"embeddable":true,"href":"https:\/\/handybizuteria.pl\/index.php\/wp-json\/wp\/v2\/comments?post=2732"}],"wp:featuredmedia":[{"embeddable":true,"href":"https:\/\/handybizuteria.pl\/index.php\/wp-json\/wp\/v2\/media\/2749"}],"wp:attachment":[{"href":"https:\/\/handybizuteria.pl\/index.php\/wp-json\/wp\/v2\/media?parent=2732"}],"wp:term":[{"taxonomy":"product_brand","embeddable":true,"href":"https:\/\/handybizuteria.pl\/index.php\/wp-json\/wp\/v2\/product_brand?post=2732"},{"taxonomy":"product_cat","embeddable":true,"href":"https:\/\/handybizuteria.pl\/index.php\/wp-json\/wp\/v2\/product_cat?post=2732"},{"taxonomy":"product_tag","embeddable":true,"href":"https:\/\/handybizuteria.pl\/index.php\/wp-json\/wp\/v2\/product_tag?post=2732"}],"curies":[{"name":"wp","href":"https:\/\/api.w.org\/{rel}","templated":true}]}}