{"id":1845,"date":"2020-11-03T18:05:24","date_gmt":"2020-11-03T18:05:24","guid":{"rendered":"https:\/\/handybizuteria.pl\/?post_type=product&#038;p=1845"},"modified":"2024-03-09T15:08:44","modified_gmt":"2024-03-09T15:08:44","slug":"bransoletka-bubble-2","status":"publish","type":"product","link":"https:\/\/handybizuteria.pl\/index.php\/produkt\/bransoletka-bubble-2\/","title":{"rendered":"Bransoletka \/ Bubble"},"content":{"rendered":"<p>Ciekawy wz\u00f3r bransoletki, sprawiaj\u0105cej wra\u017cenie stworzonej jakby z b\u0105belk\u00f3w. Jest bardzo 3D tzn dzi\u0119ki temu, \u017ce wz\u00f3r jest wykonywany warstwowo kulki uk\u0142adaj\u0105 si\u0119 w specyficzny spos\u00f3b i nadaj\u0105 bransoletce tr\u00f3jwymiarowo\u015bci. Na nadgarstku wygl\u0105daj\u0105 naprawd\u0119 bardzo efektownie. Ta bransoletka cz\u0119sto jest na podium w ocenie ogl\u0105daj\u0105cych j\u0105 Klientek.<\/p>\n","protected":false},"excerpt":{"rendered":"<h6 style=\"text-align: left;\">Bubble czyli b\u0105belek, bardzo tr\u00f3jwymiarowa fiku\u015bna bransoletka!<\/h6>\n<p style=\"text-align: left;\">W\u0142a\u015bciwie to nie wiem co w niej jest, ale si\u0119 podoba &#8230; mo\u017ce dlatego, \u017ce jest taka inna od wszystkich?<\/p>\n","protected":false},"featured_media":1852,"comment_status":"open","ping_status":"closed","template":"","meta":{"_uag_custom_page_level_css":"","site-sidebar-layout":"default","site-content-layout":"default","ast-global-header-display":"","ast-banner-title-visibility":"","ast-main-header-display":"","ast-hfb-above-header-display":"","ast-hfb-below-header-display":"","ast-hfb-mobile-header-display":"","site-post-title":"","ast-breadcrumbs-content":"","ast-featured-img":"","footer-sml-layout":"","theme-transparent-header-meta":"default","adv-header-id-meta":"","stick-header-meta":"default","header-above-stick-meta":"","header-main-stick-meta":"","header-below-stick-meta":""},"product_brand":[],"product_cat":[31,379,377],"product_tag":[],"class_list":{"0":"post-1845","1":"product","2":"type-product","3":"status-publish","4":"has-post-thumbnail","6":"product_cat-bransoletki","7":"product_cat-3d","8":"product_cat-zapinane","9":"desktop-align-left","10":"tablet-align-left","11":"mobile-align-left","13":"first","14":"instock","15":"featured","16":"sold-individually","17":"shipping-taxable","18":"purchasable","19":"product-type-simple"},"yoast_head":"<!-- This site is optimized with the Yoast SEO plugin v26.3 - https:\/\/yoast.com\/wordpress\/plugins\/seo\/ -->\n<title>Bransoletka \/ Bubble - handybizuteria.pl - sklep z r\u0119cznie robion\u0105 bi\u017cuteri\u0105<\/title>\n<meta name=\"robots\" content=\"index, follow, max-snippet:-1, max-image-preview:large, max-video-preview:-1\" \/>\n<link rel=\"canonical\" href=\"https:\/\/handybizuteria.pl\/index.php\/produkt\/bransoletka-bubble-2\/\" \/>\n<meta property=\"og:locale\" content=\"pl_PL\" \/>\n<meta property=\"og:type\" content=\"article\" \/>\n<meta property=\"og:title\" content=\"Bransoletka \/ Bubble - handybizuteria.pl - sklep z r\u0119cznie robion\u0105 bi\u017cuteri\u0105\" \/>\n<meta property=\"og:description\" content=\"Bubble czyli b\u0105belek, bardzo tr\u00f3jwymiarowa fiku\u015bna bransoletka! W\u0142a\u015bciwie to nie wiem co w niej jest, ale si\u0119 podoba ... mo\u017ce dlatego, \u017ce jest taka inna od wszystkich?\" \/>\n<meta property=\"og:url\" content=\"https:\/\/handybizuteria.pl\/index.php\/produkt\/bransoletka-bubble-2\/\" \/>\n<meta property=\"og:site_name\" content=\"handybizuteria.pl - sklep z r\u0119cznie robion\u0105 bi\u017cuteri\u0105\" \/>\n<meta property=\"article:modified_time\" content=\"2024-03-09T15:08:44+00:00\" \/>\n<meta property=\"og:image\" content=\"https:\/\/handybizuteria.pl\/wp-content\/uploads\/2020\/11\/BV_015_5-4.jpg\" \/>\n\t<meta property=\"og:image:width\" content=\"1200\" \/>\n\t<meta property=\"og:image:height\" content=\"900\" \/>\n\t<meta property=\"og:image:type\" content=\"image\/jpeg\" \/>\n<meta name=\"twitter:card\" content=\"summary_large_image\" \/>\n<script type=\"application\/ld+json\" class=\"yoast-schema-graph\">{\"@context\":\"https:\/\/schema.org\",\"@graph\":[{\"@type\":\"WebPage\",\"@id\":\"https:\/\/handybizuteria.pl\/index.php\/produkt\/bransoletka-bubble-2\/\",\"url\":\"https:\/\/handybizuteria.pl\/index.php\/produkt\/bransoletka-bubble-2\/\",\"name\":\"Bransoletka \/ Bubble - handybizuteria.pl - sklep z r\u0119cznie robion\u0105 bi\u017cuteri\u0105\",\"isPartOf\":{\"@id\":\"https:\/\/handybizuteria.pl\/#website\"},\"primaryImageOfPage\":{\"@id\":\"https:\/\/handybizuteria.pl\/index.php\/produkt\/bransoletka-bubble-2\/#primaryimage\"},\"image\":{\"@id\":\"https:\/\/handybizuteria.pl\/index.php\/produkt\/bransoletka-bubble-2\/#primaryimage\"},\"thumbnailUrl\":\"https:\/\/handybizuteria.pl\/wp-content\/uploads\/2020\/11\/BV_015_5-4.jpg\",\"datePublished\":\"2020-11-03T18:05:24+00:00\",\"dateModified\":\"2024-03-09T15:08:44+00:00\",\"breadcrumb\":{\"@id\":\"https:\/\/handybizuteria.pl\/index.php\/produkt\/bransoletka-bubble-2\/#breadcrumb\"},\"inLanguage\":\"pl-PL\",\"potentialAction\":[{\"@type\":\"ReadAction\",\"target\":[\"https:\/\/handybizuteria.pl\/index.php\/produkt\/bransoletka-bubble-2\/\"]}]},{\"@type\":\"ImageObject\",\"inLanguage\":\"pl-PL\",\"@id\":\"https:\/\/handybizuteria.pl\/index.php\/produkt\/bransoletka-bubble-2\/#primaryimage\",\"url\":\"https:\/\/handybizuteria.pl\/wp-content\/uploads\/2020\/11\/BV_015_5-4.jpg\",\"contentUrl\":\"https:\/\/handybizuteria.pl\/wp-content\/uploads\/2020\/11\/BV_015_5-4.jpg\",\"width\":1200,\"height\":900},{\"@type\":\"BreadcrumbList\",\"@id\":\"https:\/\/handybizuteria.pl\/index.php\/produkt\/bransoletka-bubble-2\/#breadcrumb\",\"itemListElement\":[{\"@type\":\"ListItem\",\"position\":1,\"name\":\"Strona g\u0142\u00f3wna\",\"item\":\"https:\/\/handybizuteria.pl\/\"},{\"@type\":\"ListItem\",\"position\":2,\"name\":\"Sklep\",\"item\":\"https:\/\/handybizuteria.pl\/index.php\/sklep\/\"},{\"@type\":\"ListItem\",\"position\":3,\"name\":\"Bransoletka \/ Bubble\"}]},{\"@type\":\"WebSite\",\"@id\":\"https:\/\/handybizuteria.pl\/#website\",\"url\":\"https:\/\/handybizuteria.pl\/\",\"name\":\"handybizuteria.pl - sklep z r\u0119cznie robion\u0105 bi\u017cuteri\u0105\",\"description\":\"handybizuteria.pl - sklep z r\u0119cznie robion\u0105 bi\u017cuteri\u0105\",\"publisher\":{\"@id\":\"https:\/\/handybizuteria.pl\/#organization\"},\"potentialAction\":[{\"@type\":\"SearchAction\",\"target\":{\"@type\":\"EntryPoint\",\"urlTemplate\":\"https:\/\/handybizuteria.pl\/?s={search_term_string}\"},\"query-input\":{\"@type\":\"PropertyValueSpecification\",\"valueRequired\":true,\"valueName\":\"search_term_string\"}}],\"inLanguage\":\"pl-PL\"},{\"@type\":\"Organization\",\"@id\":\"https:\/\/handybizuteria.pl\/#organization\",\"name\":\"handybizuteria.pl - sklep z r\u0119cznie robion\u0105 bi\u017cuteri\u0105\",\"url\":\"https:\/\/handybizuteria.pl\/\",\"logo\":{\"@type\":\"ImageObject\",\"inLanguage\":\"pl-PL\",\"@id\":\"https:\/\/handybizuteria.pl\/#\/schema\/logo\/image\/\",\"url\":\"https:\/\/handybizuteria.pl\/wp-content\/uploads\/2020\/08\/cropped-handy-logo-full-black.png\",\"contentUrl\":\"https:\/\/handybizuteria.pl\/wp-content\/uploads\/2020\/08\/cropped-handy-logo-full-black.png\",\"width\":2379,\"height\":1605,\"caption\":\"handybizuteria.pl - sklep z r\u0119cznie robion\u0105 bi\u017cuteri\u0105\"},\"image\":{\"@id\":\"https:\/\/handybizuteria.pl\/#\/schema\/logo\/image\/\"}}]}<\/script>\n<!-- \/ Yoast SEO plugin. -->","yoast_head_json":{"title":"Bransoletka \/ Bubble - handybizuteria.pl - sklep z r\u0119cznie robion\u0105 bi\u017cuteri\u0105","robots":{"index":"index","follow":"follow","max-snippet":"max-snippet:-1","max-image-preview":"max-image-preview:large","max-video-preview":"max-video-preview:-1"},"canonical":"https:\/\/handybizuteria.pl\/index.php\/produkt\/bransoletka-bubble-2\/","og_locale":"pl_PL","og_type":"article","og_title":"Bransoletka \/ Bubble - handybizuteria.pl - sklep z r\u0119cznie robion\u0105 bi\u017cuteri\u0105","og_description":"Bubble czyli b\u0105belek, bardzo tr\u00f3jwymiarowa fiku\u015bna bransoletka! W\u0142a\u015bciwie to nie wiem co w niej jest, ale si\u0119 podoba ... mo\u017ce dlatego, \u017ce jest taka inna od wszystkich?","og_url":"https:\/\/handybizuteria.pl\/index.php\/produkt\/bransoletka-bubble-2\/","og_site_name":"handybizuteria.pl - sklep z r\u0119cznie robion\u0105 bi\u017cuteri\u0105","article_modified_time":"2024-03-09T15:08:44+00:00","og_image":[{"width":1200,"height":900,"url":"https:\/\/handybizuteria.pl\/wp-content\/uploads\/2020\/11\/BV_015_5-4.jpg","type":"image\/jpeg"}],"twitter_card":"summary_large_image","schema":{"@context":"https:\/\/schema.org","@graph":[{"@type":"WebPage","@id":"https:\/\/handybizuteria.pl\/index.php\/produkt\/bransoletka-bubble-2\/","url":"https:\/\/handybizuteria.pl\/index.php\/produkt\/bransoletka-bubble-2\/","name":"Bransoletka \/ Bubble - handybizuteria.pl - sklep z r\u0119cznie robion\u0105 bi\u017cuteri\u0105","isPartOf":{"@id":"https:\/\/handybizuteria.pl\/#website"},"primaryImageOfPage":{"@id":"https:\/\/handybizuteria.pl\/index.php\/produkt\/bransoletka-bubble-2\/#primaryimage"},"image":{"@id":"https:\/\/handybizuteria.pl\/index.php\/produkt\/bransoletka-bubble-2\/#primaryimage"},"thumbnailUrl":"https:\/\/handybizuteria.pl\/wp-content\/uploads\/2020\/11\/BV_015_5-4.jpg","datePublished":"2020-11-03T18:05:24+00:00","dateModified":"2024-03-09T15:08:44+00:00","breadcrumb":{"@id":"https:\/\/handybizuteria.pl\/index.php\/produkt\/bransoletka-bubble-2\/#breadcrumb"},"inLanguage":"pl-PL","potentialAction":[{"@type":"ReadAction","target":["https:\/\/handybizuteria.pl\/index.php\/produkt\/bransoletka-bubble-2\/"]}]},{"@type":"ImageObject","inLanguage":"pl-PL","@id":"https:\/\/handybizuteria.pl\/index.php\/produkt\/bransoletka-bubble-2\/#primaryimage","url":"https:\/\/handybizuteria.pl\/wp-content\/uploads\/2020\/11\/BV_015_5-4.jpg","contentUrl":"https:\/\/handybizuteria.pl\/wp-content\/uploads\/2020\/11\/BV_015_5-4.jpg","width":1200,"height":900},{"@type":"BreadcrumbList","@id":"https:\/\/handybizuteria.pl\/index.php\/produkt\/bransoletka-bubble-2\/#breadcrumb","itemListElement":[{"@type":"ListItem","position":1,"name":"Strona g\u0142\u00f3wna","item":"https:\/\/handybizuteria.pl\/"},{"@type":"ListItem","position":2,"name":"Sklep","item":"https:\/\/handybizuteria.pl\/index.php\/sklep\/"},{"@type":"ListItem","position":3,"name":"Bransoletka \/ Bubble"}]},{"@type":"WebSite","@id":"https:\/\/handybizuteria.pl\/#website","url":"https:\/\/handybizuteria.pl\/","name":"handybizuteria.pl - sklep z r\u0119cznie robion\u0105 bi\u017cuteri\u0105","description":"handybizuteria.pl - sklep z r\u0119cznie robion\u0105 bi\u017cuteri\u0105","publisher":{"@id":"https:\/\/handybizuteria.pl\/#organization"},"potentialAction":[{"@type":"SearchAction","target":{"@type":"EntryPoint","urlTemplate":"https:\/\/handybizuteria.pl\/?s={search_term_string}"},"query-input":{"@type":"PropertyValueSpecification","valueRequired":true,"valueName":"search_term_string"}}],"inLanguage":"pl-PL"},{"@type":"Organization","@id":"https:\/\/handybizuteria.pl\/#organization","name":"handybizuteria.pl - sklep z r\u0119cznie robion\u0105 bi\u017cuteri\u0105","url":"https:\/\/handybizuteria.pl\/","logo":{"@type":"ImageObject","inLanguage":"pl-PL","@id":"https:\/\/handybizuteria.pl\/#\/schema\/logo\/image\/","url":"https:\/\/handybizuteria.pl\/wp-content\/uploads\/2020\/08\/cropped-handy-logo-full-black.png","contentUrl":"https:\/\/handybizuteria.pl\/wp-content\/uploads\/2020\/08\/cropped-handy-logo-full-black.png","width":2379,"height":1605,"caption":"handybizuteria.pl - sklep z r\u0119cznie robion\u0105 bi\u017cuteri\u0105"},"image":{"@id":"https:\/\/handybizuteria.pl\/#\/schema\/logo\/image\/"}}]}},"uagb_featured_image_src":{"full":["https:\/\/handybizuteria.pl\/wp-content\/uploads\/2020\/11\/BV_015_5-4.jpg",1200,900,false],"thumbnail":["https:\/\/handybizuteria.pl\/wp-content\/uploads\/2020\/11\/BV_015_5-4-150x150.jpg",150,150,true],"medium":["https:\/\/handybizuteria.pl\/wp-content\/uploads\/2020\/11\/BV_015_5-4-300x225.jpg",300,225,true],"medium_large":["https:\/\/handybizuteria.pl\/wp-content\/uploads\/2020\/11\/BV_015_5-4-768x576.jpg",768,576,true],"large":["https:\/\/handybizuteria.pl\/wp-content\/uploads\/2020\/11\/BV_015_5-4-1024x768.jpg",1024,768,true],"1536x1536":["https:\/\/handybizuteria.pl\/wp-content\/uploads\/2020\/11\/BV_015_5-4.jpg",1200,900,false],"2048x2048":["https:\/\/handybizuteria.pl\/wp-content\/uploads\/2020\/11\/BV_015_5-4.jpg",1200,900,false],"woocommerce_thumbnail":["https:\/\/handybizuteria.pl\/wp-content\/uploads\/2020\/11\/BV_015_5-4-300x300.jpg",300,300,true],"woocommerce_single":["https:\/\/handybizuteria.pl\/wp-content\/uploads\/2020\/11\/BV_015_5-4-600x450.jpg",600,450,true],"woocommerce_gallery_thumbnail":["https:\/\/handybizuteria.pl\/wp-content\/uploads\/2020\/11\/BV_015_5-4-100x100.jpg",100,100,true]},"uagb_author_info":{"display_name":"Aga Laufer","author_link":"https:\/\/handybizuteria.pl\/index.php\/author\/"},"uagb_comment_info":2,"uagb_excerpt":"Bubble czyli b\u0105belek, bardzo tr\u00f3jwymiarowa fiku\u015bna bransoletka! W\u0142a\u015bciwie to nie wiem co w niej jest, ale si\u0119 podoba ... mo\u017ce dlatego, \u017ce jest taka inna od wszystkich?","_links":{"self":[{"href":"https:\/\/handybizuteria.pl\/index.php\/wp-json\/wp\/v2\/product\/1845","targetHints":{"allow":["GET"]}}],"collection":[{"href":"https:\/\/handybizuteria.pl\/index.php\/wp-json\/wp\/v2\/product"}],"about":[{"href":"https:\/\/handybizuteria.pl\/index.php\/wp-json\/wp\/v2\/types\/product"}],"replies":[{"embeddable":true,"href":"https:\/\/handybizuteria.pl\/index.php\/wp-json\/wp\/v2\/comments?post=1845"}],"wp:featuredmedia":[{"embeddable":true,"href":"https:\/\/handybizuteria.pl\/index.php\/wp-json\/wp\/v2\/media\/1852"}],"wp:attachment":[{"href":"https:\/\/handybizuteria.pl\/index.php\/wp-json\/wp\/v2\/media?parent=1845"}],"wp:term":[{"taxonomy":"product_brand","embeddable":true,"href":"https:\/\/handybizuteria.pl\/index.php\/wp-json\/wp\/v2\/product_brand?post=1845"},{"taxonomy":"product_cat","embeddable":true,"href":"https:\/\/handybizuteria.pl\/index.php\/wp-json\/wp\/v2\/product_cat?post=1845"},{"taxonomy":"product_tag","embeddable":true,"href":"https:\/\/handybizuteria.pl\/index.php\/wp-json\/wp\/v2\/product_tag?post=1845"}],"curies":[{"name":"wp","href":"https:\/\/api.w.org\/{rel}","templated":true}]}}