{"id":1726,"date":"2020-11-02T19:14:06","date_gmt":"2020-11-02T19:14:06","guid":{"rendered":"https:\/\/handybizuteria.pl\/?post_type=product&#038;p=1726"},"modified":"2024-03-09T20:52:41","modified_gmt":"2024-03-09T20:52:41","slug":"naszyjnik-grono-kolorowe","status":"publish","type":"product","link":"https:\/\/handybizuteria.pl\/index.php\/produkt\/naszyjnik-grono-kolorowe\/","title":{"rendered":"Naszyjnik \/ Grono Kolorowe"},"content":{"rendered":"<p>Hematyty to ciekawe pod wzgl\u0119dem kszta\u0142tu i kolor\u00f3w w jakich wyst\u0119puj\u0105 kamienie p\u00f3\u0142szlachetne. Uwielbiam je \u0142\u0105czy\u0107 i nadawa\u0107 im nowe \u017cycie &#8230; lecz uwierzcie mi, \u017ce po\u0142\u0105czenie ich w &#8222;apetyczne&#8221; grono wcale nie jest takie \u0142atwe. Cz\u0119sto na pierwszy plan pcha si\u0119 nie ten co powinien &#8230; zupe\u0142nie jak w \u017cyciu :-), inny pcha si\u0119 w g\u00f3r\u0119, a jeszcze inny za bardzo w d\u00f3\u0142, ale uk\u0142adam je tak d\u0142ugo a\u017c efekt ko\u0144cowy b\u0119dzie zadowalaj\u0105cy.<\/p>\n<p>Naszyjnik w kszta\u0142cie Grona to jeden z moich najbardziej ulubionych rodzaj\u00f3w naszyjnik\u00f3w. Odkry\u0142am go wiele lat temu kupuj\u0105c w sklepie jubilerskim kilka czerwonych koralik\u00f3w ze szk\u0142a weneckiego, nawleczonych na czarny sznureczek i przewi\u0105zanych na supe\u0142ek. Wowczas ten naszyjnik sta\u0142 si\u0119 moim ulubionym, fajnie wygl\u0105da\u0142 zar\u00f3wno w wersji kr\u00f3tszej noszonej w dekoldzie jak i d\u0142u\u017cszej &#8211; na przed\u0142u\u017cce z \u0142a\u0144cuszka &#8211; noszonej do swetr\u00f3w, golf\u00f3w itp. Wiele os\u00f3b pyta\u0142o mnie wtedy gdzie mo\u017cna kupi\u0107 podobny &#8230;\u00a0 teraz robi\u0119 go w r\u00f3znych kolorach, d\u0142ugo\u015bciach, zestawach kamieni &#8230; i nadal ma swoje wierne Fanki.<\/p>\n","protected":false},"excerpt":{"rendered":"<h6 style=\"text-align: left;\">M\u00f3j ulubiony rodzaj naszyjnika!<\/h6>\n<p style=\"text-align: left;\">Grono Hematyt\u00f3w o r\u00f3\u017cnych kszta\u0142tach i kolorach, zwi\u0105zanych prostym sup\u0142em &#8230; takie proste i takie trudne zarazem, bo ka\u017cdy chce by\u0107 widoczny, a \u017caden nie chce by\u0107 t\u0142em. Bardzo fajny i funkcjonalny naszyjnik &#8211; kto raz go mia\u0142 ten wie.<\/p>\n","protected":false},"featured_media":1729,"comment_status":"open","ping_status":"closed","template":"","meta":{"_uag_custom_page_level_css":"","site-sidebar-layout":"default","site-content-layout":"default","ast-global-header-display":"","ast-banner-title-visibility":"","ast-main-header-display":"","ast-hfb-above-header-display":"","ast-hfb-below-header-display":"","ast-hfb-mobile-header-display":"","site-post-title":"","ast-breadcrumbs-content":"","ast-featured-img":"","footer-sml-layout":"","theme-transparent-header-meta":"default","adv-header-id-meta":"","stick-header-meta":"","header-above-stick-meta":"","header-main-stick-meta":"","header-below-stick-meta":""},"product_brand":[],"product_cat":[280,57],"product_tag":[],"class_list":{"0":"post-1726","1":"product","2":"type-product","3":"status-publish","4":"has-post-thumbnail","6":"product_cat-grono","7":"product_cat-naszyjniki","8":"desktop-align-left","9":"tablet-align-left","10":"mobile-align-left","12":"first","13":"instock","14":"featured","15":"sold-individually","16":"shipping-taxable","17":"purchasable","18":"product-type-simple"},"yoast_head":"<!-- This site is optimized with the Yoast SEO plugin v26.3 - https:\/\/yoast.com\/wordpress\/plugins\/seo\/ -->\n<title>Naszyjnik \/ Grono Kolorowe - handybizuteria.pl - sklep z r\u0119cznie robion\u0105 bi\u017cuteri\u0105<\/title>\n<meta name=\"robots\" content=\"index, follow, max-snippet:-1, max-image-preview:large, max-video-preview:-1\" \/>\n<link rel=\"canonical\" href=\"https:\/\/handybizuteria.pl\/index.php\/produkt\/naszyjnik-grono-kolorowe\/\" \/>\n<meta property=\"og:locale\" content=\"pl_PL\" \/>\n<meta property=\"og:type\" content=\"article\" \/>\n<meta property=\"og:title\" content=\"Naszyjnik \/ Grono Kolorowe - handybizuteria.pl - sklep z r\u0119cznie robion\u0105 bi\u017cuteri\u0105\" \/>\n<meta property=\"og:description\" content=\"M\u00f3j ulubiony rodzaj naszyjnika! Grono Hematyt\u00f3w o r\u00f3\u017cnych kszta\u0142tach i kolorach, zwi\u0105zanych prostym sup\u0142em ... takie proste i takie trudne zarazem, bo ka\u017cdy chce by\u0107 widoczny, a \u017caden nie chce by\u0107 t\u0142em. Bardzo fajny i funkcjonalny naszyjnik - kto raz go mia\u0142 ten wie.\" \/>\n<meta property=\"og:url\" content=\"https:\/\/handybizuteria.pl\/index.php\/produkt\/naszyjnik-grono-kolorowe\/\" \/>\n<meta property=\"og:site_name\" content=\"handybizuteria.pl - sklep z r\u0119cznie robion\u0105 bi\u017cuteri\u0105\" \/>\n<meta property=\"article:modified_time\" content=\"2024-03-09T20:52:41+00:00\" \/>\n<meta property=\"og:image\" content=\"https:\/\/handybizuteria.pl\/wp-content\/uploads\/2020\/11\/NV_003_9-4.jpg\" \/>\n\t<meta property=\"og:image:width\" content=\"1173\" \/>\n\t<meta property=\"og:image:height\" content=\"1561\" \/>\n\t<meta property=\"og:image:type\" content=\"image\/jpeg\" \/>\n<meta name=\"twitter:card\" content=\"summary_large_image\" \/>\n<meta name=\"twitter:label1\" content=\"Szacowany czas czytania\" \/>\n\t<meta name=\"twitter:data1\" content=\"1 minuta\" \/>\n<script type=\"application\/ld+json\" class=\"yoast-schema-graph\">{\"@context\":\"https:\/\/schema.org\",\"@graph\":[{\"@type\":\"WebPage\",\"@id\":\"https:\/\/handybizuteria.pl\/index.php\/produkt\/naszyjnik-grono-kolorowe\/\",\"url\":\"https:\/\/handybizuteria.pl\/index.php\/produkt\/naszyjnik-grono-kolorowe\/\",\"name\":\"Naszyjnik \/ Grono Kolorowe - handybizuteria.pl - sklep z r\u0119cznie robion\u0105 bi\u017cuteri\u0105\",\"isPartOf\":{\"@id\":\"https:\/\/handybizuteria.pl\/#website\"},\"primaryImageOfPage\":{\"@id\":\"https:\/\/handybizuteria.pl\/index.php\/produkt\/naszyjnik-grono-kolorowe\/#primaryimage\"},\"image\":{\"@id\":\"https:\/\/handybizuteria.pl\/index.php\/produkt\/naszyjnik-grono-kolorowe\/#primaryimage\"},\"thumbnailUrl\":\"https:\/\/handybizuteria.pl\/wp-content\/uploads\/2020\/11\/NV_003_9-4.jpg\",\"datePublished\":\"2020-11-02T19:14:06+00:00\",\"dateModified\":\"2024-03-09T20:52:41+00:00\",\"breadcrumb\":{\"@id\":\"https:\/\/handybizuteria.pl\/index.php\/produkt\/naszyjnik-grono-kolorowe\/#breadcrumb\"},\"inLanguage\":\"pl-PL\",\"potentialAction\":[{\"@type\":\"ReadAction\",\"target\":[\"https:\/\/handybizuteria.pl\/index.php\/produkt\/naszyjnik-grono-kolorowe\/\"]}]},{\"@type\":\"ImageObject\",\"inLanguage\":\"pl-PL\",\"@id\":\"https:\/\/handybizuteria.pl\/index.php\/produkt\/naszyjnik-grono-kolorowe\/#primaryimage\",\"url\":\"https:\/\/handybizuteria.pl\/wp-content\/uploads\/2020\/11\/NV_003_9-4.jpg\",\"contentUrl\":\"https:\/\/handybizuteria.pl\/wp-content\/uploads\/2020\/11\/NV_003_9-4.jpg\",\"width\":1173,\"height\":1561},{\"@type\":\"BreadcrumbList\",\"@id\":\"https:\/\/handybizuteria.pl\/index.php\/produkt\/naszyjnik-grono-kolorowe\/#breadcrumb\",\"itemListElement\":[{\"@type\":\"ListItem\",\"position\":1,\"name\":\"Strona g\u0142\u00f3wna\",\"item\":\"https:\/\/handybizuteria.pl\/\"},{\"@type\":\"ListItem\",\"position\":2,\"name\":\"Sklep\",\"item\":\"https:\/\/handybizuteria.pl\/index.php\/sklep\/\"},{\"@type\":\"ListItem\",\"position\":3,\"name\":\"Naszyjnik \/ Grono Kolorowe\"}]},{\"@type\":\"WebSite\",\"@id\":\"https:\/\/handybizuteria.pl\/#website\",\"url\":\"https:\/\/handybizuteria.pl\/\",\"name\":\"handybizuteria.pl - sklep z r\u0119cznie robion\u0105 bi\u017cuteri\u0105\",\"description\":\"handybizuteria.pl - sklep z r\u0119cznie robion\u0105 bi\u017cuteri\u0105\",\"publisher\":{\"@id\":\"https:\/\/handybizuteria.pl\/#organization\"},\"potentialAction\":[{\"@type\":\"SearchAction\",\"target\":{\"@type\":\"EntryPoint\",\"urlTemplate\":\"https:\/\/handybizuteria.pl\/?s={search_term_string}\"},\"query-input\":{\"@type\":\"PropertyValueSpecification\",\"valueRequired\":true,\"valueName\":\"search_term_string\"}}],\"inLanguage\":\"pl-PL\"},{\"@type\":\"Organization\",\"@id\":\"https:\/\/handybizuteria.pl\/#organization\",\"name\":\"handybizuteria.pl - sklep z r\u0119cznie robion\u0105 bi\u017cuteri\u0105\",\"url\":\"https:\/\/handybizuteria.pl\/\",\"logo\":{\"@type\":\"ImageObject\",\"inLanguage\":\"pl-PL\",\"@id\":\"https:\/\/handybizuteria.pl\/#\/schema\/logo\/image\/\",\"url\":\"https:\/\/handybizuteria.pl\/wp-content\/uploads\/2020\/08\/cropped-handy-logo-full-black.png\",\"contentUrl\":\"https:\/\/handybizuteria.pl\/wp-content\/uploads\/2020\/08\/cropped-handy-logo-full-black.png\",\"width\":2379,\"height\":1605,\"caption\":\"handybizuteria.pl - sklep z r\u0119cznie robion\u0105 bi\u017cuteri\u0105\"},\"image\":{\"@id\":\"https:\/\/handybizuteria.pl\/#\/schema\/logo\/image\/\"}}]}<\/script>\n<!-- \/ Yoast SEO plugin. -->","yoast_head_json":{"title":"Naszyjnik \/ Grono Kolorowe - handybizuteria.pl - sklep z r\u0119cznie robion\u0105 bi\u017cuteri\u0105","robots":{"index":"index","follow":"follow","max-snippet":"max-snippet:-1","max-image-preview":"max-image-preview:large","max-video-preview":"max-video-preview:-1"},"canonical":"https:\/\/handybizuteria.pl\/index.php\/produkt\/naszyjnik-grono-kolorowe\/","og_locale":"pl_PL","og_type":"article","og_title":"Naszyjnik \/ Grono Kolorowe - handybizuteria.pl - sklep z r\u0119cznie robion\u0105 bi\u017cuteri\u0105","og_description":"M\u00f3j ulubiony rodzaj naszyjnika! Grono Hematyt\u00f3w o r\u00f3\u017cnych kszta\u0142tach i kolorach, zwi\u0105zanych prostym sup\u0142em ... takie proste i takie trudne zarazem, bo ka\u017cdy chce by\u0107 widoczny, a \u017caden nie chce by\u0107 t\u0142em. Bardzo fajny i funkcjonalny naszyjnik - kto raz go mia\u0142 ten wie.","og_url":"https:\/\/handybizuteria.pl\/index.php\/produkt\/naszyjnik-grono-kolorowe\/","og_site_name":"handybizuteria.pl - sklep z r\u0119cznie robion\u0105 bi\u017cuteri\u0105","article_modified_time":"2024-03-09T20:52:41+00:00","og_image":[{"width":1173,"height":1561,"url":"https:\/\/handybizuteria.pl\/wp-content\/uploads\/2020\/11\/NV_003_9-4.jpg","type":"image\/jpeg"}],"twitter_card":"summary_large_image","twitter_misc":{"Szacowany czas czytania":"1 minuta"},"schema":{"@context":"https:\/\/schema.org","@graph":[{"@type":"WebPage","@id":"https:\/\/handybizuteria.pl\/index.php\/produkt\/naszyjnik-grono-kolorowe\/","url":"https:\/\/handybizuteria.pl\/index.php\/produkt\/naszyjnik-grono-kolorowe\/","name":"Naszyjnik \/ Grono Kolorowe - handybizuteria.pl - sklep z r\u0119cznie robion\u0105 bi\u017cuteri\u0105","isPartOf":{"@id":"https:\/\/handybizuteria.pl\/#website"},"primaryImageOfPage":{"@id":"https:\/\/handybizuteria.pl\/index.php\/produkt\/naszyjnik-grono-kolorowe\/#primaryimage"},"image":{"@id":"https:\/\/handybizuteria.pl\/index.php\/produkt\/naszyjnik-grono-kolorowe\/#primaryimage"},"thumbnailUrl":"https:\/\/handybizuteria.pl\/wp-content\/uploads\/2020\/11\/NV_003_9-4.jpg","datePublished":"2020-11-02T19:14:06+00:00","dateModified":"2024-03-09T20:52:41+00:00","breadcrumb":{"@id":"https:\/\/handybizuteria.pl\/index.php\/produkt\/naszyjnik-grono-kolorowe\/#breadcrumb"},"inLanguage":"pl-PL","potentialAction":[{"@type":"ReadAction","target":["https:\/\/handybizuteria.pl\/index.php\/produkt\/naszyjnik-grono-kolorowe\/"]}]},{"@type":"ImageObject","inLanguage":"pl-PL","@id":"https:\/\/handybizuteria.pl\/index.php\/produkt\/naszyjnik-grono-kolorowe\/#primaryimage","url":"https:\/\/handybizuteria.pl\/wp-content\/uploads\/2020\/11\/NV_003_9-4.jpg","contentUrl":"https:\/\/handybizuteria.pl\/wp-content\/uploads\/2020\/11\/NV_003_9-4.jpg","width":1173,"height":1561},{"@type":"BreadcrumbList","@id":"https:\/\/handybizuteria.pl\/index.php\/produkt\/naszyjnik-grono-kolorowe\/#breadcrumb","itemListElement":[{"@type":"ListItem","position":1,"name":"Strona g\u0142\u00f3wna","item":"https:\/\/handybizuteria.pl\/"},{"@type":"ListItem","position":2,"name":"Sklep","item":"https:\/\/handybizuteria.pl\/index.php\/sklep\/"},{"@type":"ListItem","position":3,"name":"Naszyjnik \/ Grono Kolorowe"}]},{"@type":"WebSite","@id":"https:\/\/handybizuteria.pl\/#website","url":"https:\/\/handybizuteria.pl\/","name":"handybizuteria.pl - sklep z r\u0119cznie robion\u0105 bi\u017cuteri\u0105","description":"handybizuteria.pl - sklep z r\u0119cznie robion\u0105 bi\u017cuteri\u0105","publisher":{"@id":"https:\/\/handybizuteria.pl\/#organization"},"potentialAction":[{"@type":"SearchAction","target":{"@type":"EntryPoint","urlTemplate":"https:\/\/handybizuteria.pl\/?s={search_term_string}"},"query-input":{"@type":"PropertyValueSpecification","valueRequired":true,"valueName":"search_term_string"}}],"inLanguage":"pl-PL"},{"@type":"Organization","@id":"https:\/\/handybizuteria.pl\/#organization","name":"handybizuteria.pl - sklep z r\u0119cznie robion\u0105 bi\u017cuteri\u0105","url":"https:\/\/handybizuteria.pl\/","logo":{"@type":"ImageObject","inLanguage":"pl-PL","@id":"https:\/\/handybizuteria.pl\/#\/schema\/logo\/image\/","url":"https:\/\/handybizuteria.pl\/wp-content\/uploads\/2020\/08\/cropped-handy-logo-full-black.png","contentUrl":"https:\/\/handybizuteria.pl\/wp-content\/uploads\/2020\/08\/cropped-handy-logo-full-black.png","width":2379,"height":1605,"caption":"handybizuteria.pl - sklep z r\u0119cznie robion\u0105 bi\u017cuteri\u0105"},"image":{"@id":"https:\/\/handybizuteria.pl\/#\/schema\/logo\/image\/"}}]}},"uagb_featured_image_src":{"full":["https:\/\/handybizuteria.pl\/wp-content\/uploads\/2020\/11\/NV_003_9-4.jpg",1173,1561,false],"thumbnail":["https:\/\/handybizuteria.pl\/wp-content\/uploads\/2020\/11\/NV_003_9-4-150x150.jpg",150,150,true],"medium":["https:\/\/handybizuteria.pl\/wp-content\/uploads\/2020\/11\/NV_003_9-4-225x300.jpg",225,300,true],"medium_large":["https:\/\/handybizuteria.pl\/wp-content\/uploads\/2020\/11\/NV_003_9-4-768x1022.jpg",768,1022,true],"large":["https:\/\/handybizuteria.pl\/wp-content\/uploads\/2020\/11\/NV_003_9-4-769x1024.jpg",769,1024,true],"1536x1536":["https:\/\/handybizuteria.pl\/wp-content\/uploads\/2020\/11\/NV_003_9-4-1154x1536.jpg",1154,1536,true],"2048x2048":["https:\/\/handybizuteria.pl\/wp-content\/uploads\/2020\/11\/NV_003_9-4.jpg",1173,1561,false],"woocommerce_thumbnail":["https:\/\/handybizuteria.pl\/wp-content\/uploads\/2020\/11\/NV_003_9-4-300x300.jpg",300,300,true],"woocommerce_single":["https:\/\/handybizuteria.pl\/wp-content\/uploads\/2020\/11\/NV_003_9-4-600x798.jpg",600,798,true],"woocommerce_gallery_thumbnail":["https:\/\/handybizuteria.pl\/wp-content\/uploads\/2020\/11\/NV_003_9-4-100x100.jpg",100,100,true]},"uagb_author_info":{"display_name":"Aga Laufer","author_link":"https:\/\/handybizuteria.pl\/index.php\/author\/"},"uagb_comment_info":1,"uagb_excerpt":"M\u00f3j ulubiony rodzaj naszyjnika! Grono Hematyt\u00f3w o r\u00f3\u017cnych kszta\u0142tach i kolorach, zwi\u0105zanych prostym sup\u0142em ... takie proste i takie trudne zarazem, bo ka\u017cdy chce by\u0107 widoczny, a \u017caden nie chce by\u0107 t\u0142em. Bardzo fajny i funkcjonalny naszyjnik - kto raz go mia\u0142 ten wie.","_links":{"self":[{"href":"https:\/\/handybizuteria.pl\/index.php\/wp-json\/wp\/v2\/product\/1726","targetHints":{"allow":["GET"]}}],"collection":[{"href":"https:\/\/handybizuteria.pl\/index.php\/wp-json\/wp\/v2\/product"}],"about":[{"href":"https:\/\/handybizuteria.pl\/index.php\/wp-json\/wp\/v2\/types\/product"}],"replies":[{"embeddable":true,"href":"https:\/\/handybizuteria.pl\/index.php\/wp-json\/wp\/v2\/comments?post=1726"}],"wp:featuredmedia":[{"embeddable":true,"href":"https:\/\/handybizuteria.pl\/index.php\/wp-json\/wp\/v2\/media\/1729"}],"wp:attachment":[{"href":"https:\/\/handybizuteria.pl\/index.php\/wp-json\/wp\/v2\/media?parent=1726"}],"wp:term":[{"taxonomy":"product_brand","embeddable":true,"href":"https:\/\/handybizuteria.pl\/index.php\/wp-json\/wp\/v2\/product_brand?post=1726"},{"taxonomy":"product_cat","embeddable":true,"href":"https:\/\/handybizuteria.pl\/index.php\/wp-json\/wp\/v2\/product_cat?post=1726"},{"taxonomy":"product_tag","embeddable":true,"href":"https:\/\/handybizuteria.pl\/index.php\/wp-json\/wp\/v2\/product_tag?post=1726"}],"curies":[{"name":"wp","href":"https:\/\/api.w.org\/{rel}","templated":true}]}}