{"id":1671,"date":"2020-11-02T12:27:46","date_gmt":"2020-11-02T12:27:46","guid":{"rendered":"https:\/\/handybizuteria.pl\/?post_type=product&#038;p=1671"},"modified":"2024-03-25T17:00:37","modified_gmt":"2024-03-25T17:00:37","slug":"kolczyki-slim-3","status":"publish","type":"product","link":"https:\/\/handybizuteria.pl\/index.php\/produkt\/kolczyki-slim-3\/","title":{"rendered":"Kolczyki \/ Slim"},"content":{"rendered":"<p>Rureczki wykonane s\u0105 z miniaturowych szklanych koralik\u00f3w japo\u0144skich nawlekanych ig\u0142\u0105 na \u017cy\u0142k\u0119, haftowanych \u015bciegiem peyote i formowanych w kszta\u0142t rurek. Ich d\u0142ugo\u015b\u0107, zestawieie kolorystyczne i wz\u00f3r jaki mo\u017cna utworzy\u0107 bawi\u0105c si\u0119 kolorami jest wy\u0142acznie kwesti\u0105 fantazji, a \u017ce ja takow\u0105 mam w nadmiarze ka\u017cdy model kolczyk\u00f3w z serii Rureczek jest inny. Do kolczyk\u00f3w tworz\u0119 te\u017c naszyjniki, bransoletki i pasuj\u0105ce stylistycznie pier\u015bcionki dzi\u0119ki czemu mo\u017cna sobie skomponowa\u0107 ca\u0142kiem fajny komplet bi\u017cuterii.<\/p>\n","protected":false},"excerpt":{"rendered":"<h6 style=\"text-align: left;\">Kolczyki w kszta\u0142cie Rurek &#8230; ale to nie s\u0105 zwyk\u0142e rurki!<\/h6>\n<p style=\"text-align: left;\">Sk\u0142adaj\u0105 si\u0119 z setek drobniutkich milimetrowych koralik\u00f3w tkanych jeden po drugim wg wymy\u015blonego wzoru i formowanych w kszta\u0142t pi\u0119knej, smuk\u0142ej rureczki.<br \/>\nBardzo lubi\u0119 t\u0105 seri\u0119 bi\u017cuterii &#8230; nie tylko kolczyki, ale tak\u017ce naszyjniki, bransoletki czy pier\u015bcionki prezentuj\u0105 si\u0119 w niej bardzo stylowo.<\/p>\n","protected":false},"featured_media":1673,"comment_status":"open","ping_status":"closed","template":"","meta":{"_uag_custom_page_level_css":"","site-sidebar-layout":"default","site-content-layout":"default","ast-global-header-display":"","ast-banner-title-visibility":"","ast-main-header-display":"","ast-hfb-above-header-display":"","ast-hfb-below-header-display":"","ast-hfb-mobile-header-display":"","site-post-title":"","ast-breadcrumbs-content":"","ast-featured-img":"","footer-sml-layout":"","theme-transparent-header-meta":"default","adv-header-id-meta":"","stick-header-meta":"","header-above-stick-meta":"","header-main-stick-meta":"","header-below-stick-meta":""},"product_brand":[],"product_cat":[39],"product_tag":[],"class_list":{"0":"post-1671","1":"product","2":"type-product","3":"status-publish","4":"has-post-thumbnail","6":"product_cat-kolczyki","7":"desktop-align-left","8":"tablet-align-left","9":"mobile-align-left","11":"first","12":"outofstock","13":"featured","14":"sold-individually","15":"shipping-taxable","16":"purchasable","17":"product-type-simple"},"yoast_head":"<!-- This site is optimized with the Yoast SEO plugin v26.3 - https:\/\/yoast.com\/wordpress\/plugins\/seo\/ -->\n<title>Kolczyki \/ Slim - handybizuteria.pl - sklep z r\u0119cznie robion\u0105 bi\u017cuteri\u0105<\/title>\n<meta name=\"robots\" content=\"index, follow, max-snippet:-1, max-image-preview:large, max-video-preview:-1\" \/>\n<link rel=\"canonical\" href=\"https:\/\/handybizuteria.pl\/index.php\/produkt\/kolczyki-slim-3\/\" \/>\n<meta property=\"og:locale\" content=\"pl_PL\" \/>\n<meta property=\"og:type\" content=\"article\" \/>\n<meta property=\"og:title\" content=\"Kolczyki \/ Slim - handybizuteria.pl - sklep z r\u0119cznie robion\u0105 bi\u017cuteri\u0105\" \/>\n<meta property=\"og:description\" content=\"Kolczyki w kszta\u0142cie Rurek ... ale to nie s\u0105 zwyk\u0142e rurki! Sk\u0142adaj\u0105 si\u0119 z setek drobniutkich milimetrowych koralik\u00f3w tkanych jeden po drugim wg wymy\u015blonego wzoru i formowanych w kszta\u0142t pi\u0119knej, smuk\u0142ej rureczki. Bardzo lubi\u0119 t\u0105 seri\u0119 bi\u017cuterii ... nie tylko kolczyki, ale tak\u017ce naszyjniki, bransoletki czy pier\u015bcionki prezentuj\u0105 si\u0119 w niej bardzo stylowo.\" \/>\n<meta property=\"og:url\" content=\"https:\/\/handybizuteria.pl\/index.php\/produkt\/kolczyki-slim-3\/\" \/>\n<meta property=\"og:site_name\" content=\"handybizuteria.pl - sklep z r\u0119cznie robion\u0105 bi\u017cuteri\u0105\" \/>\n<meta property=\"article:modified_time\" content=\"2024-03-25T17:00:37+00:00\" \/>\n<meta property=\"og:image\" content=\"https:\/\/handybizuteria.pl\/wp-content\/uploads\/2020\/11\/KV_008_1-9.jpg\" \/>\n\t<meta property=\"og:image:width\" content=\"1200\" \/>\n\t<meta property=\"og:image:height\" content=\"900\" \/>\n\t<meta property=\"og:image:type\" content=\"image\/jpeg\" \/>\n<meta name=\"twitter:card\" content=\"summary_large_image\" \/>\n<script type=\"application\/ld+json\" class=\"yoast-schema-graph\">{\"@context\":\"https:\/\/schema.org\",\"@graph\":[{\"@type\":\"WebPage\",\"@id\":\"https:\/\/handybizuteria.pl\/index.php\/produkt\/kolczyki-slim-3\/\",\"url\":\"https:\/\/handybizuteria.pl\/index.php\/produkt\/kolczyki-slim-3\/\",\"name\":\"Kolczyki \/ Slim - handybizuteria.pl - sklep z r\u0119cznie robion\u0105 bi\u017cuteri\u0105\",\"isPartOf\":{\"@id\":\"https:\/\/handybizuteria.pl\/#website\"},\"primaryImageOfPage\":{\"@id\":\"https:\/\/handybizuteria.pl\/index.php\/produkt\/kolczyki-slim-3\/#primaryimage\"},\"image\":{\"@id\":\"https:\/\/handybizuteria.pl\/index.php\/produkt\/kolczyki-slim-3\/#primaryimage\"},\"thumbnailUrl\":\"https:\/\/handybizuteria.pl\/wp-content\/uploads\/2020\/11\/KV_008_1-9.jpg\",\"datePublished\":\"2020-11-02T12:27:46+00:00\",\"dateModified\":\"2024-03-25T17:00:37+00:00\",\"breadcrumb\":{\"@id\":\"https:\/\/handybizuteria.pl\/index.php\/produkt\/kolczyki-slim-3\/#breadcrumb\"},\"inLanguage\":\"pl-PL\",\"potentialAction\":[{\"@type\":\"ReadAction\",\"target\":[\"https:\/\/handybizuteria.pl\/index.php\/produkt\/kolczyki-slim-3\/\"]}]},{\"@type\":\"ImageObject\",\"inLanguage\":\"pl-PL\",\"@id\":\"https:\/\/handybizuteria.pl\/index.php\/produkt\/kolczyki-slim-3\/#primaryimage\",\"url\":\"https:\/\/handybizuteria.pl\/wp-content\/uploads\/2020\/11\/KV_008_1-9.jpg\",\"contentUrl\":\"https:\/\/handybizuteria.pl\/wp-content\/uploads\/2020\/11\/KV_008_1-9.jpg\",\"width\":1200,\"height\":900},{\"@type\":\"BreadcrumbList\",\"@id\":\"https:\/\/handybizuteria.pl\/index.php\/produkt\/kolczyki-slim-3\/#breadcrumb\",\"itemListElement\":[{\"@type\":\"ListItem\",\"position\":1,\"name\":\"Strona g\u0142\u00f3wna\",\"item\":\"https:\/\/handybizuteria.pl\/\"},{\"@type\":\"ListItem\",\"position\":2,\"name\":\"Sklep\",\"item\":\"https:\/\/handybizuteria.pl\/index.php\/sklep\/\"},{\"@type\":\"ListItem\",\"position\":3,\"name\":\"Kolczyki \/ Slim\"}]},{\"@type\":\"WebSite\",\"@id\":\"https:\/\/handybizuteria.pl\/#website\",\"url\":\"https:\/\/handybizuteria.pl\/\",\"name\":\"handybizuteria.pl - sklep z r\u0119cznie robion\u0105 bi\u017cuteri\u0105\",\"description\":\"handybizuteria.pl - sklep z r\u0119cznie robion\u0105 bi\u017cuteri\u0105\",\"publisher\":{\"@id\":\"https:\/\/handybizuteria.pl\/#organization\"},\"potentialAction\":[{\"@type\":\"SearchAction\",\"target\":{\"@type\":\"EntryPoint\",\"urlTemplate\":\"https:\/\/handybizuteria.pl\/?s={search_term_string}\"},\"query-input\":{\"@type\":\"PropertyValueSpecification\",\"valueRequired\":true,\"valueName\":\"search_term_string\"}}],\"inLanguage\":\"pl-PL\"},{\"@type\":\"Organization\",\"@id\":\"https:\/\/handybizuteria.pl\/#organization\",\"name\":\"handybizuteria.pl - sklep z r\u0119cznie robion\u0105 bi\u017cuteri\u0105\",\"url\":\"https:\/\/handybizuteria.pl\/\",\"logo\":{\"@type\":\"ImageObject\",\"inLanguage\":\"pl-PL\",\"@id\":\"https:\/\/handybizuteria.pl\/#\/schema\/logo\/image\/\",\"url\":\"https:\/\/handybizuteria.pl\/wp-content\/uploads\/2020\/08\/cropped-handy-logo-full-black.png\",\"contentUrl\":\"https:\/\/handybizuteria.pl\/wp-content\/uploads\/2020\/08\/cropped-handy-logo-full-black.png\",\"width\":2379,\"height\":1605,\"caption\":\"handybizuteria.pl - sklep z r\u0119cznie robion\u0105 bi\u017cuteri\u0105\"},\"image\":{\"@id\":\"https:\/\/handybizuteria.pl\/#\/schema\/logo\/image\/\"}}]}<\/script>\n<!-- \/ Yoast SEO plugin. -->","yoast_head_json":{"title":"Kolczyki \/ Slim - handybizuteria.pl - sklep z r\u0119cznie robion\u0105 bi\u017cuteri\u0105","robots":{"index":"index","follow":"follow","max-snippet":"max-snippet:-1","max-image-preview":"max-image-preview:large","max-video-preview":"max-video-preview:-1"},"canonical":"https:\/\/handybizuteria.pl\/index.php\/produkt\/kolczyki-slim-3\/","og_locale":"pl_PL","og_type":"article","og_title":"Kolczyki \/ Slim - handybizuteria.pl - sklep z r\u0119cznie robion\u0105 bi\u017cuteri\u0105","og_description":"Kolczyki w kszta\u0142cie Rurek ... ale to nie s\u0105 zwyk\u0142e rurki! Sk\u0142adaj\u0105 si\u0119 z setek drobniutkich milimetrowych koralik\u00f3w tkanych jeden po drugim wg wymy\u015blonego wzoru i formowanych w kszta\u0142t pi\u0119knej, smuk\u0142ej rureczki. Bardzo lubi\u0119 t\u0105 seri\u0119 bi\u017cuterii ... nie tylko kolczyki, ale tak\u017ce naszyjniki, bransoletki czy pier\u015bcionki prezentuj\u0105 si\u0119 w niej bardzo stylowo.","og_url":"https:\/\/handybizuteria.pl\/index.php\/produkt\/kolczyki-slim-3\/","og_site_name":"handybizuteria.pl - sklep z r\u0119cznie robion\u0105 bi\u017cuteri\u0105","article_modified_time":"2024-03-25T17:00:37+00:00","og_image":[{"width":1200,"height":900,"url":"https:\/\/handybizuteria.pl\/wp-content\/uploads\/2020\/11\/KV_008_1-9.jpg","type":"image\/jpeg"}],"twitter_card":"summary_large_image","schema":{"@context":"https:\/\/schema.org","@graph":[{"@type":"WebPage","@id":"https:\/\/handybizuteria.pl\/index.php\/produkt\/kolczyki-slim-3\/","url":"https:\/\/handybizuteria.pl\/index.php\/produkt\/kolczyki-slim-3\/","name":"Kolczyki \/ Slim - handybizuteria.pl - sklep z r\u0119cznie robion\u0105 bi\u017cuteri\u0105","isPartOf":{"@id":"https:\/\/handybizuteria.pl\/#website"},"primaryImageOfPage":{"@id":"https:\/\/handybizuteria.pl\/index.php\/produkt\/kolczyki-slim-3\/#primaryimage"},"image":{"@id":"https:\/\/handybizuteria.pl\/index.php\/produkt\/kolczyki-slim-3\/#primaryimage"},"thumbnailUrl":"https:\/\/handybizuteria.pl\/wp-content\/uploads\/2020\/11\/KV_008_1-9.jpg","datePublished":"2020-11-02T12:27:46+00:00","dateModified":"2024-03-25T17:00:37+00:00","breadcrumb":{"@id":"https:\/\/handybizuteria.pl\/index.php\/produkt\/kolczyki-slim-3\/#breadcrumb"},"inLanguage":"pl-PL","potentialAction":[{"@type":"ReadAction","target":["https:\/\/handybizuteria.pl\/index.php\/produkt\/kolczyki-slim-3\/"]}]},{"@type":"ImageObject","inLanguage":"pl-PL","@id":"https:\/\/handybizuteria.pl\/index.php\/produkt\/kolczyki-slim-3\/#primaryimage","url":"https:\/\/handybizuteria.pl\/wp-content\/uploads\/2020\/11\/KV_008_1-9.jpg","contentUrl":"https:\/\/handybizuteria.pl\/wp-content\/uploads\/2020\/11\/KV_008_1-9.jpg","width":1200,"height":900},{"@type":"BreadcrumbList","@id":"https:\/\/handybizuteria.pl\/index.php\/produkt\/kolczyki-slim-3\/#breadcrumb","itemListElement":[{"@type":"ListItem","position":1,"name":"Strona g\u0142\u00f3wna","item":"https:\/\/handybizuteria.pl\/"},{"@type":"ListItem","position":2,"name":"Sklep","item":"https:\/\/handybizuteria.pl\/index.php\/sklep\/"},{"@type":"ListItem","position":3,"name":"Kolczyki \/ Slim"}]},{"@type":"WebSite","@id":"https:\/\/handybizuteria.pl\/#website","url":"https:\/\/handybizuteria.pl\/","name":"handybizuteria.pl - sklep z r\u0119cznie robion\u0105 bi\u017cuteri\u0105","description":"handybizuteria.pl - sklep z r\u0119cznie robion\u0105 bi\u017cuteri\u0105","publisher":{"@id":"https:\/\/handybizuteria.pl\/#organization"},"potentialAction":[{"@type":"SearchAction","target":{"@type":"EntryPoint","urlTemplate":"https:\/\/handybizuteria.pl\/?s={search_term_string}"},"query-input":{"@type":"PropertyValueSpecification","valueRequired":true,"valueName":"search_term_string"}}],"inLanguage":"pl-PL"},{"@type":"Organization","@id":"https:\/\/handybizuteria.pl\/#organization","name":"handybizuteria.pl - sklep z r\u0119cznie robion\u0105 bi\u017cuteri\u0105","url":"https:\/\/handybizuteria.pl\/","logo":{"@type":"ImageObject","inLanguage":"pl-PL","@id":"https:\/\/handybizuteria.pl\/#\/schema\/logo\/image\/","url":"https:\/\/handybizuteria.pl\/wp-content\/uploads\/2020\/08\/cropped-handy-logo-full-black.png","contentUrl":"https:\/\/handybizuteria.pl\/wp-content\/uploads\/2020\/08\/cropped-handy-logo-full-black.png","width":2379,"height":1605,"caption":"handybizuteria.pl - sklep z r\u0119cznie robion\u0105 bi\u017cuteri\u0105"},"image":{"@id":"https:\/\/handybizuteria.pl\/#\/schema\/logo\/image\/"}}]}},"uagb_featured_image_src":{"full":["https:\/\/handybizuteria.pl\/wp-content\/uploads\/2020\/11\/KV_008_1-9.jpg",1200,900,false],"thumbnail":["https:\/\/handybizuteria.pl\/wp-content\/uploads\/2020\/11\/KV_008_1-9-150x150.jpg",150,150,true],"medium":["https:\/\/handybizuteria.pl\/wp-content\/uploads\/2020\/11\/KV_008_1-9-300x225.jpg",300,225,true],"medium_large":["https:\/\/handybizuteria.pl\/wp-content\/uploads\/2020\/11\/KV_008_1-9-768x576.jpg",768,576,true],"large":["https:\/\/handybizuteria.pl\/wp-content\/uploads\/2020\/11\/KV_008_1-9-1024x768.jpg",1024,768,true],"1536x1536":["https:\/\/handybizuteria.pl\/wp-content\/uploads\/2020\/11\/KV_008_1-9.jpg",1200,900,false],"2048x2048":["https:\/\/handybizuteria.pl\/wp-content\/uploads\/2020\/11\/KV_008_1-9.jpg",1200,900,false],"woocommerce_thumbnail":["https:\/\/handybizuteria.pl\/wp-content\/uploads\/2020\/11\/KV_008_1-9-300x300.jpg",300,300,true],"woocommerce_single":["https:\/\/handybizuteria.pl\/wp-content\/uploads\/2020\/11\/KV_008_1-9-600x450.jpg",600,450,true],"woocommerce_gallery_thumbnail":["https:\/\/handybizuteria.pl\/wp-content\/uploads\/2020\/11\/KV_008_1-9-100x100.jpg",100,100,true]},"uagb_author_info":{"display_name":"Aga Laufer","author_link":"https:\/\/handybizuteria.pl\/index.php\/author\/"},"uagb_comment_info":2,"uagb_excerpt":"Kolczyki w kszta\u0142cie Rurek ... ale to nie s\u0105 zwyk\u0142e rurki! Sk\u0142adaj\u0105 si\u0119 z setek drobniutkich milimetrowych koralik\u00f3w tkanych jeden po drugim wg wymy\u015blonego wzoru i formowanych w kszta\u0142t pi\u0119knej, smuk\u0142ej rureczki. Bardzo lubi\u0119 t\u0105 seri\u0119 bi\u017cuterii ... nie tylko kolczyki, ale tak\u017ce naszyjniki, bransoletki czy pier\u015bcionki prezentuj\u0105 si\u0119 w niej bardzo stylowo.","_links":{"self":[{"href":"https:\/\/handybizuteria.pl\/index.php\/wp-json\/wp\/v2\/product\/1671","targetHints":{"allow":["GET"]}}],"collection":[{"href":"https:\/\/handybizuteria.pl\/index.php\/wp-json\/wp\/v2\/product"}],"about":[{"href":"https:\/\/handybizuteria.pl\/index.php\/wp-json\/wp\/v2\/types\/product"}],"replies":[{"embeddable":true,"href":"https:\/\/handybizuteria.pl\/index.php\/wp-json\/wp\/v2\/comments?post=1671"}],"wp:featuredmedia":[{"embeddable":true,"href":"https:\/\/handybizuteria.pl\/index.php\/wp-json\/wp\/v2\/media\/1673"}],"wp:attachment":[{"href":"https:\/\/handybizuteria.pl\/index.php\/wp-json\/wp\/v2\/media?parent=1671"}],"wp:term":[{"taxonomy":"product_brand","embeddable":true,"href":"https:\/\/handybizuteria.pl\/index.php\/wp-json\/wp\/v2\/product_brand?post=1671"},{"taxonomy":"product_cat","embeddable":true,"href":"https:\/\/handybizuteria.pl\/index.php\/wp-json\/wp\/v2\/product_cat?post=1671"},{"taxonomy":"product_tag","embeddable":true,"href":"https:\/\/handybizuteria.pl\/index.php\/wp-json\/wp\/v2\/product_tag?post=1671"}],"curies":[{"name":"wp","href":"https:\/\/api.w.org\/{rel}","templated":true}]}}