{"id":1437,"date":"2020-11-01T12:10:15","date_gmt":"2020-11-01T12:10:15","guid":{"rendered":"https:\/\/handybizuteria.pl\/?post_type=product&#038;p=1437"},"modified":"2024-03-09T20:52:41","modified_gmt":"2024-03-09T20:52:41","slug":"bransoletka-mgielka-5","status":"publish","type":"product","link":"https:\/\/handybizuteria.pl\/index.php\/produkt\/bransoletka-mgielka-5\/","title":{"rendered":"Bransoletka \/ Mgie\u0142ka"},"content":{"rendered":"<p>Mgie\u0142ki to drobniutkie, po\u0142yskuj\u0105ce bransoletki, kt\u00f3re mo\u017cna nosi\u0107 zar\u00f3wno pojedynczo jak i w po\u0142\u0105czeniu z innymi np. tymi z wi\u0119kszych koralik\u00f3w. Ich wykonanie wymaga cierpliwo\u015bci, ale bardzo lubi\u0119 je tworzy\u0107, bo daj\u0105 tak wiele mo\u017cliwo\u015bci \u0142\u0105czenia kolor\u00f3w i kszta\u0142t\u00f3w jak \u017cadne inne. Koraliki szklane przeplataj\u0105 si\u0119 w nich z drobnymi hematytowymi kamieniami ozdobnymi. Najcz\u0119\u015bciej efekt jest taki, i\u017c dopiero po przy\u0142o\u017ceniu na nadgarstek wzbudzaj\u0105 prawdziwy zachwyt &#8230; widocznie ich delikatno\u015b\u0107 najlepiej podkre\u015bla pi\u0119kno kobiecych d\u0142oni.<\/p>\n","protected":false},"excerpt":{"rendered":"<h6 style=\"text-align: left;\">Po prostu Mgie\u0142ka!<\/h6>\n<p style=\"text-align: left;\">Bardzo delikatna bransoletka z malusie\u0144skich koralik\u00f3w i ozdobnych element\u00f3w hematytowych nawleczonych mozolnie na \u017cy\u0142k\u0119. Ka\u017cdy wz\u00f3r jest zupe\u0142nie inny, niepowtarzalny, zestawienia koralik\u00f3w s\u0105 wynikiem chwili, kt\u00f3ra przecie\u017c nigdy si\u0119 nie powtarza.<\/p>\n","protected":false},"featured_media":1439,"comment_status":"open","ping_status":"closed","template":"","meta":{"_uag_custom_page_level_css":"","site-sidebar-layout":"default","site-content-layout":"default","ast-global-header-display":"","ast-banner-title-visibility":"","ast-main-header-display":"","ast-hfb-above-header-display":"","ast-hfb-below-header-display":"","ast-hfb-mobile-header-display":"","site-post-title":"","ast-breadcrumbs-content":"","ast-featured-img":"","footer-sml-layout":"","theme-transparent-header-meta":"default","adv-header-id-meta":"","stick-header-meta":"default","header-above-stick-meta":"","header-main-stick-meta":"","header-below-stick-meta":""},"product_brand":[],"product_cat":[189,379,377],"product_tag":[],"class_list":{"0":"post-1437","1":"product","2":"type-product","3":"status-publish","4":"has-post-thumbnail","6":"product_cat-mgielki","7":"product_cat-3d","8":"product_cat-zapinane","9":"desktop-align-left","10":"tablet-align-left","11":"mobile-align-left","13":"first","14":"instock","15":"sold-individually","16":"shipping-taxable","17":"purchasable","18":"product-type-simple"},"yoast_head":"<!-- This site is optimized with the Yoast SEO plugin v26.3 - https:\/\/yoast.com\/wordpress\/plugins\/seo\/ -->\n<title>Bransoletka \/ Mgie\u0142ka - handybizuteria.pl - sklep z r\u0119cznie robion\u0105 bi\u017cuteri\u0105<\/title>\n<meta name=\"robots\" content=\"index, follow, max-snippet:-1, max-image-preview:large, max-video-preview:-1\" \/>\n<link rel=\"canonical\" href=\"https:\/\/handybizuteria.pl\/index.php\/produkt\/bransoletka-mgielka-5\/\" \/>\n<meta property=\"og:locale\" content=\"pl_PL\" \/>\n<meta property=\"og:type\" content=\"article\" \/>\n<meta property=\"og:title\" content=\"Bransoletka \/ Mgie\u0142ka - handybizuteria.pl - sklep z r\u0119cznie robion\u0105 bi\u017cuteri\u0105\" \/>\n<meta property=\"og:description\" content=\"Po prostu Mgie\u0142ka! Bardzo delikatna bransoletka z malusie\u0144skich koralik\u00f3w i ozdobnych element\u00f3w hematytowych nawleczonych mozolnie na \u017cy\u0142k\u0119. Ka\u017cdy wz\u00f3r jest zupe\u0142nie inny, niepowtarzalny, zestawienia koralik\u00f3w s\u0105 wynikiem chwili, kt\u00f3ra przecie\u017c nigdy si\u0119 nie powtarza.\" \/>\n<meta property=\"og:url\" content=\"https:\/\/handybizuteria.pl\/index.php\/produkt\/bransoletka-mgielka-5\/\" \/>\n<meta property=\"og:site_name\" content=\"handybizuteria.pl - sklep z r\u0119cznie robion\u0105 bi\u017cuteri\u0105\" \/>\n<meta property=\"article:modified_time\" content=\"2024-03-09T20:52:41+00:00\" \/>\n<meta property=\"og:image\" content=\"https:\/\/handybizuteria.pl\/wp-content\/uploads\/2020\/11\/BZ_001_5-10.jpg\" \/>\n\t<meta property=\"og:image:width\" content=\"1200\" \/>\n\t<meta property=\"og:image:height\" content=\"901\" \/>\n\t<meta property=\"og:image:type\" content=\"image\/jpeg\" \/>\n<meta name=\"twitter:card\" content=\"summary_large_image\" \/>\n<script type=\"application\/ld+json\" class=\"yoast-schema-graph\">{\"@context\":\"https:\/\/schema.org\",\"@graph\":[{\"@type\":\"WebPage\",\"@id\":\"https:\/\/handybizuteria.pl\/index.php\/produkt\/bransoletka-mgielka-5\/\",\"url\":\"https:\/\/handybizuteria.pl\/index.php\/produkt\/bransoletka-mgielka-5\/\",\"name\":\"Bransoletka \/ Mgie\u0142ka - handybizuteria.pl - sklep z r\u0119cznie robion\u0105 bi\u017cuteri\u0105\",\"isPartOf\":{\"@id\":\"https:\/\/handybizuteria.pl\/#website\"},\"primaryImageOfPage\":{\"@id\":\"https:\/\/handybizuteria.pl\/index.php\/produkt\/bransoletka-mgielka-5\/#primaryimage\"},\"image\":{\"@id\":\"https:\/\/handybizuteria.pl\/index.php\/produkt\/bransoletka-mgielka-5\/#primaryimage\"},\"thumbnailUrl\":\"https:\/\/handybizuteria.pl\/wp-content\/uploads\/2020\/11\/BZ_001_5-10.jpg\",\"datePublished\":\"2020-11-01T12:10:15+00:00\",\"dateModified\":\"2024-03-09T20:52:41+00:00\",\"breadcrumb\":{\"@id\":\"https:\/\/handybizuteria.pl\/index.php\/produkt\/bransoletka-mgielka-5\/#breadcrumb\"},\"inLanguage\":\"pl-PL\",\"potentialAction\":[{\"@type\":\"ReadAction\",\"target\":[\"https:\/\/handybizuteria.pl\/index.php\/produkt\/bransoletka-mgielka-5\/\"]}]},{\"@type\":\"ImageObject\",\"inLanguage\":\"pl-PL\",\"@id\":\"https:\/\/handybizuteria.pl\/index.php\/produkt\/bransoletka-mgielka-5\/#primaryimage\",\"url\":\"https:\/\/handybizuteria.pl\/wp-content\/uploads\/2020\/11\/BZ_001_5-10.jpg\",\"contentUrl\":\"https:\/\/handybizuteria.pl\/wp-content\/uploads\/2020\/11\/BZ_001_5-10.jpg\",\"width\":1200,\"height\":901},{\"@type\":\"BreadcrumbList\",\"@id\":\"https:\/\/handybizuteria.pl\/index.php\/produkt\/bransoletka-mgielka-5\/#breadcrumb\",\"itemListElement\":[{\"@type\":\"ListItem\",\"position\":1,\"name\":\"Strona g\u0142\u00f3wna\",\"item\":\"https:\/\/handybizuteria.pl\/\"},{\"@type\":\"ListItem\",\"position\":2,\"name\":\"Sklep\",\"item\":\"https:\/\/handybizuteria.pl\/index.php\/sklep\/\"},{\"@type\":\"ListItem\",\"position\":3,\"name\":\"Bransoletka \/ Mgie\u0142ka\"}]},{\"@type\":\"WebSite\",\"@id\":\"https:\/\/handybizuteria.pl\/#website\",\"url\":\"https:\/\/handybizuteria.pl\/\",\"name\":\"handybizuteria.pl - sklep z r\u0119cznie robion\u0105 bi\u017cuteri\u0105\",\"description\":\"handybizuteria.pl - sklep z r\u0119cznie robion\u0105 bi\u017cuteri\u0105\",\"publisher\":{\"@id\":\"https:\/\/handybizuteria.pl\/#organization\"},\"potentialAction\":[{\"@type\":\"SearchAction\",\"target\":{\"@type\":\"EntryPoint\",\"urlTemplate\":\"https:\/\/handybizuteria.pl\/?s={search_term_string}\"},\"query-input\":{\"@type\":\"PropertyValueSpecification\",\"valueRequired\":true,\"valueName\":\"search_term_string\"}}],\"inLanguage\":\"pl-PL\"},{\"@type\":\"Organization\",\"@id\":\"https:\/\/handybizuteria.pl\/#organization\",\"name\":\"handybizuteria.pl - sklep z r\u0119cznie robion\u0105 bi\u017cuteri\u0105\",\"url\":\"https:\/\/handybizuteria.pl\/\",\"logo\":{\"@type\":\"ImageObject\",\"inLanguage\":\"pl-PL\",\"@id\":\"https:\/\/handybizuteria.pl\/#\/schema\/logo\/image\/\",\"url\":\"https:\/\/handybizuteria.pl\/wp-content\/uploads\/2020\/08\/cropped-handy-logo-full-black.png\",\"contentUrl\":\"https:\/\/handybizuteria.pl\/wp-content\/uploads\/2020\/08\/cropped-handy-logo-full-black.png\",\"width\":2379,\"height\":1605,\"caption\":\"handybizuteria.pl - sklep z r\u0119cznie robion\u0105 bi\u017cuteri\u0105\"},\"image\":{\"@id\":\"https:\/\/handybizuteria.pl\/#\/schema\/logo\/image\/\"}}]}<\/script>\n<!-- \/ Yoast SEO plugin. -->","yoast_head_json":{"title":"Bransoletka \/ Mgie\u0142ka - handybizuteria.pl - sklep z r\u0119cznie robion\u0105 bi\u017cuteri\u0105","robots":{"index":"index","follow":"follow","max-snippet":"max-snippet:-1","max-image-preview":"max-image-preview:large","max-video-preview":"max-video-preview:-1"},"canonical":"https:\/\/handybizuteria.pl\/index.php\/produkt\/bransoletka-mgielka-5\/","og_locale":"pl_PL","og_type":"article","og_title":"Bransoletka \/ Mgie\u0142ka - handybizuteria.pl - sklep z r\u0119cznie robion\u0105 bi\u017cuteri\u0105","og_description":"Po prostu Mgie\u0142ka! Bardzo delikatna bransoletka z malusie\u0144skich koralik\u00f3w i ozdobnych element\u00f3w hematytowych nawleczonych mozolnie na \u017cy\u0142k\u0119. Ka\u017cdy wz\u00f3r jest zupe\u0142nie inny, niepowtarzalny, zestawienia koralik\u00f3w s\u0105 wynikiem chwili, kt\u00f3ra przecie\u017c nigdy si\u0119 nie powtarza.","og_url":"https:\/\/handybizuteria.pl\/index.php\/produkt\/bransoletka-mgielka-5\/","og_site_name":"handybizuteria.pl - sklep z r\u0119cznie robion\u0105 bi\u017cuteri\u0105","article_modified_time":"2024-03-09T20:52:41+00:00","og_image":[{"width":1200,"height":901,"url":"https:\/\/handybizuteria.pl\/wp-content\/uploads\/2020\/11\/BZ_001_5-10.jpg","type":"image\/jpeg"}],"twitter_card":"summary_large_image","schema":{"@context":"https:\/\/schema.org","@graph":[{"@type":"WebPage","@id":"https:\/\/handybizuteria.pl\/index.php\/produkt\/bransoletka-mgielka-5\/","url":"https:\/\/handybizuteria.pl\/index.php\/produkt\/bransoletka-mgielka-5\/","name":"Bransoletka \/ Mgie\u0142ka - handybizuteria.pl - sklep z r\u0119cznie robion\u0105 bi\u017cuteri\u0105","isPartOf":{"@id":"https:\/\/handybizuteria.pl\/#website"},"primaryImageOfPage":{"@id":"https:\/\/handybizuteria.pl\/index.php\/produkt\/bransoletka-mgielka-5\/#primaryimage"},"image":{"@id":"https:\/\/handybizuteria.pl\/index.php\/produkt\/bransoletka-mgielka-5\/#primaryimage"},"thumbnailUrl":"https:\/\/handybizuteria.pl\/wp-content\/uploads\/2020\/11\/BZ_001_5-10.jpg","datePublished":"2020-11-01T12:10:15+00:00","dateModified":"2024-03-09T20:52:41+00:00","breadcrumb":{"@id":"https:\/\/handybizuteria.pl\/index.php\/produkt\/bransoletka-mgielka-5\/#breadcrumb"},"inLanguage":"pl-PL","potentialAction":[{"@type":"ReadAction","target":["https:\/\/handybizuteria.pl\/index.php\/produkt\/bransoletka-mgielka-5\/"]}]},{"@type":"ImageObject","inLanguage":"pl-PL","@id":"https:\/\/handybizuteria.pl\/index.php\/produkt\/bransoletka-mgielka-5\/#primaryimage","url":"https:\/\/handybizuteria.pl\/wp-content\/uploads\/2020\/11\/BZ_001_5-10.jpg","contentUrl":"https:\/\/handybizuteria.pl\/wp-content\/uploads\/2020\/11\/BZ_001_5-10.jpg","width":1200,"height":901},{"@type":"BreadcrumbList","@id":"https:\/\/handybizuteria.pl\/index.php\/produkt\/bransoletka-mgielka-5\/#breadcrumb","itemListElement":[{"@type":"ListItem","position":1,"name":"Strona g\u0142\u00f3wna","item":"https:\/\/handybizuteria.pl\/"},{"@type":"ListItem","position":2,"name":"Sklep","item":"https:\/\/handybizuteria.pl\/index.php\/sklep\/"},{"@type":"ListItem","position":3,"name":"Bransoletka \/ Mgie\u0142ka"}]},{"@type":"WebSite","@id":"https:\/\/handybizuteria.pl\/#website","url":"https:\/\/handybizuteria.pl\/","name":"handybizuteria.pl - sklep z r\u0119cznie robion\u0105 bi\u017cuteri\u0105","description":"handybizuteria.pl - sklep z r\u0119cznie robion\u0105 bi\u017cuteri\u0105","publisher":{"@id":"https:\/\/handybizuteria.pl\/#organization"},"potentialAction":[{"@type":"SearchAction","target":{"@type":"EntryPoint","urlTemplate":"https:\/\/handybizuteria.pl\/?s={search_term_string}"},"query-input":{"@type":"PropertyValueSpecification","valueRequired":true,"valueName":"search_term_string"}}],"inLanguage":"pl-PL"},{"@type":"Organization","@id":"https:\/\/handybizuteria.pl\/#organization","name":"handybizuteria.pl - sklep z r\u0119cznie robion\u0105 bi\u017cuteri\u0105","url":"https:\/\/handybizuteria.pl\/","logo":{"@type":"ImageObject","inLanguage":"pl-PL","@id":"https:\/\/handybizuteria.pl\/#\/schema\/logo\/image\/","url":"https:\/\/handybizuteria.pl\/wp-content\/uploads\/2020\/08\/cropped-handy-logo-full-black.png","contentUrl":"https:\/\/handybizuteria.pl\/wp-content\/uploads\/2020\/08\/cropped-handy-logo-full-black.png","width":2379,"height":1605,"caption":"handybizuteria.pl - sklep z r\u0119cznie robion\u0105 bi\u017cuteri\u0105"},"image":{"@id":"https:\/\/handybizuteria.pl\/#\/schema\/logo\/image\/"}}]}},"uagb_featured_image_src":{"full":["https:\/\/handybizuteria.pl\/wp-content\/uploads\/2020\/11\/BZ_001_5-10.jpg",1200,901,false],"thumbnail":["https:\/\/handybizuteria.pl\/wp-content\/uploads\/2020\/11\/BZ_001_5-10-150x150.jpg",150,150,true],"medium":["https:\/\/handybizuteria.pl\/wp-content\/uploads\/2020\/11\/BZ_001_5-10-300x225.jpg",300,225,true],"medium_large":["https:\/\/handybizuteria.pl\/wp-content\/uploads\/2020\/11\/BZ_001_5-10-768x577.jpg",768,577,true],"large":["https:\/\/handybizuteria.pl\/wp-content\/uploads\/2020\/11\/BZ_001_5-10-1024x769.jpg",1024,769,true],"1536x1536":["https:\/\/handybizuteria.pl\/wp-content\/uploads\/2020\/11\/BZ_001_5-10.jpg",1200,901,false],"2048x2048":["https:\/\/handybizuteria.pl\/wp-content\/uploads\/2020\/11\/BZ_001_5-10.jpg",1200,901,false],"woocommerce_thumbnail":["https:\/\/handybizuteria.pl\/wp-content\/uploads\/2020\/11\/BZ_001_5-10-300x300.jpg",300,300,true],"woocommerce_single":["https:\/\/handybizuteria.pl\/wp-content\/uploads\/2020\/11\/BZ_001_5-10-600x451.jpg",600,451,true],"woocommerce_gallery_thumbnail":["https:\/\/handybizuteria.pl\/wp-content\/uploads\/2020\/11\/BZ_001_5-10-100x100.jpg",100,100,true]},"uagb_author_info":{"display_name":"Aga Laufer","author_link":"https:\/\/handybizuteria.pl\/index.php\/author\/"},"uagb_comment_info":1,"uagb_excerpt":"Po prostu Mgie\u0142ka! Bardzo delikatna bransoletka z malusie\u0144skich koralik\u00f3w i ozdobnych element\u00f3w hematytowych nawleczonych mozolnie na \u017cy\u0142k\u0119. Ka\u017cdy wz\u00f3r jest zupe\u0142nie inny, niepowtarzalny, zestawienia koralik\u00f3w s\u0105 wynikiem chwili, kt\u00f3ra przecie\u017c nigdy si\u0119 nie powtarza.","_links":{"self":[{"href":"https:\/\/handybizuteria.pl\/index.php\/wp-json\/wp\/v2\/product\/1437","targetHints":{"allow":["GET"]}}],"collection":[{"href":"https:\/\/handybizuteria.pl\/index.php\/wp-json\/wp\/v2\/product"}],"about":[{"href":"https:\/\/handybizuteria.pl\/index.php\/wp-json\/wp\/v2\/types\/product"}],"replies":[{"embeddable":true,"href":"https:\/\/handybizuteria.pl\/index.php\/wp-json\/wp\/v2\/comments?post=1437"}],"wp:featuredmedia":[{"embeddable":true,"href":"https:\/\/handybizuteria.pl\/index.php\/wp-json\/wp\/v2\/media\/1439"}],"wp:attachment":[{"href":"https:\/\/handybizuteria.pl\/index.php\/wp-json\/wp\/v2\/media?parent=1437"}],"wp:term":[{"taxonomy":"product_brand","embeddable":true,"href":"https:\/\/handybizuteria.pl\/index.php\/wp-json\/wp\/v2\/product_brand?post=1437"},{"taxonomy":"product_cat","embeddable":true,"href":"https:\/\/handybizuteria.pl\/index.php\/wp-json\/wp\/v2\/product_cat?post=1437"},{"taxonomy":"product_tag","embeddable":true,"href":"https:\/\/handybizuteria.pl\/index.php\/wp-json\/wp\/v2\/product_tag?post=1437"}],"curies":[{"name":"wp","href":"https:\/\/api.w.org\/{rel}","templated":true}]}}