{"id":1276,"date":"2020-10-07T23:01:26","date_gmt":"2020-10-07T23:01:26","guid":{"rendered":"https:\/\/handybizuteria.pl\/?post_type=product&#038;p=1276"},"modified":"2024-03-09T15:09:13","modified_gmt":"2024-03-09T15:09:13","slug":"kolczyki-puca","status":"publish","type":"product","link":"https:\/\/handybizuteria.pl\/index.php\/produkt\/kolczyki-puca\/","title":{"rendered":"Kolczyki Puca"},"content":{"rendered":"<p>Bardzo ciekawe zar\u00f3wno pod wzgl\u0119dem wzoru jak i kolorystyki kolczyki wykonane z francuskich koralik\u00f3w marki Les Perles Par Puca. Koraliki maj\u0105 niesamowite kszta\u0142ty i kolory, a wzory bi\u017cuterii, kt\u00f3re mo\u017cna z nich tworzy\u0107 s\u0105 tylko kwesti\u0105 fantazji tw\u00f3rcy.<\/p>\n<p>Kolczyki te s\u0105 ma\u0142o spotykane i wzbudzaj\u0105 du\u017ce zainteresowanie. S\u0105 wykonane r\u0119cznie, z du\u017c\u0105 precyzj\u0105, ale i z fantazj\u0105, ich lekko wypuk\u0142y kszta\u0142t nadaje im tr\u00f3jwymiarowo\u015bci, a zastosowane zestawienie kolor\u00f3w z pewno\u015bci\u0105 wyr\u00f3\u017cni je w t\u0142umie.<\/p>\n<p>Kolczyki s\u0105 lekkie i mimo swojego rozmiaru s\u0105 ledwo wyczuwalne i bardzo wygodne w noszeniu.<\/p>\n","protected":false},"excerpt":{"rendered":"<h6 style=\"text-align: left;\">C\u00f3\u017c powiedzie\u0107&#8230; takie inne!<\/h6>\n<p style=\"text-align: left;\">Bardzo ciekawe zar\u00f3wno pod wzgl\u0119dem wzoru jak i kolorystyki kolczyki wykonane z francuskich koralik\u00f3w marki Les Perles Par Puca wymy\u015blonych i projektowanych od ponad 15 lat przez znan\u0105 parysk\u0105 projektantk\u0119 Annick Puca.<\/p>\n","protected":false},"featured_media":1279,"comment_status":"open","ping_status":"closed","template":"","meta":{"_uag_custom_page_level_css":"","site-sidebar-layout":"default","site-content-layout":"default","ast-global-header-display":"","ast-banner-title-visibility":"","ast-main-header-display":"","ast-hfb-above-header-display":"","ast-hfb-below-header-display":"","ast-hfb-mobile-header-display":"","site-post-title":"","ast-breadcrumbs-content":"","ast-featured-img":"","footer-sml-layout":"","theme-transparent-header-meta":"default","adv-header-id-meta":"","stick-header-meta":"","header-above-stick-meta":"","header-main-stick-meta":"","header-below-stick-meta":""},"product_brand":[],"product_cat":[39,371],"product_tag":[],"class_list":{"0":"post-1276","1":"product","2":"type-product","3":"status-publish","4":"has-post-thumbnail","6":"product_cat-kolczyki","7":"product_cat-exclusive","8":"desktop-align-left","9":"tablet-align-left","10":"mobile-align-left","12":"first","13":"instock","14":"featured","15":"sold-individually","16":"shipping-taxable","17":"purchasable","18":"product-type-simple"},"yoast_head":"<!-- This site is optimized with the Yoast SEO plugin v26.3 - https:\/\/yoast.com\/wordpress\/plugins\/seo\/ -->\n<title>Kolczyki Puca - handybizuteria.pl - sklep z r\u0119cznie robion\u0105 bi\u017cuteri\u0105<\/title>\n<meta name=\"robots\" content=\"index, follow, max-snippet:-1, max-image-preview:large, max-video-preview:-1\" \/>\n<link rel=\"canonical\" href=\"https:\/\/handybizuteria.pl\/index.php\/produkt\/kolczyki-puca\/\" \/>\n<meta property=\"og:locale\" content=\"pl_PL\" \/>\n<meta property=\"og:type\" content=\"article\" \/>\n<meta property=\"og:title\" content=\"Kolczyki Puca - handybizuteria.pl - sklep z r\u0119cznie robion\u0105 bi\u017cuteri\u0105\" \/>\n<meta property=\"og:description\" content=\"C\u00f3\u017c powiedzie\u0107... takie inne! Bardzo ciekawe zar\u00f3wno pod wzgl\u0119dem wzoru jak i kolorystyki kolczyki wykonane z francuskich koralik\u00f3w marki Les Perles Par Puca wymy\u015blonych i projektowanych od ponad 15 lat przez znan\u0105 parysk\u0105 projektantk\u0119 Annick Puca.\" \/>\n<meta property=\"og:url\" content=\"https:\/\/handybizuteria.pl\/index.php\/produkt\/kolczyki-puca\/\" \/>\n<meta property=\"og:site_name\" content=\"handybizuteria.pl - sklep z r\u0119cznie robion\u0105 bi\u017cuteri\u0105\" \/>\n<meta property=\"article:modified_time\" content=\"2024-03-09T15:09:13+00:00\" \/>\n<meta property=\"og:image\" content=\"https:\/\/handybizuteria.pl\/wp-content\/uploads\/2020\/10\/Kolczyki_Puca_Roma_001_3.jpg\" \/>\n\t<meta property=\"og:image:width\" content=\"1500\" \/>\n\t<meta property=\"og:image:height\" content=\"1125\" \/>\n\t<meta property=\"og:image:type\" content=\"image\/jpeg\" \/>\n<meta name=\"twitter:card\" content=\"summary_large_image\" \/>\n<meta name=\"twitter:label1\" content=\"Szacowany czas czytania\" \/>\n\t<meta name=\"twitter:data1\" content=\"1 minuta\" \/>\n<script type=\"application\/ld+json\" class=\"yoast-schema-graph\">{\"@context\":\"https:\/\/schema.org\",\"@graph\":[{\"@type\":\"WebPage\",\"@id\":\"https:\/\/handybizuteria.pl\/index.php\/produkt\/kolczyki-puca\/\",\"url\":\"https:\/\/handybizuteria.pl\/index.php\/produkt\/kolczyki-puca\/\",\"name\":\"Kolczyki Puca - handybizuteria.pl - sklep z r\u0119cznie robion\u0105 bi\u017cuteri\u0105\",\"isPartOf\":{\"@id\":\"https:\/\/handybizuteria.pl\/#website\"},\"primaryImageOfPage\":{\"@id\":\"https:\/\/handybizuteria.pl\/index.php\/produkt\/kolczyki-puca\/#primaryimage\"},\"image\":{\"@id\":\"https:\/\/handybizuteria.pl\/index.php\/produkt\/kolczyki-puca\/#primaryimage\"},\"thumbnailUrl\":\"https:\/\/handybizuteria.pl\/wp-content\/uploads\/2020\/10\/Kolczyki_Puca_Roma_001_3.jpg\",\"datePublished\":\"2020-10-07T23:01:26+00:00\",\"dateModified\":\"2024-03-09T15:09:13+00:00\",\"breadcrumb\":{\"@id\":\"https:\/\/handybizuteria.pl\/index.php\/produkt\/kolczyki-puca\/#breadcrumb\"},\"inLanguage\":\"pl-PL\",\"potentialAction\":[{\"@type\":\"ReadAction\",\"target\":[\"https:\/\/handybizuteria.pl\/index.php\/produkt\/kolczyki-puca\/\"]}]},{\"@type\":\"ImageObject\",\"inLanguage\":\"pl-PL\",\"@id\":\"https:\/\/handybizuteria.pl\/index.php\/produkt\/kolczyki-puca\/#primaryimage\",\"url\":\"https:\/\/handybizuteria.pl\/wp-content\/uploads\/2020\/10\/Kolczyki_Puca_Roma_001_3.jpg\",\"contentUrl\":\"https:\/\/handybizuteria.pl\/wp-content\/uploads\/2020\/10\/Kolczyki_Puca_Roma_001_3.jpg\",\"width\":1500,\"height\":1125},{\"@type\":\"BreadcrumbList\",\"@id\":\"https:\/\/handybizuteria.pl\/index.php\/produkt\/kolczyki-puca\/#breadcrumb\",\"itemListElement\":[{\"@type\":\"ListItem\",\"position\":1,\"name\":\"Strona g\u0142\u00f3wna\",\"item\":\"https:\/\/handybizuteria.pl\/\"},{\"@type\":\"ListItem\",\"position\":2,\"name\":\"Sklep\",\"item\":\"https:\/\/handybizuteria.pl\/index.php\/sklep\/\"},{\"@type\":\"ListItem\",\"position\":3,\"name\":\"Kolczyki Puca\"}]},{\"@type\":\"WebSite\",\"@id\":\"https:\/\/handybizuteria.pl\/#website\",\"url\":\"https:\/\/handybizuteria.pl\/\",\"name\":\"handybizuteria.pl - sklep z r\u0119cznie robion\u0105 bi\u017cuteri\u0105\",\"description\":\"handybizuteria.pl - sklep z r\u0119cznie robion\u0105 bi\u017cuteri\u0105\",\"publisher\":{\"@id\":\"https:\/\/handybizuteria.pl\/#organization\"},\"potentialAction\":[{\"@type\":\"SearchAction\",\"target\":{\"@type\":\"EntryPoint\",\"urlTemplate\":\"https:\/\/handybizuteria.pl\/?s={search_term_string}\"},\"query-input\":{\"@type\":\"PropertyValueSpecification\",\"valueRequired\":true,\"valueName\":\"search_term_string\"}}],\"inLanguage\":\"pl-PL\"},{\"@type\":\"Organization\",\"@id\":\"https:\/\/handybizuteria.pl\/#organization\",\"name\":\"handybizuteria.pl - sklep z r\u0119cznie robion\u0105 bi\u017cuteri\u0105\",\"url\":\"https:\/\/handybizuteria.pl\/\",\"logo\":{\"@type\":\"ImageObject\",\"inLanguage\":\"pl-PL\",\"@id\":\"https:\/\/handybizuteria.pl\/#\/schema\/logo\/image\/\",\"url\":\"https:\/\/handybizuteria.pl\/wp-content\/uploads\/2020\/08\/cropped-handy-logo-full-black.png\",\"contentUrl\":\"https:\/\/handybizuteria.pl\/wp-content\/uploads\/2020\/08\/cropped-handy-logo-full-black.png\",\"width\":2379,\"height\":1605,\"caption\":\"handybizuteria.pl - sklep z r\u0119cznie robion\u0105 bi\u017cuteri\u0105\"},\"image\":{\"@id\":\"https:\/\/handybizuteria.pl\/#\/schema\/logo\/image\/\"}}]}<\/script>\n<!-- \/ Yoast SEO plugin. -->","yoast_head_json":{"title":"Kolczyki Puca - handybizuteria.pl - sklep z r\u0119cznie robion\u0105 bi\u017cuteri\u0105","robots":{"index":"index","follow":"follow","max-snippet":"max-snippet:-1","max-image-preview":"max-image-preview:large","max-video-preview":"max-video-preview:-1"},"canonical":"https:\/\/handybizuteria.pl\/index.php\/produkt\/kolczyki-puca\/","og_locale":"pl_PL","og_type":"article","og_title":"Kolczyki Puca - handybizuteria.pl - sklep z r\u0119cznie robion\u0105 bi\u017cuteri\u0105","og_description":"C\u00f3\u017c powiedzie\u0107... takie inne! Bardzo ciekawe zar\u00f3wno pod wzgl\u0119dem wzoru jak i kolorystyki kolczyki wykonane z francuskich koralik\u00f3w marki Les Perles Par Puca wymy\u015blonych i projektowanych od ponad 15 lat przez znan\u0105 parysk\u0105 projektantk\u0119 Annick Puca.","og_url":"https:\/\/handybizuteria.pl\/index.php\/produkt\/kolczyki-puca\/","og_site_name":"handybizuteria.pl - sklep z r\u0119cznie robion\u0105 bi\u017cuteri\u0105","article_modified_time":"2024-03-09T15:09:13+00:00","og_image":[{"width":1500,"height":1125,"url":"https:\/\/handybizuteria.pl\/wp-content\/uploads\/2020\/10\/Kolczyki_Puca_Roma_001_3.jpg","type":"image\/jpeg"}],"twitter_card":"summary_large_image","twitter_misc":{"Szacowany czas czytania":"1 minuta"},"schema":{"@context":"https:\/\/schema.org","@graph":[{"@type":"WebPage","@id":"https:\/\/handybizuteria.pl\/index.php\/produkt\/kolczyki-puca\/","url":"https:\/\/handybizuteria.pl\/index.php\/produkt\/kolczyki-puca\/","name":"Kolczyki Puca - handybizuteria.pl - sklep z r\u0119cznie robion\u0105 bi\u017cuteri\u0105","isPartOf":{"@id":"https:\/\/handybizuteria.pl\/#website"},"primaryImageOfPage":{"@id":"https:\/\/handybizuteria.pl\/index.php\/produkt\/kolczyki-puca\/#primaryimage"},"image":{"@id":"https:\/\/handybizuteria.pl\/index.php\/produkt\/kolczyki-puca\/#primaryimage"},"thumbnailUrl":"https:\/\/handybizuteria.pl\/wp-content\/uploads\/2020\/10\/Kolczyki_Puca_Roma_001_3.jpg","datePublished":"2020-10-07T23:01:26+00:00","dateModified":"2024-03-09T15:09:13+00:00","breadcrumb":{"@id":"https:\/\/handybizuteria.pl\/index.php\/produkt\/kolczyki-puca\/#breadcrumb"},"inLanguage":"pl-PL","potentialAction":[{"@type":"ReadAction","target":["https:\/\/handybizuteria.pl\/index.php\/produkt\/kolczyki-puca\/"]}]},{"@type":"ImageObject","inLanguage":"pl-PL","@id":"https:\/\/handybizuteria.pl\/index.php\/produkt\/kolczyki-puca\/#primaryimage","url":"https:\/\/handybizuteria.pl\/wp-content\/uploads\/2020\/10\/Kolczyki_Puca_Roma_001_3.jpg","contentUrl":"https:\/\/handybizuteria.pl\/wp-content\/uploads\/2020\/10\/Kolczyki_Puca_Roma_001_3.jpg","width":1500,"height":1125},{"@type":"BreadcrumbList","@id":"https:\/\/handybizuteria.pl\/index.php\/produkt\/kolczyki-puca\/#breadcrumb","itemListElement":[{"@type":"ListItem","position":1,"name":"Strona g\u0142\u00f3wna","item":"https:\/\/handybizuteria.pl\/"},{"@type":"ListItem","position":2,"name":"Sklep","item":"https:\/\/handybizuteria.pl\/index.php\/sklep\/"},{"@type":"ListItem","position":3,"name":"Kolczyki Puca"}]},{"@type":"WebSite","@id":"https:\/\/handybizuteria.pl\/#website","url":"https:\/\/handybizuteria.pl\/","name":"handybizuteria.pl - sklep z r\u0119cznie robion\u0105 bi\u017cuteri\u0105","description":"handybizuteria.pl - sklep z r\u0119cznie robion\u0105 bi\u017cuteri\u0105","publisher":{"@id":"https:\/\/handybizuteria.pl\/#organization"},"potentialAction":[{"@type":"SearchAction","target":{"@type":"EntryPoint","urlTemplate":"https:\/\/handybizuteria.pl\/?s={search_term_string}"},"query-input":{"@type":"PropertyValueSpecification","valueRequired":true,"valueName":"search_term_string"}}],"inLanguage":"pl-PL"},{"@type":"Organization","@id":"https:\/\/handybizuteria.pl\/#organization","name":"handybizuteria.pl - sklep z r\u0119cznie robion\u0105 bi\u017cuteri\u0105","url":"https:\/\/handybizuteria.pl\/","logo":{"@type":"ImageObject","inLanguage":"pl-PL","@id":"https:\/\/handybizuteria.pl\/#\/schema\/logo\/image\/","url":"https:\/\/handybizuteria.pl\/wp-content\/uploads\/2020\/08\/cropped-handy-logo-full-black.png","contentUrl":"https:\/\/handybizuteria.pl\/wp-content\/uploads\/2020\/08\/cropped-handy-logo-full-black.png","width":2379,"height":1605,"caption":"handybizuteria.pl - sklep z r\u0119cznie robion\u0105 bi\u017cuteri\u0105"},"image":{"@id":"https:\/\/handybizuteria.pl\/#\/schema\/logo\/image\/"}}]}},"uagb_featured_image_src":{"full":["https:\/\/handybizuteria.pl\/wp-content\/uploads\/2020\/10\/Kolczyki_Puca_Roma_001_3.jpg",1500,1125,false],"thumbnail":["https:\/\/handybizuteria.pl\/wp-content\/uploads\/2020\/10\/Kolczyki_Puca_Roma_001_3-150x150.jpg",150,150,true],"medium":["https:\/\/handybizuteria.pl\/wp-content\/uploads\/2020\/10\/Kolczyki_Puca_Roma_001_3-300x225.jpg",300,225,true],"medium_large":["https:\/\/handybizuteria.pl\/wp-content\/uploads\/2020\/10\/Kolczyki_Puca_Roma_001_3-768x576.jpg",768,576,true],"large":["https:\/\/handybizuteria.pl\/wp-content\/uploads\/2020\/10\/Kolczyki_Puca_Roma_001_3-1024x768.jpg",1024,768,true],"1536x1536":["https:\/\/handybizuteria.pl\/wp-content\/uploads\/2020\/10\/Kolczyki_Puca_Roma_001_3.jpg",1500,1125,false],"2048x2048":["https:\/\/handybizuteria.pl\/wp-content\/uploads\/2020\/10\/Kolczyki_Puca_Roma_001_3.jpg",1500,1125,false],"woocommerce_thumbnail":["https:\/\/handybizuteria.pl\/wp-content\/uploads\/2020\/10\/Kolczyki_Puca_Roma_001_3-300x300.jpg",300,300,true],"woocommerce_single":["https:\/\/handybizuteria.pl\/wp-content\/uploads\/2020\/10\/Kolczyki_Puca_Roma_001_3-600x450.jpg",600,450,true],"woocommerce_gallery_thumbnail":["https:\/\/handybizuteria.pl\/wp-content\/uploads\/2020\/10\/Kolczyki_Puca_Roma_001_3-100x100.jpg",100,100,true]},"uagb_author_info":{"display_name":"admin","author_link":"https:\/\/handybizuteria.pl\/index.php\/author\/"},"uagb_comment_info":1,"uagb_excerpt":"C\u00f3\u017c powiedzie\u0107... takie inne! Bardzo ciekawe zar\u00f3wno pod wzgl\u0119dem wzoru jak i kolorystyki kolczyki wykonane z francuskich koralik\u00f3w marki Les Perles Par Puca wymy\u015blonych i projektowanych od ponad 15 lat przez znan\u0105 parysk\u0105 projektantk\u0119 Annick Puca.","_links":{"self":[{"href":"https:\/\/handybizuteria.pl\/index.php\/wp-json\/wp\/v2\/product\/1276","targetHints":{"allow":["GET"]}}],"collection":[{"href":"https:\/\/handybizuteria.pl\/index.php\/wp-json\/wp\/v2\/product"}],"about":[{"href":"https:\/\/handybizuteria.pl\/index.php\/wp-json\/wp\/v2\/types\/product"}],"replies":[{"embeddable":true,"href":"https:\/\/handybizuteria.pl\/index.php\/wp-json\/wp\/v2\/comments?post=1276"}],"wp:featuredmedia":[{"embeddable":true,"href":"https:\/\/handybizuteria.pl\/index.php\/wp-json\/wp\/v2\/media\/1279"}],"wp:attachment":[{"href":"https:\/\/handybizuteria.pl\/index.php\/wp-json\/wp\/v2\/media?parent=1276"}],"wp:term":[{"taxonomy":"product_brand","embeddable":true,"href":"https:\/\/handybizuteria.pl\/index.php\/wp-json\/wp\/v2\/product_brand?post=1276"},{"taxonomy":"product_cat","embeddable":true,"href":"https:\/\/handybizuteria.pl\/index.php\/wp-json\/wp\/v2\/product_cat?post=1276"},{"taxonomy":"product_tag","embeddable":true,"href":"https:\/\/handybizuteria.pl\/index.php\/wp-json\/wp\/v2\/product_tag?post=1276"}],"curies":[{"name":"wp","href":"https:\/\/api.w.org\/{rel}","templated":true}]}}