{"id":3,"date":"2020-08-07T11:28:27","date_gmt":"2020-08-07T11:28:27","guid":{"rendered":"https:\/\/handybizuteria.pl\/?page_id=3"},"modified":"2020-11-21T13:05:35","modified_gmt":"2020-11-21T13:05:35","slug":"polityka-prywatnosci","status":"publish","type":"page","link":"https:\/\/handybizuteria.pl\/index.php\/polityka-prywatnosci\/","title":{"rendered":"Polityka prywatno\u015bci"},"content":{"rendered":"\n<p>Polityka Prywatno\u015bci okre\u015bla zasady przechowywania i dost\u0119pu do informacji na urz\u0105dzeniach U\u017cytkownika za pomoc\u0105 plik\u00f3w Cookies, s\u0142u\u017c\u0105cych realizacji us\u0142ug \u015bwiadczonych drog\u0105 elektroniczn\u0105 \u017c\u0105danych przez U\u017cytkownika, przez W\u0142a\u015bciciela sklepu internetowego https:\/\/handybizuteria.pl\/<\/p>\n\n\n\n<p><strong>1.&nbsp;&nbsp;&nbsp;&nbsp;&nbsp;&nbsp;&nbsp;&nbsp; DEFINICJE<\/strong><\/p>\n\n\n\n<p>1.1.\u00a0\u00a0\u00a0\u00a0\u00a0 Administrator &#8211; czyli Agnieszka Laufer  jako osoba fizyczna prowadz\u0105ca Indywidualn\u0105 Dzia\u0142alno\u015b\u0107 Gospodarcz\u0105 (nr NIP 7261015530)  zarejestrowan\u0105 pod adresem: \u0141\u00f3d\u017a 91-059, ul. Zgierska 42A, kt\u00f3ra \u015bwiadczy us\u0142ugi drog\u0105 elektroniczn\u0105 oraz przechowuje i uzyskuje dost\u0119p do informacji w urz\u0105dzeniach U\u017cytkownika.<\/p>\n\n\n\n<p>1.2.&nbsp;&nbsp;&nbsp;&nbsp;&nbsp; Cookies &#8211; poprzez pliki \u201ecookies\u201d nale\u017cy rozumie\u0107 dane informatyczne, w szczeg\u00f3lno\u015bci pliki tekstowe, przechowywane w urz\u0105dzeniach ko\u0144cowych u\u017cytkownik\u00f3w przeznaczone do korzystania ze stron internetowych. Pliki te pozwalaj\u0105 rozpozna\u0107 urz\u0105dzenie u\u017cytkownika i odpowiednio wy\u015bwietli\u0107 stron\u0119 internetow\u0105 dostosowan\u0105 do jego indywidualnych preferencji. \u201eCookies\u201d zazwyczaj zawieraj\u0105 nazw\u0119 strony internetowej z kt\u00f3rej pochodz\u0105, czas przechowywania ich na urz\u0105dzeniu ko\u0144cowym oraz unikalny numer.<\/p>\n\n\n\n<p>1.3.&nbsp;&nbsp;&nbsp;&nbsp;&nbsp; Cookies Administratora &#8211; oznacza \u201ecookies\u201d zamieszczane przez Administratora, zwi\u0105zane ze \u015bwiadczeniem us\u0142ug droga elektroniczn\u0105 przez Administratora za po\u015brednictwem Serwisu.<\/p>\n\n\n\n<p>1.4.&nbsp;&nbsp;&nbsp;&nbsp;&nbsp; Serwis &#8211; oznacza stron\u0119 internetow\u0105 lub aplikacj\u0119, pod kt\u00f3r\u0105 Administrator prowadzi serwis internetowy, dzia\u0142aj\u0105cy w domenie handybizuteria.pl.<\/p>\n\n\n\n<p>1.5.&nbsp;&nbsp;&nbsp;&nbsp;&nbsp; Urz\u0105dzenie &#8211; oznacza elektroniczne urz\u0105dzenie za po\u015brednictwem, kt\u00f3rego U\u017cytkownik uzyskuje dost\u0119p do Serwisu.<\/p>\n\n\n\n<p>1.6.&nbsp;&nbsp;&nbsp;&nbsp;&nbsp; U\u017cytkownik \u2013 oznacza podmiot, na rzecz kt\u00f3rego zgodnie z Regulaminem i przepisami prawa mog\u0105 by\u0107 \u015bwiadczone us\u0142ugi drog\u0105 elektroniczn\u0105 lub z kt\u00f3rym zawarta mo\u017ce by\u0107 Umowa o \u015bwiadczenie us\u0142ug drog\u0105 elektroniczn\u0105.<\/p>\n\n\n\n<p><strong>2.&nbsp;&nbsp;&nbsp;&nbsp;&nbsp;&nbsp;&nbsp;&nbsp; OG\u00d3LNE ZASADY DOTYCZ\u0104CE POST\u0118POWANIA PRZEZ ADMINISTRATORA Z DANYMI OSOBOWYMI U\u017bYTKOWNIK\u00d3W<\/strong><\/p>\n\n\n\n<p>2.1.\u00a0\u00a0\u00a0\u00a0\u00a0 Administrator nie sprzedaje, nie udost\u0119pnia osobom trzecim danych osobowych, b\u0105d\u017a adresowych U\u017cytkownik\u00f3w, bez ich wyra\u017aniej zgody. Jedyn\u0105 sytuacj\u0105, gdy b\u0119dzie zobligowany to uczyni\u0107 b\u0119dzie wniosek s\u0105du, prokuratury, policji lub innego organu prawnego.<\/p>\n\n\n\n<p>2.2.&nbsp;&nbsp;&nbsp;&nbsp;&nbsp; Dane podane przez U\u017cytkownika mog\u0105 zosta\u0107 wykorzystane do cel\u00f3w marketingowych, jedynie za jego zgod\u0105.<\/p>\n\n\n\n<p>2.3.&nbsp;&nbsp;&nbsp;&nbsp;&nbsp; U\u017cytkownik pozostaje anonimowy do momentu dokonania pierwszego zakupu w Serwisie, wype\u0142nienia formularza kontaktowego lub dodania komentarza na stronie sklepu. W tych przypadkach wymagane jest podanie (elektronicznie lub w ka\u017cdy inny spos\u00f3b) okre\u015blonych danych teleadresowych, kt\u00f3re nast\u0119pnie przesy\u0142ane s\u0105 do systemu.<\/p>\n\n\n\n<p>2.4.&nbsp;&nbsp;&nbsp;&nbsp;&nbsp; Dokonanie przez U\u017cytkownika zakupu w sklepie handybizuteria.pl i jednoczesna rejestracja w sklepie wi\u0105\u017c\u0105 si\u0119 z wyra\u017ceniem zgodny na gromadzenie i przetwarzanie danych osobowych w rozumieniu Ustawy z dnia 29 sierpnia 1997 r. o ochronie danych osobowych (Dz. U. z 2002 r. nr 101 poz. 926 z p\u00f3\u017an. zm.). Informacje te s\u0142u\u017c\u0105 tylko i jedynie do cel\u00f3w realizacji zam\u00f3wienia, w tym wystawienia dowodu sprzeda\u017cy oraz wysy\u0142ki produkt\u00f3w. W zwi\u0105zku z tym sklep handybizuteria.pl ma prawo udost\u0119pnia\u0107 zebrane dane swoim partnerom handlowym, w szczeg\u00f3lno\u015bci przewo\u017anikom, jedynie maj\u0105c na celu sprawn\u0105 realizacje zam\u00f3wienia.<\/p>\n\n\n\n<p><strong>3.&nbsp;&nbsp;&nbsp;&nbsp;&nbsp;&nbsp;&nbsp;&nbsp; RODZAJE WYKORZYSTYWANYCH COOKIES<\/strong><\/p>\n\n\n\n<p>3.1.&nbsp;&nbsp;&nbsp;&nbsp;&nbsp; Stosowane przez Administratora Cookies s\u0105 bezpieczne dla Urz\u0105dzenia U\u017cytkownika. W szczeg\u00f3lno\u015bci t\u0105 drog\u0105 nie jest mo\u017cliwe przedostanie si\u0119 do Urz\u0105dze\u0144 U\u017cytkownik\u00f3w wirus\u00f3w lub innego niechcianego oprogramowania lub oprogramowania z\u0142o\u015bliwego. Pliki te pozwalaj\u0105 zidentyfikowa\u0107 oprogramowanie wykorzystywane przez U\u017cytkownika i dostosowa\u0107 Serwis indywidualnie ka\u017cdemu U\u017cytkownikowi. Cookies zazwyczaj zawieraj\u0105 nazw\u0119 domeny z kt\u00f3rej pochodz\u0105, czas przechowywania ich na Urz\u0105dzeniu oraz przypisan\u0105 warto\u015b\u0107.<\/p>\n\n\n\n<p>3.2.&nbsp;&nbsp;&nbsp;&nbsp;&nbsp; Administrator wykorzystuje dwa typy plik\u00f3w cookies:<\/p>\n\n\n\n<p>a.&nbsp;&nbsp;&nbsp;&nbsp;&nbsp;&nbsp;&nbsp;&nbsp; cookies sesyjne: s\u0105 przechowywane na Urz\u0105dzeniu U\u017cytkownika i pozostaj\u0105 tam do momentu zako\u0144czenia sesji danej przegl\u0105darki. Zapisane informacje s\u0105 w\u00f3wczas trwale usuwane z pami\u0119ci Urz\u0105dzenia. Mechanizm cookies sesyjnych nie pozwala na pobieranie jakichkolwiek danych osobowych ani \u017cadnych informacji poufnych z Urz\u0105dzenia U\u017cytkownika.<\/p>\n\n\n\n<p>b.&nbsp;&nbsp;&nbsp;&nbsp;&nbsp;&nbsp;&nbsp;&nbsp; cookies trwa\u0142e: s\u0105 przechowywane na Urz\u0105dzeniu U\u017cytkownika i pozostaj\u0105 tam do momentu ich skasowania. Zako\u0144czenie sesji danej przegl\u0105darki lub wy\u0142\u0105czenie Urz\u0105dzenia nie powoduje ich usuni\u0119cia z Urz\u0105dzenia U\u017cytkownika. Mechanizm cookies trwa\u0142ych nie pozwala na pobieranie jakichkolwiek danych osobowych ani \u017cadnych informacji poufnych z Urz\u0105dzenia U\u017cytkownika.<\/p>\n\n\n\n<p>3.3.&nbsp;&nbsp;&nbsp;&nbsp;&nbsp; U\u017cytkownik ma mo\u017cliwo\u015b\u0107 ograniczenia lub wy\u0142\u0105czenia dost\u0119pu plik\u00f3w cookies do swojego Urz\u0105dzenia. W przypadku skorzystania z tej opcji korzystanie ze Serwisu b\u0119dzie mo\u017cliwe, poza funkcjami, kt\u00f3re ze swojej natury wymagaj\u0105 plik\u00f3w cookies.<\/p>\n\n\n\n<p><strong>4.&nbsp;&nbsp;&nbsp;&nbsp;&nbsp;&nbsp;&nbsp;&nbsp; CELE W JAKICH WYKORZYSTYWANE S\u0104 COOKIES<\/strong><\/p>\n\n\n\n<p>4.1.&nbsp;&nbsp;&nbsp;&nbsp;&nbsp; Administrator wykorzystuje cookies w\u0142asne w nast\u0119puj\u0105cych celach:<\/p>\n\n\n\n<p>a.&nbsp;&nbsp;&nbsp;&nbsp;&nbsp;&nbsp;&nbsp;&nbsp; konfiguracji serwisu:<\/p>\n\n\n\n<p>\u2022&nbsp;&nbsp;&nbsp;&nbsp;&nbsp;&nbsp;&nbsp;&nbsp;&nbsp; dostosowania zawarto\u015bci stron internetowych Serwisu do preferencji U\u017cytkownika oraz optymalizacji korzystania ze stron internetowych Serwisu.<\/p>\n\n\n\n<p>\u2022&nbsp;&nbsp;&nbsp;&nbsp;&nbsp;&nbsp;&nbsp;&nbsp;&nbsp; rozpoznania urz\u0105dzenia U\u017cytkownika Serwisu oraz jego lokalizacj\u0119 i odpowiednio wy\u015bwietlenia strony internetowej, dostosowanej do jego indywidualnych potrzeb.<\/p>\n\n\n\n<p>b.&nbsp;&nbsp;&nbsp;&nbsp;&nbsp;&nbsp;&nbsp;&nbsp; uwierzytelniania u\u017cytkownika w serwisie i zapewnienia sesji u\u017cytkownika w serwisie:<\/p>\n\n\n\n<p>\u2022&nbsp;&nbsp;&nbsp;&nbsp;&nbsp;&nbsp;&nbsp;&nbsp;&nbsp; utrzymania sesji U\u017cytkownika Serwisu (po zalogowaniu), dzi\u0119ki kt\u00f3rej U\u017cytkownik nie musi na ka\u017cdej podstronie Serwisu ponownie wpisywa\u0107 loginu i has\u0142a.<\/p>\n\n\n\n<p>\u2022&nbsp;&nbsp;&nbsp;&nbsp;&nbsp;&nbsp;&nbsp;&nbsp;&nbsp; poprawnej konfiguracji wybranych funkcji Serwisu, umo\u017cliwiaj\u0105c w szczeg\u00f3lno\u015bci weryfikacj\u0119 autentyczno\u015bci sesji przegl\u0105darki.<\/p>\n\n\n\n<p>\u2022&nbsp;&nbsp;&nbsp;&nbsp;&nbsp;&nbsp;&nbsp;&nbsp;&nbsp; optymalizacji i zwi\u0119kszenia wydajno\u015bci us\u0142ug \u015bwiadczonych przez Administratora.<\/p>\n\n\n\n<p>c.&nbsp;&nbsp;&nbsp;&nbsp;&nbsp;&nbsp;&nbsp;&nbsp; realizacji proces\u00f3w niezb\u0119dnych dla pe\u0142nej funkcjonalno\u015bci stron internetowych:<\/p>\n\n\n\n<p>\u2022&nbsp;&nbsp;&nbsp;&nbsp;&nbsp;&nbsp;&nbsp;&nbsp;&nbsp; dostosowania zawarto\u015bci stron internetowych Serwisu do preferencji U\u017cytkownika oraz optymalizacji korzystania ze stron internetowych Serwisu. W szczeg\u00f3lno\u015bci pliki te pozwalaj\u0105 rozpozna\u0107 podstawowe parametry Urz\u0105dzenia U\u017cytkownika i odpowiednio wy\u015bwietli\u0107 stron\u0119 internetow\u0105, dostosowan\u0105 do jego indywidualnych potrzeb.<\/p>\n\n\n\n<p>\u2022&nbsp;&nbsp;&nbsp;&nbsp;&nbsp;&nbsp;&nbsp;&nbsp;&nbsp; umo\u017cliwienie korzystania w Serwisie z funkcji \u201eKoszyk\u201d.<\/p>\n\n\n\n<p>d.&nbsp;&nbsp;&nbsp;&nbsp;&nbsp;&nbsp;&nbsp;&nbsp; analiz i bada\u0144 oraz audytu ogl\u0105dalno\u015bci:<\/p>\n\n\n\n<p>\u2022&nbsp;&nbsp;&nbsp;&nbsp;&nbsp;&nbsp;&nbsp;&nbsp;&nbsp; tworzenia anonimowych statystyk, kt\u00f3re pomagaj\u0105 zrozumie\u0107, w jaki spos\u00f3b U\u017cytkownicy Serwisu korzystaj\u0105 ze stron internetowych Serwisu, co umo\u017cliwia ulepszanie ich struktury i zawarto\u015bci.<\/p>\n\n\n\n<p>e.&nbsp;&nbsp;&nbsp;&nbsp;&nbsp;&nbsp;&nbsp;&nbsp; zapewnienia bezpiecze\u0144stwa i niezawodno\u015bci serwisu.<\/p>\n\n\n\n<p>4.2.&nbsp;&nbsp;&nbsp;&nbsp;&nbsp; Administrator us\u0142ugi wykorzystuje Cookies zewn\u0119trzne w nast\u0119puj\u0105cych celach:<\/p>\n\n\n\n<p>a.&nbsp;&nbsp;&nbsp;&nbsp;&nbsp;&nbsp;&nbsp;&nbsp; prezentowania tre\u015bci multimedialnych na stronach internetowych Serwisu, kt\u00f3re s\u0105 pobierane z zewn\u0119trznego serwisu internetowego, np. youtube.<\/p>\n\n\n\n<p>b.&nbsp;&nbsp;&nbsp;&nbsp;&nbsp;&nbsp;&nbsp;&nbsp; zbierania og\u00f3lnych i anonimowych danych statycznych za po\u015brednictwem narz\u0119dzi analitycznych, np. Google Analytics.<\/p>\n\n\n\n<p>c.&nbsp;&nbsp;&nbsp;&nbsp;&nbsp;&nbsp;&nbsp;&nbsp; prezentowania reklam dostosowanych do preferencji U\u017cytkownika z wykorzystaniem narz\u0119dzia internetowej reklamy, np. Google AdSense.<\/p>\n\n\n\n<p>d.&nbsp;&nbsp;&nbsp;&nbsp;&nbsp;&nbsp;&nbsp;&nbsp; wykorzystania funkcji interaktywnych w celu popularyzacji Serwisu za pomoc\u0105 serwis\u00f3w spo\u0142eczno\u015bciowych, m.in. takich jak Facebook.com, Instagram.com.<\/p>\n\n\n\n<p><strong>5.&nbsp;&nbsp;&nbsp;&nbsp;&nbsp;&nbsp;&nbsp;&nbsp; MO\u017bLIWO\u015aCI OKRE\u015aLENIA WARUNK\u00d3W PRZECHOWYWANIA LUB UZYSKIWANIA DOST\u0118PU PRZEZ COOKIES<\/strong><\/p>\n\n\n\n<p>5.1.&nbsp;&nbsp;&nbsp;&nbsp;&nbsp; U\u017cytkownik mo\u017ce samodzielnie i w ka\u017cdym czasie zmieni\u0107 ustawienia dotycz\u0105ce plik\u00f3w Cookies, okre\u015blaj\u0105c warunki ich przechowywania i uzyskiwania dost\u0119pu przez pliki Cookies do Urz\u0105dzenia U\u017cytkownika. Zmiany ustawie\u0144, o kt\u00f3rych mowa w zdaniu poprzednim, U\u017cytkownik mo\u017ce dokona\u0107 za pomoc\u0105 ustawie\u0144 przegl\u0105darki internetowej. Ustawienia te mog\u0105 zosta\u0107 zmienione w szczeg\u00f3lno\u015bci w taki spos\u00f3b, aby blokowa\u0107 automatyczn\u0105 obs\u0142ug\u0119 plik\u00f3w cookies w ustawieniach przegl\u0105darki internetowej b\u0105d\u017a informowa\u0107 o ich ka\u017cdorazowym zamieszczeniu Cookies na urz\u0105dzeniu U\u017cytkownika. Szczeg\u00f3\u0142owe informacje o mo\u017cliwo\u015bci i sposobach obs\u0142ugi plik\u00f3w cookies dost\u0119pne s\u0105 w ustawieniach oprogramowania (przegl\u0105darki internetowej).<\/p>\n\n\n\n<p>5.2.&nbsp;&nbsp;&nbsp;&nbsp;&nbsp; U\u017cytkownik mo\u017ce w ka\u017cdej chwili usun\u0105\u0107 pliki Cookies korzystaj\u0105c z dost\u0119pnych funkcji w przegl\u0105darce internetowej, kt\u00f3rej u\u017cywa.<\/p>\n\n\n\n<p>5.3.&nbsp;&nbsp;&nbsp;&nbsp;&nbsp; Ograniczenie stosowania plik\u00f3w Cookies, mo\u017ce wp\u0142yn\u0105\u0107 na niekt\u00f3re funkcjonalno\u015bci dost\u0119pne na stronie internetowej Serwisu.<\/p>\n\n\n\n<p><strong>6.&nbsp;&nbsp;&nbsp;&nbsp;&nbsp;&nbsp;&nbsp;&nbsp; KOMUNIKACJA MARKETINGOWA<\/strong><\/p>\n\n\n\n<p>6.1.&nbsp;&nbsp;&nbsp;&nbsp;&nbsp; Wyra\u017cenie zgodny podczas rejestracji konta w sklepie lub w p\u00f3\u017aniejszym czasie na otrzymywanie drog\u0105 mailow\u0105 bezp\u0142atnych informacji dotycz\u0105cych towar\u00f3w sklepu daje prawo Administratorowi do okresowego wysy\u0142ania u\u017cytkownikom Serwisu informacji o nowo\u015bciach, promocjach, wyprzeda\u017cach, konkursach, wydarzeniach lub ka\u017cdych innych informacji zwi\u0105zanych z dzia\u0142alno\u015bci\u0105 sklepu.<\/p>\n\n\n\n<p>6.2.&nbsp;&nbsp;&nbsp;&nbsp;&nbsp; Otrzymywanie w\/w maili mo\u017cna w ka\u017cdej chwili anulowa\u0107, poprzez:<\/p>\n\n\n\n<p>\u2022&nbsp;&nbsp;&nbsp;&nbsp;&nbsp;&nbsp;&nbsp;&nbsp;&nbsp; klikni\u0119cie na linku \u201ewypisz si\u0119\u201d, znajduj\u0105cym si\u0119 w ka\u017cdej przes\u0142anej wiadomo\u015bci elektronicznej. Rezygnacja z subskrypcji nie jest jednoznaczna z usuni\u0119ciem konta w Serwisie,<\/p>\n\n\n\n<p>\u2022&nbsp;&nbsp;&nbsp;&nbsp;&nbsp;&nbsp;&nbsp;&nbsp;&nbsp; wys\u0142anie pro\u015bby o wypisanie si\u0119 z mailingu na adres: sklep@handybizuteria.pl<\/p>\n\n\n\n<p>Aktualizacja bazy danych odbywa si\u0119 w cyklu dobowym, zatem wypisanie si\u0119 z mailingu mo\u017ce zaj\u0105\u0107 do 24h.<\/p>\n\n\n\n<p>6.3.&nbsp;&nbsp;&nbsp;&nbsp;&nbsp; Administrator zastrzega sobie prawo do:<\/p>\n\n\n\n<p>\u2022&nbsp;&nbsp;&nbsp;&nbsp;&nbsp;&nbsp;&nbsp;&nbsp;&nbsp; przesy\u0142ania za po\u015brednictwem maili reklam oraz informacji handlowych w rozumieniu ustawy z dnia 18 lipca 2002 r. o \u015bwiadczeniu us\u0142ug drog\u0105 elektroniczn\u0105 (Dz.U. Nr 144, Poz. 1204 z 2002 r.)<\/p>\n\n\n\n<p>\u2022&nbsp;&nbsp;&nbsp;&nbsp;&nbsp;&nbsp;&nbsp;&nbsp;&nbsp; chwilowego wy\u0142\u0105czenia us\u0142ugi mailingu ze wzgl\u0119d\u00f3w technicznych<\/p>\n\n\n\n<p>\u2022&nbsp;&nbsp;&nbsp;&nbsp;&nbsp;&nbsp;&nbsp;&nbsp;&nbsp; nieuargumentowanego zaprzestania \u015bwiadczenia us\u0142ugi mailingu po uprzednim powiadomieniu jego u\u017cytkownik\u00f3w<\/p>\n\n\n\n<p>\u2022&nbsp;&nbsp;&nbsp;&nbsp;&nbsp;&nbsp;&nbsp;&nbsp;&nbsp; usuni\u0119cia konta, kt\u00f3rego u\u017cytkownik naruszy\u0142 Regulamin Serwisu.<\/p>\n","protected":false},"excerpt":{"rendered":"<p>Polityka Prywatno\u015bci okre\u015bla zasady przechowywania i dost\u0119pu do informacji na urz\u0105dzeniach U\u017cytkownika za pomoc\u0105 plik\u00f3w Cookies, s\u0142u\u017c\u0105cych realizacji us\u0142ug \u015bwiadczonych drog\u0105 elektroniczn\u0105 \u017c\u0105danych przez U\u017cytkownika, przez W\u0142a\u015bciciela sklepu internetowego https:\/\/handybizuteria.pl\/ 1.&nbsp;&nbsp;&nbsp;&nbsp;&nbsp;&nbsp;&nbsp;&nbsp; DEFINICJE 1.1.\u00a0\u00a0\u00a0\u00a0\u00a0 Administrator &#8211; czyli Agnieszka Laufer jako osoba fizyczna prowadz\u0105ca Indywidualn\u0105 Dzia\u0142alno\u015b\u0107 Gospodarcz\u0105 (nr NIP 7261015530) zarejestrowan\u0105 pod adresem: \u0141\u00f3d\u017a 91-059, ul. Zgierska &hellip;<\/p>\n<p class=\"read-more\"> <a class=\"\" href=\"https:\/\/handybizuteria.pl\/index.php\/polityka-prywatnosci\/\"> <span class=\"screen-reader-text\">Polityka prywatno\u015bci<\/span> Czytaj dalej &raquo;<\/a><\/p>\n","protected":false},"author":1,"featured_media":0,"parent":0,"menu_order":0,"comment_status":"closed","ping_status":"closed","template":"","meta":{"_uag_custom_page_level_css":"","site-sidebar-layout":"default","site-content-layout":"default","ast-global-header-display":"","ast-banner-title-visibility":"","ast-main-header-display":"","ast-hfb-above-header-display":"","ast-hfb-below-header-display":"","ast-hfb-mobile-header-display":"","site-post-title":"","ast-breadcrumbs-content":"","ast-featured-img":"","footer-sml-layout":"","theme-transparent-header-meta":"default","adv-header-id-meta":"","stick-header-meta":"","header-above-stick-meta":"","header-main-stick-meta":"","header-below-stick-meta":"","footnotes":""},"class_list":["post-3","page","type-page","status-publish","hentry"],"yoast_head":"<!-- This site is optimized with the Yoast SEO plugin v26.3 - https:\/\/yoast.com\/wordpress\/plugins\/seo\/ -->\n<title>Polityka prywatno\u015bci - handybizuteria.pl - sklep z r\u0119cznie robion\u0105 bi\u017cuteri\u0105<\/title>\n<meta name=\"robots\" content=\"index, follow, max-snippet:-1, max-image-preview:large, max-video-preview:-1\" \/>\n<link rel=\"canonical\" href=\"https:\/\/handybizuteria.pl\/index.php\/polityka-prywatnosci\/\" \/>\n<meta property=\"og:locale\" content=\"pl_PL\" \/>\n<meta property=\"og:type\" content=\"article\" \/>\n<meta property=\"og:title\" content=\"Polityka prywatno\u015bci - handybizuteria.pl - sklep z r\u0119cznie robion\u0105 bi\u017cuteri\u0105\" \/>\n<meta property=\"og:description\" content=\"Polityka Prywatno\u015bci okre\u015bla zasady przechowywania i dost\u0119pu do informacji na urz\u0105dzeniach U\u017cytkownika za pomoc\u0105 plik\u00f3w Cookies, s\u0142u\u017c\u0105cych realizacji us\u0142ug \u015bwiadczonych drog\u0105 elektroniczn\u0105 \u017c\u0105danych przez U\u017cytkownika, przez W\u0142a\u015bciciela sklepu internetowego https:\/\/handybizuteria.pl\/ 1.&nbsp;&nbsp;&nbsp;&nbsp;&nbsp;&nbsp;&nbsp;&nbsp; DEFINICJE 1.1.\u00a0\u00a0\u00a0\u00a0\u00a0 Administrator &#8211; czyli Agnieszka Laufer jako osoba fizyczna prowadz\u0105ca Indywidualn\u0105 Dzia\u0142alno\u015b\u0107 Gospodarcz\u0105 (nr NIP 7261015530) zarejestrowan\u0105 pod adresem: \u0141\u00f3d\u017a 91-059, ul. Zgierska &hellip; Polityka prywatno\u015bci Czytaj dalej &raquo;\" \/>\n<meta property=\"og:url\" content=\"https:\/\/handybizuteria.pl\/index.php\/polityka-prywatnosci\/\" \/>\n<meta property=\"og:site_name\" content=\"handybizuteria.pl - sklep z r\u0119cznie robion\u0105 bi\u017cuteri\u0105\" \/>\n<meta property=\"article:modified_time\" content=\"2020-11-21T13:05:35+00:00\" \/>\n<meta name=\"twitter:card\" content=\"summary_large_image\" \/>\n<meta name=\"twitter:label1\" content=\"Szacowany czas czytania\" \/>\n\t<meta name=\"twitter:data1\" content=\"9 minut\" \/>\n<script type=\"application\/ld+json\" class=\"yoast-schema-graph\">{\"@context\":\"https:\/\/schema.org\",\"@graph\":[{\"@type\":\"WebPage\",\"@id\":\"https:\/\/handybizuteria.pl\/index.php\/polityka-prywatnosci\/\",\"url\":\"https:\/\/handybizuteria.pl\/index.php\/polityka-prywatnosci\/\",\"name\":\"Polityka prywatno\u015bci - handybizuteria.pl - sklep z r\u0119cznie robion\u0105 bi\u017cuteri\u0105\",\"isPartOf\":{\"@id\":\"https:\/\/handybizuteria.pl\/#website\"},\"datePublished\":\"2020-08-07T11:28:27+00:00\",\"dateModified\":\"2020-11-21T13:05:35+00:00\",\"breadcrumb\":{\"@id\":\"https:\/\/handybizuteria.pl\/index.php\/polityka-prywatnosci\/#breadcrumb\"},\"inLanguage\":\"pl-PL\",\"potentialAction\":[{\"@type\":\"ReadAction\",\"target\":[\"https:\/\/handybizuteria.pl\/index.php\/polityka-prywatnosci\/\"]}]},{\"@type\":\"BreadcrumbList\",\"@id\":\"https:\/\/handybizuteria.pl\/index.php\/polityka-prywatnosci\/#breadcrumb\",\"itemListElement\":[{\"@type\":\"ListItem\",\"position\":1,\"name\":\"Strona g\u0142\u00f3wna\",\"item\":\"https:\/\/handybizuteria.pl\/\"},{\"@type\":\"ListItem\",\"position\":2,\"name\":\"Polityka prywatno\u015bci\"}]},{\"@type\":\"WebSite\",\"@id\":\"https:\/\/handybizuteria.pl\/#website\",\"url\":\"https:\/\/handybizuteria.pl\/\",\"name\":\"handybizuteria.pl - sklep z r\u0119cznie robion\u0105 bi\u017cuteri\u0105\",\"description\":\"handybizuteria.pl - sklep z r\u0119cznie robion\u0105 bi\u017cuteri\u0105\",\"publisher\":{\"@id\":\"https:\/\/handybizuteria.pl\/#organization\"},\"potentialAction\":[{\"@type\":\"SearchAction\",\"target\":{\"@type\":\"EntryPoint\",\"urlTemplate\":\"https:\/\/handybizuteria.pl\/?s={search_term_string}\"},\"query-input\":{\"@type\":\"PropertyValueSpecification\",\"valueRequired\":true,\"valueName\":\"search_term_string\"}}],\"inLanguage\":\"pl-PL\"},{\"@type\":\"Organization\",\"@id\":\"https:\/\/handybizuteria.pl\/#organization\",\"name\":\"handybizuteria.pl - sklep z r\u0119cznie robion\u0105 bi\u017cuteri\u0105\",\"url\":\"https:\/\/handybizuteria.pl\/\",\"logo\":{\"@type\":\"ImageObject\",\"inLanguage\":\"pl-PL\",\"@id\":\"https:\/\/handybizuteria.pl\/#\/schema\/logo\/image\/\",\"url\":\"https:\/\/handybizuteria.pl\/wp-content\/uploads\/2020\/08\/cropped-handy-logo-full-black.png\",\"contentUrl\":\"https:\/\/handybizuteria.pl\/wp-content\/uploads\/2020\/08\/cropped-handy-logo-full-black.png\",\"width\":2379,\"height\":1605,\"caption\":\"handybizuteria.pl - sklep z r\u0119cznie robion\u0105 bi\u017cuteri\u0105\"},\"image\":{\"@id\":\"https:\/\/handybizuteria.pl\/#\/schema\/logo\/image\/\"}}]}<\/script>\n<!-- \/ Yoast SEO plugin. -->","yoast_head_json":{"title":"Polityka prywatno\u015bci - handybizuteria.pl - sklep z r\u0119cznie robion\u0105 bi\u017cuteri\u0105","robots":{"index":"index","follow":"follow","max-snippet":"max-snippet:-1","max-image-preview":"max-image-preview:large","max-video-preview":"max-video-preview:-1"},"canonical":"https:\/\/handybizuteria.pl\/index.php\/polityka-prywatnosci\/","og_locale":"pl_PL","og_type":"article","og_title":"Polityka prywatno\u015bci - handybizuteria.pl - sklep z r\u0119cznie robion\u0105 bi\u017cuteri\u0105","og_description":"Polityka Prywatno\u015bci okre\u015bla zasady przechowywania i dost\u0119pu do informacji na urz\u0105dzeniach U\u017cytkownika za pomoc\u0105 plik\u00f3w Cookies, s\u0142u\u017c\u0105cych realizacji us\u0142ug \u015bwiadczonych drog\u0105 elektroniczn\u0105 \u017c\u0105danych przez U\u017cytkownika, przez W\u0142a\u015bciciela sklepu internetowego https:\/\/handybizuteria.pl\/ 1.&nbsp;&nbsp;&nbsp;&nbsp;&nbsp;&nbsp;&nbsp;&nbsp; DEFINICJE 1.1.\u00a0\u00a0\u00a0\u00a0\u00a0 Administrator &#8211; czyli Agnieszka Laufer jako osoba fizyczna prowadz\u0105ca Indywidualn\u0105 Dzia\u0142alno\u015b\u0107 Gospodarcz\u0105 (nr NIP 7261015530) zarejestrowan\u0105 pod adresem: \u0141\u00f3d\u017a 91-059, ul. Zgierska &hellip; Polityka prywatno\u015bci Czytaj dalej &raquo;","og_url":"https:\/\/handybizuteria.pl\/index.php\/polityka-prywatnosci\/","og_site_name":"handybizuteria.pl - sklep z r\u0119cznie robion\u0105 bi\u017cuteri\u0105","article_modified_time":"2020-11-21T13:05:35+00:00","twitter_card":"summary_large_image","twitter_misc":{"Szacowany czas czytania":"9 minut"},"schema":{"@context":"https:\/\/schema.org","@graph":[{"@type":"WebPage","@id":"https:\/\/handybizuteria.pl\/index.php\/polityka-prywatnosci\/","url":"https:\/\/handybizuteria.pl\/index.php\/polityka-prywatnosci\/","name":"Polityka prywatno\u015bci - handybizuteria.pl - sklep z r\u0119cznie robion\u0105 bi\u017cuteri\u0105","isPartOf":{"@id":"https:\/\/handybizuteria.pl\/#website"},"datePublished":"2020-08-07T11:28:27+00:00","dateModified":"2020-11-21T13:05:35+00:00","breadcrumb":{"@id":"https:\/\/handybizuteria.pl\/index.php\/polityka-prywatnosci\/#breadcrumb"},"inLanguage":"pl-PL","potentialAction":[{"@type":"ReadAction","target":["https:\/\/handybizuteria.pl\/index.php\/polityka-prywatnosci\/"]}]},{"@type":"BreadcrumbList","@id":"https:\/\/handybizuteria.pl\/index.php\/polityka-prywatnosci\/#breadcrumb","itemListElement":[{"@type":"ListItem","position":1,"name":"Strona g\u0142\u00f3wna","item":"https:\/\/handybizuteria.pl\/"},{"@type":"ListItem","position":2,"name":"Polityka prywatno\u015bci"}]},{"@type":"WebSite","@id":"https:\/\/handybizuteria.pl\/#website","url":"https:\/\/handybizuteria.pl\/","name":"handybizuteria.pl - sklep z r\u0119cznie robion\u0105 bi\u017cuteri\u0105","description":"handybizuteria.pl - sklep z r\u0119cznie robion\u0105 bi\u017cuteri\u0105","publisher":{"@id":"https:\/\/handybizuteria.pl\/#organization"},"potentialAction":[{"@type":"SearchAction","target":{"@type":"EntryPoint","urlTemplate":"https:\/\/handybizuteria.pl\/?s={search_term_string}"},"query-input":{"@type":"PropertyValueSpecification","valueRequired":true,"valueName":"search_term_string"}}],"inLanguage":"pl-PL"},{"@type":"Organization","@id":"https:\/\/handybizuteria.pl\/#organization","name":"handybizuteria.pl - sklep z r\u0119cznie robion\u0105 bi\u017cuteri\u0105","url":"https:\/\/handybizuteria.pl\/","logo":{"@type":"ImageObject","inLanguage":"pl-PL","@id":"https:\/\/handybizuteria.pl\/#\/schema\/logo\/image\/","url":"https:\/\/handybizuteria.pl\/wp-content\/uploads\/2020\/08\/cropped-handy-logo-full-black.png","contentUrl":"https:\/\/handybizuteria.pl\/wp-content\/uploads\/2020\/08\/cropped-handy-logo-full-black.png","width":2379,"height":1605,"caption":"handybizuteria.pl - sklep z r\u0119cznie robion\u0105 bi\u017cuteri\u0105"},"image":{"@id":"https:\/\/handybizuteria.pl\/#\/schema\/logo\/image\/"}}]}},"uagb_featured_image_src":{"full":false,"thumbnail":false,"medium":false,"medium_large":false,"large":false,"1536x1536":false,"2048x2048":false,"woocommerce_thumbnail":false,"woocommerce_single":false,"woocommerce_gallery_thumbnail":false},"uagb_author_info":{"display_name":"admin","author_link":"https:\/\/handybizuteria.pl\/index.php\/author\/admin\/"},"uagb_comment_info":0,"uagb_excerpt":"Polityka Prywatno\u015bci okre\u015bla zasady przechowywania i dost\u0119pu do informacji na urz\u0105dzeniach U\u017cytkownika za pomoc\u0105 plik\u00f3w Cookies, s\u0142u\u017c\u0105cych realizacji us\u0142ug \u015bwiadczonych drog\u0105 elektroniczn\u0105 \u017c\u0105danych przez U\u017cytkownika, przez W\u0142a\u015bciciela sklepu internetowego https:\/\/handybizuteria.pl\/ 1.&nbsp;&nbsp;&nbsp;&nbsp;&nbsp;&nbsp;&nbsp;&nbsp; DEFINICJE 1.1.\u00a0\u00a0\u00a0\u00a0\u00a0 Administrator &#8211; czyli Agnieszka Laufer jako osoba fizyczna prowadz\u0105ca Indywidualn\u0105 Dzia\u0142alno\u015b\u0107 Gospodarcz\u0105 (nr NIP 7261015530) zarejestrowan\u0105 pod adresem: \u0141\u00f3d\u017a 91-059, ul. Zgierska&hellip;","_links":{"self":[{"href":"https:\/\/handybizuteria.pl\/index.php\/wp-json\/wp\/v2\/pages\/3","targetHints":{"allow":["GET"]}}],"collection":[{"href":"https:\/\/handybizuteria.pl\/index.php\/wp-json\/wp\/v2\/pages"}],"about":[{"href":"https:\/\/handybizuteria.pl\/index.php\/wp-json\/wp\/v2\/types\/page"}],"author":[{"embeddable":true,"href":"https:\/\/handybizuteria.pl\/index.php\/wp-json\/wp\/v2\/users\/1"}],"replies":[{"embeddable":true,"href":"https:\/\/handybizuteria.pl\/index.php\/wp-json\/wp\/v2\/comments?post=3"}],"version-history":[{"count":5,"href":"https:\/\/handybizuteria.pl\/index.php\/wp-json\/wp\/v2\/pages\/3\/revisions"}],"predecessor-version":[{"id":3147,"href":"https:\/\/handybizuteria.pl\/index.php\/wp-json\/wp\/v2\/pages\/3\/revisions\/3147"}],"wp:attachment":[{"href":"https:\/\/handybizuteria.pl\/index.php\/wp-json\/wp\/v2\/media?parent=3"}],"curies":[{"name":"wp","href":"https:\/\/api.w.org\/{rel}","templated":true}]}}