{"id":1345,"date":"2020-10-18T10:05:28","date_gmt":"2020-10-18T10:05:28","guid":{"rendered":"https:\/\/handybizuteria.pl\/?page_id=1345"},"modified":"2020-11-20T16:55:28","modified_gmt":"2020-11-20T16:55:28","slug":"wazne-informacje","status":"publish","type":"page","link":"https:\/\/handybizuteria.pl\/index.php\/wazne-informacje\/","title":{"rendered":"Wa\u017cne informacje"},"content":{"rendered":"\n<section class=\"wp-block-uagb-section uagb-section__wrap uagb-section__background-image uagb-block-99ac7b95\"><div class=\"uagb-section__overlay\"><\/div><div class=\"uagb-section__inner-wrap\">\n<div class=\"wp-block-uagb-advanced-heading uagb-block-5bbe4222\" id=\"uagb-adv-heading-271b994f-d6bd-4e15-8a80-8c2f84dae6fb\"><h1 class=\"uagb-heading-text\">Wa\u017cne informacje<\/h1><p class=\"uagb-desc-text\"><\/p><\/div>\n<\/div><\/section>\n\n\n\n<section class=\"wp-block-uagb-section uagb-section__wrap uagb-section__background-color uagb-block-c7e72a3e\"><div class=\"uagb-section__overlay\"><\/div><div class=\"uagb-section__inner-wrap\">\n<p><\/p>\n\n\n\n<h3 class=\"wp-block-heading\"><strong><span style=\"color:#cfb53b\" class=\"has-inline-color\">Zasady u\u017cytkowania bi\u017cuterii handy<\/span><\/strong><\/h3>\n\n\n\n<div class=\"wp-block-image is-style-default\"><figure class=\"alignright size-large is-resized\"><img loading=\"lazy\" decoding=\"async\" src=\"https:\/\/handybizuteria.pl\/wp-content\/uploads\/2020\/11\/image.png\" alt=\"\" class=\"wp-image-2615\" width=\"234\" height=\"230\"\/><\/figure><\/div>\n\n\n\n<ul class=\"wp-block-list\"><li><span class=\"has-inline-color has-black-color\">Bi\u017cuteri\u0119 nale\u017cy przechowywa\u0107 w suchym miejscu, najlepiej w odr\u0119bnym pude\u0142eczku<\/span><\/li><li><span class=\"has-inline-color has-vivid-red-color\"><strong>W \u017cadnym wypadku nie nale\u017cy dopuszcza\u0107 do kontaktu bi\u017cuterii z chemikaliami, nie nale\u017cy r\u00f3wnie\u017c bi\u017cuterii moczy\u0107, czy te\u017c doprowadza\u0107 do&nbsp;bezpo\u015bredniego kontaktu z myd\u0142em, kosmetykami i perfumami!<\/strong><\/span> <\/li><li><span class=\"has-inline-color has-black-color\">Zalecane jest \u015bci\u0105ganie bi\u017cuterii podczas uprawiania sportu, przed zabiegami kosmetycznymi, czy medycznymi, a tak\u017ce przed snem<\/span><\/li><li><span class=\"has-inline-color has-black-color\">Wszystkie modele wyposa\u017cone w <strong>zapi\u0119cia nale\u017cy rozpina\u0107 przed za\u0142o\u017ceniem lub zdj\u0119ciem<\/strong> <\/span><\/li><li><span class=\"has-inline-color has-black-color\"><strong>Z bi\u017cuteri\u0105 nale\u017cy obchodzi\u0107 si\u0119 delikatnie<\/strong>, gdy\u017c w przeciwie\u0144stwie do srebra czy z\u0142ota jest to produkt o wiele bardziej oryginalny, ale r\u00f3wnie\u017c mniej odporny na uszkodzenia, ni\u017c metale szlachetne.<\/span><\/li><\/ul>\n\n\n\n<p>Przy w\u0142a\u015bciwym sposobie u\u017cytkowania bi\u017cuteria b\u0119dzie s\u0142u\u017cy\u0107 przez lata i wygl\u0105da\u0107 pi\u0119knie.<\/p>\n\n\n\n<h3 class=\"wp-block-heading\"><strong><span style=\"color:#cfb53b\" class=\"has-inline-color\">Dodatkowe informacje (\u017cyczenia specjalne)<\/span><\/strong> <\/h3>\n\n\n\n<ul class=\"wp-block-list\"><li><strong><span style=\"color:#cfb53b\" class=\"has-inline-color\">ZMIANA ZAPI\u0118CIA\/BIGLI NA INNE<\/span><\/strong>     Je\u017celi podoba Ci sie jaki\u015b produkt, ale bardzo zale\u017cy Ci na tym , aby mia\u0142 stalowe, a nie metalowe zapi\u0119cie lub w przypadku kolczyk\u00f3w, aby bigle by\u0142y stalowe lub srebrne czy te\u017c, aby by\u0142y innego rodzaju to napisz prosz\u0119 zapytanie do mnie &#8211; jesli tylko w danej bizuterii mo\u017cliwa b\u0119dzie wymiana zapi\u0119cia\/bigli to postaram si\u0119 sprosta\u0107 wymaganiom.<\/li><\/ul>\n\n\n\n<ul class=\"wp-block-list\"><li><strong><span style=\"color:#cfb53b\" class=\"has-inline-color\">Z\u0141Y ROZMIAR  (za du\u017ce, za ma\u0142e)<\/span><\/strong>      Je\u015bli podoba Ci si\u0119 jaki\u015b produkt, ale rozmiar jest nieodpowiedni dla Ciebie (za du\u017cy lub za ma\u0142y) to r\u00f3wnie\u017c zapraszam do kontaktu &#8211; nie obiecuj\u0119, \u017ce za ka\u017cdym razem sprostam oczekiwaniom, ale na pewno odpowiem na zapytanie i postaram si\u0119 uszcz\u0119\u015bliwi\u0107.<\/li><\/ul>\n\n\n\n<ul class=\"wp-block-list\"><li><strong><span style=\"color:#cfb53b\" class=\"has-inline-color\">INNY KOLOR<\/span><\/strong>     Je\u015bli bardzo chcia\u0142aby\u015b\/chcia\u0142by\u015b mie\u0107 dany wyr\u00f3b w innym zestawie kolorystycznym, bo np. uwielbiasz wy\u0142\u0105cznie czer\u0144 i srebro w bizuterii, to zapraszam do kontaktu &#8211; generalnie tworz\u0119 pojedyncze, niepowtarzalne egzemplarze bi\u017cuterii, a nie powielaniem zgodnie z zam\u00f3wieniami okre\u015blnonego wzoru, ale czasem zdarza si\u0119, \u017ce mam w swojej kolekcji ju\u017c dany projekt w  okre\u015blonej kolorystyce lub na tyle spodoba mi si\u0119czyj\u015b pomys\u0142, \u017ce chc\u0119tnie zrobi\u0119 taki wz\u00f3r na zam\u00f3wienie.<\/li><\/ul>\n\n\n\n<ul class=\"wp-block-list\"><li><strong><span style=\"color:#cfb53b\" class=\"has-inline-color\">A MO\u017bE KOMPLET?<\/span><\/strong>     Je\u015bli spodoba\u0142 Ci si\u0119 jaki\u015b projekt (np. pier\u015bcionek, kolczyki, czy bransoletka) i pomy\u015blisz, \u017ce fajnie by\u0142oby mie\u0107 ca\u0142y zestaw bi\u017cuterii w podobnym stylu\/kolorystyce, a nie widzisz na stronie propozycji pasuj\u0105cego do kompletu produktu, to r\u00f3wnie\u017c zapraszam do kreatywno\u015bci i kontaktu. Cz\u0119sto takie pro\u015bby s\u0105 dla mnie inspiruj\u0105ce np. kiedy kto\u015b mnie prosi, abym zaprojektowa\u0142a jakie\u015b kolczyki pasuj\u0105ce np. do danego pier\u015bcionka\/bransoletki?<\/li><\/ul>\n\n\n\n<p><\/p>\n\n\n\n<h3 class=\"wp-block-heading\"><span style=\"color:#cfb53b\" class=\"has-inline-color\">Pier\u015bcionki &#8211; tabela rozmiar\u00f3w<\/span><\/h3>\n\n\n\n<figure class=\"wp-block-table alignleft is-style-regular\"><table class=\"has-subtle-light-gray-background-color has-background\"><thead><tr><th class=\"has-text-align-center\" data-align=\"center\">    <span style=\"color:#808080\" class=\"has-inline-color\"> Rozmiar<\/span>     <\/th><th class=\"has-text-align-center\" data-align=\"center\">     <span style=\"color:#808080\" class=\"has-inline-color\"> Obw\u00f3d [w mm]<\/span>  <\/th><\/tr><\/thead><tbody><tr><td class=\"has-text-align-center\" data-align=\"center\">         XXS<\/td><td class=\"has-text-align-center\" data-align=\"center\">            54-55<\/td><\/tr><tr><td class=\"has-text-align-center\" data-align=\"center\">          XS<\/td><td class=\"has-text-align-center\" data-align=\"center\">            56-57<\/td><\/tr><tr><td class=\"has-text-align-center\" data-align=\"center\">           S<\/td><td class=\"has-text-align-center\" data-align=\"center\">            58-59<\/td><\/tr><tr><td class=\"has-text-align-center\" data-align=\"center\">          M<\/td><td class=\"has-text-align-center\" data-align=\"center\">            60-61<\/td><\/tr><tr><td class=\"has-text-align-center\" data-align=\"center\">           L<\/td><td class=\"has-text-align-center\" data-align=\"center\">            62-63<\/td><\/tr><tr><td class=\"has-text-align-center\" data-align=\"center\">          XL<\/td><td class=\"has-text-align-center\" data-align=\"center\">            64-65<\/td><\/tr><tr><td class=\"has-text-align-center\" data-align=\"center\">         XXL<\/td><td class=\"has-text-align-center\" data-align=\"center\">            66-67<\/td><\/tr><\/tbody><\/table><\/figure>\n\n\n\n<h3 class=\"wp-block-heading\">Regulamin i polityka prywatno\u015bci<\/h3>\n\n\n\n<p>Regulamin sklepu jest dost\u0119pny <a href=\"https:\/\/handybizuteria.pl\/index.php\/regulamin\/\" target=\"_blank\" rel=\"noreferrer noopener\">na tej stronie<\/a>, z kolei polityk\u0119 prywatno\u015bci mo\u017cna sprawdzi\u0107 <a href=\"https:\/\/handybizuteria.pl\/index.php\/polityka-prywatnosci\/\" target=\"_blank\" rel=\"noreferrer noopener\">w tym miejscu<\/a>.<\/p>\n<\/div><\/section>\n\n\n\n<section class=\"wp-block-uagb-section uagb-section__wrap uagb-section__background-image uagb-block-6ec0d071\"><div class=\"uagb-section__overlay\"><\/div><div class=\"uagb-section__inner-wrap\">\n<p><\/p>\n<\/div><\/section>\n\n\n\n<p><\/p>\n","protected":false},"excerpt":{"rendered":"","protected":false},"author":1,"featured_media":0,"parent":0,"menu_order":0,"comment_status":"closed","ping_status":"closed","template":"","meta":{"_uag_custom_page_level_css":"","site-sidebar-layout":"no-sidebar","site-content-layout":"page-builder","ast-global-header-display":"","ast-banner-title-visibility":"","ast-main-header-display":"","ast-hfb-above-header-display":"","ast-hfb-below-header-display":"","ast-hfb-mobile-header-display":"","site-post-title":"disabled","ast-breadcrumbs-content":"","ast-featured-img":"disabled","footer-sml-layout":"","theme-transparent-header-meta":"enabled","adv-header-id-meta":"","stick-header-meta":"","header-above-stick-meta":"","header-main-stick-meta":"","header-below-stick-meta":"","footnotes":""},"class_list":["post-1345","page","type-page","status-publish","hentry"],"yoast_head":"<!-- This site is optimized with the Yoast SEO plugin v26.3 - https:\/\/yoast.com\/wordpress\/plugins\/seo\/ -->\n<title>Wa\u017cne informacje - handybizuteria.pl - sklep z r\u0119cznie robion\u0105 bi\u017cuteri\u0105<\/title>\n<meta name=\"robots\" content=\"index, follow, max-snippet:-1, max-image-preview:large, max-video-preview:-1\" \/>\n<link rel=\"canonical\" href=\"https:\/\/handybizuteria.pl\/index.php\/wazne-informacje\/\" \/>\n<meta property=\"og:locale\" content=\"pl_PL\" \/>\n<meta property=\"og:type\" content=\"article\" \/>\n<meta property=\"og:title\" content=\"Wa\u017cne informacje - handybizuteria.pl - sklep z r\u0119cznie robion\u0105 bi\u017cuteri\u0105\" \/>\n<meta property=\"og:url\" content=\"https:\/\/handybizuteria.pl\/index.php\/wazne-informacje\/\" \/>\n<meta property=\"og:site_name\" content=\"handybizuteria.pl - sklep z r\u0119cznie robion\u0105 bi\u017cuteri\u0105\" \/>\n<meta property=\"article:modified_time\" content=\"2020-11-20T16:55:28+00:00\" \/>\n<meta property=\"og:image\" content=\"https:\/\/handybizuteria.pl\/wp-content\/uploads\/2020\/11\/image.png\" \/>\n<meta name=\"twitter:card\" content=\"summary_large_image\" \/>\n<meta name=\"twitter:label1\" content=\"Szacowany czas czytania\" \/>\n\t<meta name=\"twitter:data1\" content=\"2 minuty\" \/>\n<script type=\"application\/ld+json\" class=\"yoast-schema-graph\">{\"@context\":\"https:\/\/schema.org\",\"@graph\":[{\"@type\":\"WebPage\",\"@id\":\"https:\/\/handybizuteria.pl\/index.php\/wazne-informacje\/\",\"url\":\"https:\/\/handybizuteria.pl\/index.php\/wazne-informacje\/\",\"name\":\"Wa\u017cne informacje - handybizuteria.pl - sklep z r\u0119cznie robion\u0105 bi\u017cuteri\u0105\",\"isPartOf\":{\"@id\":\"https:\/\/handybizuteria.pl\/#website\"},\"primaryImageOfPage\":{\"@id\":\"https:\/\/handybizuteria.pl\/index.php\/wazne-informacje\/#primaryimage\"},\"image\":{\"@id\":\"https:\/\/handybizuteria.pl\/index.php\/wazne-informacje\/#primaryimage\"},\"thumbnailUrl\":\"https:\/\/handybizuteria.pl\/wp-content\/uploads\/2020\/11\/image.png\",\"datePublished\":\"2020-10-18T10:05:28+00:00\",\"dateModified\":\"2020-11-20T16:55:28+00:00\",\"breadcrumb\":{\"@id\":\"https:\/\/handybizuteria.pl\/index.php\/wazne-informacje\/#breadcrumb\"},\"inLanguage\":\"pl-PL\",\"potentialAction\":[{\"@type\":\"ReadAction\",\"target\":[\"https:\/\/handybizuteria.pl\/index.php\/wazne-informacje\/\"]}]},{\"@type\":\"ImageObject\",\"inLanguage\":\"pl-PL\",\"@id\":\"https:\/\/handybizuteria.pl\/index.php\/wazne-informacje\/#primaryimage\",\"url\":\"https:\/\/handybizuteria.pl\/wp-content\/uploads\/2020\/11\/image.png\",\"contentUrl\":\"https:\/\/handybizuteria.pl\/wp-content\/uploads\/2020\/11\/image.png\",\"width\":408,\"height\":398},{\"@type\":\"BreadcrumbList\",\"@id\":\"https:\/\/handybizuteria.pl\/index.php\/wazne-informacje\/#breadcrumb\",\"itemListElement\":[{\"@type\":\"ListItem\",\"position\":1,\"name\":\"Strona g\u0142\u00f3wna\",\"item\":\"https:\/\/handybizuteria.pl\/\"},{\"@type\":\"ListItem\",\"position\":2,\"name\":\"Wa\u017cne informacje\"}]},{\"@type\":\"WebSite\",\"@id\":\"https:\/\/handybizuteria.pl\/#website\",\"url\":\"https:\/\/handybizuteria.pl\/\",\"name\":\"handybizuteria.pl - sklep z r\u0119cznie robion\u0105 bi\u017cuteri\u0105\",\"description\":\"handybizuteria.pl - sklep z r\u0119cznie robion\u0105 bi\u017cuteri\u0105\",\"publisher\":{\"@id\":\"https:\/\/handybizuteria.pl\/#organization\"},\"potentialAction\":[{\"@type\":\"SearchAction\",\"target\":{\"@type\":\"EntryPoint\",\"urlTemplate\":\"https:\/\/handybizuteria.pl\/?s={search_term_string}\"},\"query-input\":{\"@type\":\"PropertyValueSpecification\",\"valueRequired\":true,\"valueName\":\"search_term_string\"}}],\"inLanguage\":\"pl-PL\"},{\"@type\":\"Organization\",\"@id\":\"https:\/\/handybizuteria.pl\/#organization\",\"name\":\"handybizuteria.pl - sklep z r\u0119cznie robion\u0105 bi\u017cuteri\u0105\",\"url\":\"https:\/\/handybizuteria.pl\/\",\"logo\":{\"@type\":\"ImageObject\",\"inLanguage\":\"pl-PL\",\"@id\":\"https:\/\/handybizuteria.pl\/#\/schema\/logo\/image\/\",\"url\":\"https:\/\/handybizuteria.pl\/wp-content\/uploads\/2020\/08\/cropped-handy-logo-full-black.png\",\"contentUrl\":\"https:\/\/handybizuteria.pl\/wp-content\/uploads\/2020\/08\/cropped-handy-logo-full-black.png\",\"width\":2379,\"height\":1605,\"caption\":\"handybizuteria.pl - sklep z r\u0119cznie robion\u0105 bi\u017cuteri\u0105\"},\"image\":{\"@id\":\"https:\/\/handybizuteria.pl\/#\/schema\/logo\/image\/\"}}]}<\/script>\n<!-- \/ Yoast SEO plugin. -->","yoast_head_json":{"title":"Wa\u017cne informacje - handybizuteria.pl - sklep z r\u0119cznie robion\u0105 bi\u017cuteri\u0105","robots":{"index":"index","follow":"follow","max-snippet":"max-snippet:-1","max-image-preview":"max-image-preview:large","max-video-preview":"max-video-preview:-1"},"canonical":"https:\/\/handybizuteria.pl\/index.php\/wazne-informacje\/","og_locale":"pl_PL","og_type":"article","og_title":"Wa\u017cne informacje - handybizuteria.pl - sklep z r\u0119cznie robion\u0105 bi\u017cuteri\u0105","og_url":"https:\/\/handybizuteria.pl\/index.php\/wazne-informacje\/","og_site_name":"handybizuteria.pl - sklep z r\u0119cznie robion\u0105 bi\u017cuteri\u0105","article_modified_time":"2020-11-20T16:55:28+00:00","og_image":[{"url":"https:\/\/handybizuteria.pl\/wp-content\/uploads\/2020\/11\/image.png","type":"","width":"","height":""}],"twitter_card":"summary_large_image","twitter_misc":{"Szacowany czas czytania":"2 minuty"},"schema":{"@context":"https:\/\/schema.org","@graph":[{"@type":"WebPage","@id":"https:\/\/handybizuteria.pl\/index.php\/wazne-informacje\/","url":"https:\/\/handybizuteria.pl\/index.php\/wazne-informacje\/","name":"Wa\u017cne informacje - handybizuteria.pl - sklep z r\u0119cznie robion\u0105 bi\u017cuteri\u0105","isPartOf":{"@id":"https:\/\/handybizuteria.pl\/#website"},"primaryImageOfPage":{"@id":"https:\/\/handybizuteria.pl\/index.php\/wazne-informacje\/#primaryimage"},"image":{"@id":"https:\/\/handybizuteria.pl\/index.php\/wazne-informacje\/#primaryimage"},"thumbnailUrl":"https:\/\/handybizuteria.pl\/wp-content\/uploads\/2020\/11\/image.png","datePublished":"2020-10-18T10:05:28+00:00","dateModified":"2020-11-20T16:55:28+00:00","breadcrumb":{"@id":"https:\/\/handybizuteria.pl\/index.php\/wazne-informacje\/#breadcrumb"},"inLanguage":"pl-PL","potentialAction":[{"@type":"ReadAction","target":["https:\/\/handybizuteria.pl\/index.php\/wazne-informacje\/"]}]},{"@type":"ImageObject","inLanguage":"pl-PL","@id":"https:\/\/handybizuteria.pl\/index.php\/wazne-informacje\/#primaryimage","url":"https:\/\/handybizuteria.pl\/wp-content\/uploads\/2020\/11\/image.png","contentUrl":"https:\/\/handybizuteria.pl\/wp-content\/uploads\/2020\/11\/image.png","width":408,"height":398},{"@type":"BreadcrumbList","@id":"https:\/\/handybizuteria.pl\/index.php\/wazne-informacje\/#breadcrumb","itemListElement":[{"@type":"ListItem","position":1,"name":"Strona g\u0142\u00f3wna","item":"https:\/\/handybizuteria.pl\/"},{"@type":"ListItem","position":2,"name":"Wa\u017cne informacje"}]},{"@type":"WebSite","@id":"https:\/\/handybizuteria.pl\/#website","url":"https:\/\/handybizuteria.pl\/","name":"handybizuteria.pl - sklep z r\u0119cznie robion\u0105 bi\u017cuteri\u0105","description":"handybizuteria.pl - sklep z r\u0119cznie robion\u0105 bi\u017cuteri\u0105","publisher":{"@id":"https:\/\/handybizuteria.pl\/#organization"},"potentialAction":[{"@type":"SearchAction","target":{"@type":"EntryPoint","urlTemplate":"https:\/\/handybizuteria.pl\/?s={search_term_string}"},"query-input":{"@type":"PropertyValueSpecification","valueRequired":true,"valueName":"search_term_string"}}],"inLanguage":"pl-PL"},{"@type":"Organization","@id":"https:\/\/handybizuteria.pl\/#organization","name":"handybizuteria.pl - sklep z r\u0119cznie robion\u0105 bi\u017cuteri\u0105","url":"https:\/\/handybizuteria.pl\/","logo":{"@type":"ImageObject","inLanguage":"pl-PL","@id":"https:\/\/handybizuteria.pl\/#\/schema\/logo\/image\/","url":"https:\/\/handybizuteria.pl\/wp-content\/uploads\/2020\/08\/cropped-handy-logo-full-black.png","contentUrl":"https:\/\/handybizuteria.pl\/wp-content\/uploads\/2020\/08\/cropped-handy-logo-full-black.png","width":2379,"height":1605,"caption":"handybizuteria.pl - sklep z r\u0119cznie robion\u0105 bi\u017cuteri\u0105"},"image":{"@id":"https:\/\/handybizuteria.pl\/#\/schema\/logo\/image\/"}}]}},"uagb_featured_image_src":{"full":false,"thumbnail":false,"medium":false,"medium_large":false,"large":false,"1536x1536":false,"2048x2048":false,"woocommerce_thumbnail":false,"woocommerce_single":false,"woocommerce_gallery_thumbnail":false},"uagb_author_info":{"display_name":"admin","author_link":"https:\/\/handybizuteria.pl\/index.php\/author\/admin\/"},"uagb_comment_info":0,"uagb_excerpt":null,"_links":{"self":[{"href":"https:\/\/handybizuteria.pl\/index.php\/wp-json\/wp\/v2\/pages\/1345","targetHints":{"allow":["GET"]}}],"collection":[{"href":"https:\/\/handybizuteria.pl\/index.php\/wp-json\/wp\/v2\/pages"}],"about":[{"href":"https:\/\/handybizuteria.pl\/index.php\/wp-json\/wp\/v2\/types\/page"}],"author":[{"embeddable":true,"href":"https:\/\/handybizuteria.pl\/index.php\/wp-json\/wp\/v2\/users\/1"}],"replies":[{"embeddable":true,"href":"https:\/\/handybizuteria.pl\/index.php\/wp-json\/wp\/v2\/comments?post=1345"}],"version-history":[{"count":50,"href":"https:\/\/handybizuteria.pl\/index.php\/wp-json\/wp\/v2\/pages\/1345\/revisions"}],"predecessor-version":[{"id":3053,"href":"https:\/\/handybizuteria.pl\/index.php\/wp-json\/wp\/v2\/pages\/1345\/revisions\/3053"}],"wp:attachment":[{"href":"https:\/\/handybizuteria.pl\/index.php\/wp-json\/wp\/v2\/media?parent=1345"}],"curies":[{"name":"wp","href":"https:\/\/api.w.org\/{rel}","templated":true}]}}